{"id":7821,"date":"2025-10-24T09:53:56","date_gmt":"2025-10-24T07:53:56","guid":{"rendered":"https:\/\/aist.fh-hagenberg.at\/?page_id=7821"},"modified":"2025-10-28T13:55:52","modified_gmt":"2025-10-28T12:55:52","slug":"buildpilot","status":"publish","type":"page","link":"https:\/\/aist.fh-hagenberg.at\/index.php\/de\/projekte\/buildpilot","title":{"rendered":"BuildPilot"},"content":{"rendered":"\t\t<div data-elementor-type=\"wp-page\" data-elementor-id=\"7821\" class=\"elementor elementor-7821\">\n\t\t\t\t\t\t<section class=\"elementor-section elementor-top-section elementor-element elementor-element-50fcf3bd elementor-section-boxed elementor-section-height-default elementor-section-height-default\" data-id=\"50fcf3bd\" data-element_type=\"section\" data-settings=\"{&quot;background_background&quot;:&quot;classic&quot;,&quot;animation&quot;:&quot;none&quot;}\">\n\t\t\t\t\t\t\t<div class=\"elementor-background-overlay\"><\/div>\n\t\t\t\t\t\t\t<div class=\"elementor-container elementor-column-gap-default\">\n\t\t\t\t\t<div class=\"elementor-column elementor-col-100 elementor-top-column elementor-element elementor-element-1c08e4a5\" data-id=\"1c08e4a5\" data-element_type=\"column\">\n\t\t\t<div class=\"elementor-widget-wrap elementor-element-populated\">\n\t\t\t\t\t\t<div class=\"elementor-element elementor-element-74a1cd0e elementor-widget elementor-widget-image\" data-id=\"74a1cd0e\" data-element_type=\"widget\" data-widget_type=\"image.default\">\n\t\t\t\t<div class=\"elementor-widget-container\">\n\t\t\t\t\t\t\t\t\t\t\t\t\t\t\t<img decoding=\"async\" width=\"150\" height=\"150\" src=\"https:\/\/aist.fh-hagenberg.at\/wp-content\/uploads\/2025\/10\/monto-1-150x150.png\" class=\"attachment-thumbnail size-thumbnail wp-image-7867\" alt=\"\" srcset=\"https:\/\/aist.fh-hagenberg.at\/wp-content\/uploads\/2025\/10\/monto-1-150x150.png 150w, https:\/\/aist.fh-hagenberg.at\/wp-content\/uploads\/2025\/10\/monto-1-300x300.png 300w, https:\/\/aist.fh-hagenberg.at\/wp-content\/uploads\/2025\/10\/monto-1-360x360.png 360w, https:\/\/aist.fh-hagenberg.at\/wp-content\/uploads\/2025\/10\/monto-1.png 500w\" sizes=\"(max-width: 150px) 100vw, 150px\" \/>\t\t\t\t\t\t\t\t\t\t\t\t\t\t\t<\/div>\n\t\t\t\t<\/div>\n\t\t\t\t\t<\/div>\n\t\t<\/div>\n\t\t\t\t\t<\/div>\n\t\t<\/section>\n\t\t\t\t<section class=\"elementor-section elementor-top-section elementor-element elementor-element-6d6dd479 elementor-section-boxed elementor-section-height-default elementor-section-height-default\" data-id=\"6d6dd479\" data-element_type=\"section\">\n\t\t\t\t\t\t<div class=\"elementor-container elementor-column-gap-default\">\n\t\t\t\t\t<div class=\"elementor-column elementor-col-100 elementor-top-column elementor-element elementor-element-6fbc6870\" data-id=\"6fbc6870\" data-element_type=\"column\">\n\t\t\t<div class=\"elementor-widget-wrap elementor-element-populated\">\n\t\t\t\t\t\t<div class=\"elementor-element elementor-element-51394c40 elementor-widget elementor-widget-text-editor\" data-id=\"51394c40\" data-element_type=\"widget\" data-widget_type=\"text-editor.default\">\n\t\t\t\t<div class=\"elementor-widget-container\">\n\t\t\t\t\t\t\t\t\t<p data-start=\"43\" data-end=\"434\">Wir unters\u00fctzen die Monto Tech GmbH im Projekt BuildPilot bei der Entwicklung eines Systems zur automatisierten Erstellung und Qualit\u00e4tssicherung von Software mithilfe generativer k\u00fcnstlicher Intelligenz. Ziel ist es, kleinen und mittleren Unternehmen die M\u00f6glichkeit zu geben, individuelle Softwarel\u00f6sungen ohne eigenes Entwicklerteam zu erstellen.<\/p><p data-start=\"436\" data-end=\"846\">Kern des Projekts ist die automatische Generierung von Anwendungscode und zugeh\u00f6rigen Tests durch Large Language Models (LLMs). Der Code wird anschlie\u00dfend mit Tools wie <em data-start=\"609\" data-end=\"620\">SonarQube<\/em> analysiert und in einen Continuous-Integration-Workflow eingebunden. Ein Feedback-Loop erzeugt auf Basis der Analyseberichte verbesserte Prompts, um Codequalit\u00e4t, Testabdeckung und Sicherheit iterativ zu optimieren.<\/p><p data-start=\"848\" data-end=\"1198\">Besonderes Augenmerk liegt auf der Nutzung lokal gehosteter Open-Weight-Modelle (z. B. <em data-start=\"939\" data-end=\"948\">Mistral<\/em>, <em data-start=\"950\" data-end=\"957\">LLaMA<\/em>), um Datenschutz und Datensouver\u00e4nit\u00e4t sicherzustellen. Forschungsschwerpunkte sind die Entwicklung neuartiger Prompt-Engineering-Strategien, die Evaluation der Testqualit\u00e4t und die Integration von LLMs in klassische Entwicklungsprozesse.<\/p>\t\t\t\t\t\t\t\t<\/div>\n\t\t\t\t<\/div>\n\t\t\t\t<div class=\"elementor-element elementor-element-6cf06c73 elementor-widget-divider--separator-type-pattern elementor-widget-divider--view-line elementor-widget elementor-widget-divider\" data-id=\"6cf06c73\" data-element_type=\"widget\" data-widget_type=\"divider.default\">\n\t\t\t\t<div class=\"elementor-widget-container\">\n\t\t\t\t\t\t\t<div class=\"elementor-divider\" style=\"--divider-pattern-url: url(&quot;data:image\/svg+xml,%3Csvg xmlns=&#039;http:\/\/www.w3.org\/2000\/svg&#039; preserveAspectRatio=&#039;none&#039; overflow=&#039;visible&#039; height=&#039;100%&#039; viewBox=&#039;0 0 24 24&#039; fill=&#039;none&#039; stroke=&#039;black&#039; stroke-width=&#039;1&#039; stroke-linecap=&#039;square&#039; stroke-miterlimit=&#039;10&#039;%3E%3Cpolyline points=&#039;0,18 12,6 24,18 &#039;\/%3E%3C\/svg%3E&quot;);\">\n\t\t\t<span class=\"elementor-divider-separator\">\n\t\t\t\t\t\t<\/span>\n\t\t<\/div>\n\t\t\t\t\t\t<\/div>\n\t\t\t\t<\/div>\n\t\t\t\t<div class=\"elementor-element elementor-element-1fee69b0 elementor-widget elementor-widget-text-editor\" data-id=\"1fee69b0\" data-element_type=\"widget\" data-widget_type=\"text-editor.default\">\n\t\t\t\t<div class=\"elementor-widget-container\">\n\t\t\t\t\t\t\t\t\t<p><strong>Laufzeit:\u00a0<\/strong>01.08.2025 &#8211; 31.10.2028<br \/><strong>Partner:\u00a0 <\/strong>Monto Tech GmbH<br \/><strong>F\u00f6rdergeber\/-programm:\u00a0<\/strong>Land Ober\u00f6sterreich &#8211; easy2research<\/p>\t\t\t\t\t\t\t\t<\/div>\n\t\t\t\t<\/div>\n\t\t\t\t\t<\/div>\n\t\t<\/div>\n\t\t\t\t\t<\/div>\n\t\t<\/section>\n\t\t\t\t<\/div>\n\t\t","protected":false},"excerpt":{"rendered":"<p>Wir unters\u00fctzen die Monto Tech GmbH im Projekt BuildPilot bei der Entwicklung eines Systems zur automatisierten Erstellung und Qualit\u00e4tssicherung von [&hellip;]<\/p>\n","protected":false},"author":10,"featured_media":0,"parent":30,"menu_order":0,"comment_status":"closed","ping_status":"closed","template":"","meta":{"footnotes":""},"tags":[],"class_list":["post-7821","page","type-page","status-publish","hentry","col-lg-4 col-md-6"],"_links":{"self":[{"href":"https:\/\/aist.fh-hagenberg.at\/index.php\/wp-json\/wp\/v2\/pages\/7821","targetHints":{"allow":["GET"]}}],"collection":[{"href":"https:\/\/aist.fh-hagenberg.at\/index.php\/wp-json\/wp\/v2\/pages"}],"about":[{"href":"https:\/\/aist.fh-hagenberg.at\/index.php\/wp-json\/wp\/v2\/types\/page"}],"author":[{"embeddable":true,"href":"https:\/\/aist.fh-hagenberg.at\/index.php\/wp-json\/wp\/v2\/users\/10"}],"replies":[{"embeddable":true,"href":"https:\/\/aist.fh-hagenberg.at\/index.php\/wp-json\/wp\/v2\/comments?post=7821"}],"version-history":[{"count":7,"href":"https:\/\/aist.fh-hagenberg.at\/index.php\/wp-json\/wp\/v2\/pages\/7821\/revisions"}],"predecessor-version":[{"id":7873,"href":"https:\/\/aist.fh-hagenberg.at\/index.php\/wp-json\/wp\/v2\/pages\/7821\/revisions\/7873"}],"up":[{"embeddable":true,"href":"https:\/\/aist.fh-hagenberg.at\/index.php\/wp-json\/wp\/v2\/pages\/30"}],"wp:attachment":[{"href":"https:\/\/aist.fh-hagenberg.at\/index.php\/wp-json\/wp\/v2\/media?parent=7821"}],"wp:term":[{"taxonomy":"post_tag","embeddable":true,"href":"https:\/\/aist.fh-hagenberg.at\/index.php\/wp-json\/wp\/v2\/tags?post=7821"}],"curies":[{"name":"wp","href":"https:\/\/api.w.org\/{rel}","templated":true}]}}