{"id":7811,"date":"2025-10-24T09:49:00","date_gmt":"2025-10-24T07:49:00","guid":{"rendered":"https:\/\/aist.fh-hagenberg.at\/?page_id=7811"},"modified":"2025-10-24T09:50:37","modified_gmt":"2025-10-24T07:50:37","slug":"feedbackloop","status":"publish","type":"page","link":"https:\/\/aist.fh-hagenberg.at\/index.php\/de\/projekte\/feedbackloop","title":{"rendered":"Feedbackloop"},"content":{"rendered":"\t\t<div data-elementor-type=\"wp-page\" data-elementor-id=\"7811\" class=\"elementor elementor-7811\">\n\t\t\t\t\t\t<section class=\"elementor-section elementor-top-section elementor-element elementor-element-43580886 elementor-section-boxed elementor-section-height-default elementor-section-height-default\" data-id=\"43580886\" data-element_type=\"section\" data-settings=\"{&quot;background_background&quot;:&quot;classic&quot;,&quot;animation&quot;:&quot;none&quot;}\">\n\t\t\t\t\t\t\t<div class=\"elementor-background-overlay\"><\/div>\n\t\t\t\t\t\t\t<div class=\"elementor-container elementor-column-gap-default\">\n\t\t\t\t\t<div class=\"elementor-column elementor-col-100 elementor-top-column elementor-element elementor-element-55befc4a\" data-id=\"55befc4a\" data-element_type=\"column\">\n\t\t\t<div class=\"elementor-widget-wrap elementor-element-populated\">\n\t\t\t\t\t\t<div class=\"elementor-element elementor-element-571c9156 elementor-widget elementor-widget-image\" data-id=\"571c9156\" data-element_type=\"widget\" data-widget_type=\"image.default\">\n\t\t\t\t<div class=\"elementor-widget-container\">\n\t\t\t\t\t\t\t\t\t\t\t\t\t\t\t<img decoding=\"async\" width=\"150\" height=\"150\" src=\"https:\/\/aist.fh-hagenberg.at\/wp-content\/uploads\/2025\/10\/catchgoal-150x150.png\" class=\"attachment-thumbnail size-thumbnail wp-image-7810\" alt=\"\" srcset=\"https:\/\/aist.fh-hagenberg.at\/wp-content\/uploads\/2025\/10\/catchgoal-150x150.png 150w, https:\/\/aist.fh-hagenberg.at\/wp-content\/uploads\/2025\/10\/catchgoal-300x300.png 300w, https:\/\/aist.fh-hagenberg.at\/wp-content\/uploads\/2025\/10\/catchgoal-360x360.png 360w, https:\/\/aist.fh-hagenberg.at\/wp-content\/uploads\/2025\/10\/elementor\/thumbs\/catchgoal-rdo3oz8dkf5lekwhhr2ze4bjh9zdey1tdco0al1nf4.png 200w, https:\/\/aist.fh-hagenberg.at\/wp-content\/uploads\/2025\/10\/catchgoal.png 500w\" sizes=\"(max-width: 150px) 100vw, 150px\" \/>\t\t\t\t\t\t\t\t\t\t\t\t\t\t\t<\/div>\n\t\t\t\t<\/div>\n\t\t\t\t\t<\/div>\n\t\t<\/div>\n\t\t\t\t\t<\/div>\n\t\t<\/section>\n\t\t\t\t<section class=\"elementor-section elementor-top-section elementor-element elementor-element-25881f06 elementor-section-boxed elementor-section-height-default elementor-section-height-default\" data-id=\"25881f06\" data-element_type=\"section\">\n\t\t\t\t\t\t<div class=\"elementor-container elementor-column-gap-default\">\n\t\t\t\t\t<div class=\"elementor-column elementor-col-100 elementor-top-column elementor-element elementor-element-2e04d967\" data-id=\"2e04d967\" data-element_type=\"column\">\n\t\t\t<div class=\"elementor-widget-wrap elementor-element-populated\">\n\t\t\t\t\t\t<div class=\"elementor-element elementor-element-50dc724c elementor-widget elementor-widget-text-editor\" data-id=\"50dc724c\" data-element_type=\"widget\" data-widget_type=\"text-editor.default\">\n\t\t\t\t<div class=\"elementor-widget-container\">\n\t\t\t\t\t\t\t\t\t<p data-start=\"103\" data-end=\"387\">Wir unters\u00fctzen die CatchGoal GmbH bei der Weiterentwicklung ihres Matching-Systems, das Gr\u00fcnder:innen und KMUs mit passenden Expert:innen vernetzt. Ziel ist es, die Transparenz, Anpassungsf\u00e4higkeit und Qualit\u00e4t des Algorithmus zu erh\u00f6hen.<\/p><p data-start=\"389\" data-end=\"806\">Kern des Projekts ist die Entwicklung eines erkl\u00e4rbaren, lernf\u00e4higen Matching-Algorithmus mit integriertem Feedbackloop, der Nutzerfeedback automatisch erfasst, analysiert und in zuk\u00fcnftige Empfehlungen einflie\u00dfen l\u00e4sst. Zudem sollen synthetische Trainingsdaten erstellt werden, um die Datenbasis zu erweitern und auch seltene Szenarien\u00a0 abzubilden.<\/p>\t\t\t\t\t\t\t\t<\/div>\n\t\t\t\t<\/div>\n\t\t\t\t<div class=\"elementor-element elementor-element-7002aecf elementor-widget-divider--separator-type-pattern elementor-widget-divider--view-line elementor-widget elementor-widget-divider\" data-id=\"7002aecf\" data-element_type=\"widget\" data-widget_type=\"divider.default\">\n\t\t\t\t<div class=\"elementor-widget-container\">\n\t\t\t\t\t\t\t<div class=\"elementor-divider\" style=\"--divider-pattern-url: url(&quot;data:image\/svg+xml,%3Csvg xmlns=&#039;http:\/\/www.w3.org\/2000\/svg&#039; preserveAspectRatio=&#039;none&#039; overflow=&#039;visible&#039; height=&#039;100%&#039; viewBox=&#039;0 0 24 24&#039; fill=&#039;none&#039; stroke=&#039;black&#039; stroke-width=&#039;1&#039; stroke-linecap=&#039;square&#039; stroke-miterlimit=&#039;10&#039;%3E%3Cpolyline points=&#039;0,18 12,6 24,18 &#039;\/%3E%3C\/svg%3E&quot;);\">\n\t\t\t<span class=\"elementor-divider-separator\">\n\t\t\t\t\t\t<\/span>\n\t\t<\/div>\n\t\t\t\t\t\t<\/div>\n\t\t\t\t<\/div>\n\t\t\t\t<div class=\"elementor-element elementor-element-1c031382 elementor-widget elementor-widget-text-editor\" data-id=\"1c031382\" data-element_type=\"widget\" data-widget_type=\"text-editor.default\">\n\t\t\t\t<div class=\"elementor-widget-container\">\n\t\t\t\t\t\t\t\t\t<p><strong>Laufzeit:\u00a0<\/strong>01.08.2025 &#8211; 31.10.2025<br \/><strong>Partner:\u00a0 <\/strong>Catchgoal GmbH<br \/><strong>F\u00f6rdergeber\/-programm: <\/strong>Land Ober\u00f6sterreich &#8211; easy2research<\/p>\t\t\t\t\t\t\t\t<\/div>\n\t\t\t\t<\/div>\n\t\t\t\t\t<\/div>\n\t\t<\/div>\n\t\t\t\t\t<\/div>\n\t\t<\/section>\n\t\t\t\t<\/div>\n\t\t","protected":false},"excerpt":{"rendered":"","protected":false},"author":10,"featured_media":0,"parent":30,"menu_order":0,"comment_status":"closed","ping_status":"closed","template":"","meta":{"footnotes":""},"tags":[],"class_list":["post-7811","page","type-page","status-publish","hentry","col-lg-4 col-md-6"],"_links":{"self":[{"href":"https:\/\/aist.fh-hagenberg.at\/index.php\/wp-json\/wp\/v2\/pages\/7811","targetHints":{"allow":["GET"]}}],"collection":[{"href":"https:\/\/aist.fh-hagenberg.at\/index.php\/wp-json\/wp\/v2\/pages"}],"about":[{"href":"https:\/\/aist.fh-hagenberg.at\/index.php\/wp-json\/wp\/v2\/types\/page"}],"author":[{"embeddable":true,"href":"https:\/\/aist.fh-hagenberg.at\/index.php\/wp-json\/wp\/v2\/users\/10"}],"replies":[{"embeddable":true,"href":"https:\/\/aist.fh-hagenberg.at\/index.php\/wp-json\/wp\/v2\/comments?post=7811"}],"version-history":[{"count":4,"href":"https:\/\/aist.fh-hagenberg.at\/index.php\/wp-json\/wp\/v2\/pages\/7811\/revisions"}],"predecessor-version":[{"id":7815,"href":"https:\/\/aist.fh-hagenberg.at\/index.php\/wp-json\/wp\/v2\/pages\/7811\/revisions\/7815"}],"up":[{"embeddable":true,"href":"https:\/\/aist.fh-hagenberg.at\/index.php\/wp-json\/wp\/v2\/pages\/30"}],"wp:attachment":[{"href":"https:\/\/aist.fh-hagenberg.at\/index.php\/wp-json\/wp\/v2\/media?parent=7811"}],"wp:term":[{"taxonomy":"post_tag","embeddable":true,"href":"https:\/\/aist.fh-hagenberg.at\/index.php\/wp-json\/wp\/v2\/tags?post=7811"}],"curies":[{"name":"wp","href":"https:\/\/api.w.org\/{rel}","templated":true}]}}