{"id":7688,"date":"2025-06-17T10:09:47","date_gmt":"2025-06-17T08:09:47","guid":{"rendered":"https:\/\/aist.fh-hagenberg.at\/?page_id=7688"},"modified":"2025-06-17T10:16:31","modified_gmt":"2025-06-17T08:16:31","slug":"flare","status":"publish","type":"page","link":"https:\/\/aist.fh-hagenberg.at\/index.php\/de\/projekte\/flare","title":{"rendered":"FLARE"},"content":{"rendered":"\t\t<div data-elementor-type=\"wp-page\" data-elementor-id=\"7688\" class=\"elementor elementor-7688\">\n\t\t\t\t\t\t<section class=\"elementor-section elementor-top-section elementor-element elementor-element-56f7dca7 elementor-section-boxed elementor-section-height-default elementor-section-height-default\" data-id=\"56f7dca7\" data-element_type=\"section\" data-settings=\"{&quot;background_background&quot;:&quot;classic&quot;,&quot;animation&quot;:&quot;none&quot;}\">\n\t\t\t\t\t\t\t<div class=\"elementor-background-overlay\"><\/div>\n\t\t\t\t\t\t\t<div class=\"elementor-container elementor-column-gap-default\">\n\t\t\t\t\t<div class=\"elementor-column elementor-col-100 elementor-top-column elementor-element elementor-element-4b686390\" data-id=\"4b686390\" data-element_type=\"column\">\n\t\t\t<div class=\"elementor-widget-wrap elementor-element-populated\">\n\t\t\t\t\t\t<div class=\"elementor-element elementor-element-4dc6746d elementor-widget elementor-widget-image\" data-id=\"4dc6746d\" data-element_type=\"widget\" data-widget_type=\"image.default\">\n\t\t\t\t<div class=\"elementor-widget-container\">\n\t\t\t\t\t\t\t\t\t\t\t\t\t\t\t<img decoding=\"async\" width=\"150\" height=\"150\" src=\"https:\/\/aist.fh-hagenberg.at\/wp-content\/uploads\/2025\/06\/flare-150x150.png\" class=\"attachment-thumbnail size-thumbnail wp-image-7691\" alt=\"\" srcset=\"https:\/\/aist.fh-hagenberg.at\/wp-content\/uploads\/2025\/06\/flare-150x150.png 150w, https:\/\/aist.fh-hagenberg.at\/wp-content\/uploads\/2025\/06\/flare-300x300.png 300w, https:\/\/aist.fh-hagenberg.at\/wp-content\/uploads\/2025\/06\/flare-360x360.png 360w, https:\/\/aist.fh-hagenberg.at\/wp-content\/uploads\/2025\/06\/elementor\/thumbs\/flare-r7flc0ec9y1spvr2jjld346goz9t9xaq2h1c0xpbyo.png 200w, https:\/\/aist.fh-hagenberg.at\/wp-content\/uploads\/2025\/06\/elementor\/thumbs\/flare-r7flc0efxif3jw89sa6vfcpjszwp96xvpusuh55020.png 500w, https:\/\/aist.fh-hagenberg.at\/wp-content\/uploads\/2025\/06\/flare.png 656w\" sizes=\"(max-width: 150px) 100vw, 150px\" \/>\t\t\t\t\t\t\t\t\t\t\t\t\t\t\t<\/div>\n\t\t\t\t<\/div>\n\t\t\t\t\t<\/div>\n\t\t<\/div>\n\t\t\t\t\t<\/div>\n\t\t<\/section>\n\t\t\t\t<section class=\"elementor-section elementor-top-section elementor-element elementor-element-129b3378 elementor-section-boxed elementor-section-height-default elementor-section-height-default\" data-id=\"129b3378\" data-element_type=\"section\">\n\t\t\t\t\t\t<div class=\"elementor-container elementor-column-gap-default\">\n\t\t\t\t\t<div class=\"elementor-column elementor-col-100 elementor-top-column elementor-element elementor-element-49c06e6f\" data-id=\"49c06e6f\" data-element_type=\"column\">\n\t\t\t<div class=\"elementor-widget-wrap elementor-element-populated\">\n\t\t\t\t\t\t<div class=\"elementor-element elementor-element-45be61ce elementor-widget elementor-widget-text-editor\" data-id=\"45be61ce\" data-element_type=\"widget\" data-widget_type=\"text-editor.default\">\n\t\t\t\t<div class=\"elementor-widget-container\">\n\t\t\t\t\t\t\t\t\t<p>Im Bereich des Transportwesens erfordern neue Trends wie Urban Air Mobility, wo Prognosen f\u00fcr 2030 den Einsatz von 19.000 Einheiten vorhersagen, \u00e4u\u00dferst hohe Produktionsraten. Um dies zu erreichen, m\u00fcssen Produktionsprozesse unter Einhaltung hoher Sicherheitsstandards digitalisiert und automatisiert werden. Dabei soll erstmals auf zerst\u00f6rungsfreie Pr\u00fcfverfahren (ZfP) gesetzt werden, welche ber\u00fchrungslos, schnell und bildgebend auch komplexeste Bauteile pr\u00fcfen k\u00f6nnen. Da die Wandst\u00e4rken gering sind (kleiner 10 mm), k\u00f6nnen erstmals oberfl\u00e4chennahe Verfahren, wie die Aktive Thermographie (IRT), umfangreich eingesetzt werden. Aufgrund des hohen Teiledurchsatzes (bis zu 1 Bauteil\/min) wird die Auswertung der Messergebnisse zu einem kostspieligen Nadel\u00f6hr.<br \/><br \/>Im Projekt werden fortschrittliche Technologien f\u00fcr die automatisierte Fehlererkennung auf Basis von k\u00fcnstlicher Intelligenz (KI) entwickelt, um die ben\u00f6tigte Auswertezeit pro Bauteil auf unter 50% der Messdauer zu reduzieren. Je nach rechtlicher Anforderung k\u00f6nnen die Algorithmen als Assistenzsystem f\u00fcr den Bediener oder vollautomatisch implementiert werden. Die Zielsetzung ist die erstmalige Entwicklung von Human-in-the-Loop (HiL) Interaktionskonzepten f\u00fcr IRT. Durch Bildung von Mensch-Maschine-Teams werden Menschen in den Entscheidungs- und Lernprozess von KI besser integriert. Hierdurch wird ein effektiver und gesetzlich konformer Einsatz von KI erm\u00f6glicht und es k\u00f6nnen individuelle Schw\u00e4chen von Pr\u00fcfer:innen ausgeglichen werden. Die Modelle und Interaktionskonzepte werden in das smarte und vollintegrierte Pr\u00fcfsystem des Start-Ups VOIDSY integriert und den Unternehmenspartnern FACC, ENGEL und RORA direkt zur Verf\u00fcgung gestellt. Ressourcen- und energieeffizientes dezentrales Computing soll die bei Cloud-Computing vorhandenen Probleme in Bezug auf Latenz und Sicherheit l\u00f6sen. Es wird erwartet, dass durch Unterst\u00fctzung von KI-Systemen Pr\u00fcfer:innen um bis zu 20 % schneller zu einer Entscheidung kommen und 20 % zuverl\u00e4ssiger Fehler erkennen.<br \/>Durch das Projekt k\u00f6nnen Pr\u00fcfkosten minimiert und die Wettbewerbsf\u00e4higkeit der \u00f6sterreichischen Luftfahrtzulieferer gest\u00e4rkt werden. Aufgrund der Verbesserung der Qualit\u00e4tssicherung, wird die Bauteilqualit\u00e4t in der Produktion erh\u00f6ht und deren Ausfallswahrscheinlichkeit minimiert. Im Fokus stehen bei den Projektpartner nachhaltige Herstellungsprozesse mit minimalem Ausschuss wie Organosheets mit Overmoulding und optionalem Einsatz von Recyclat (ENGEL), Automated Fiber Placement (RORA) und Pick &amp; Place f\u00fcr eine automatisierte Fertigung (FACC). Da es bei diesen innovativen Prozessen zur Erreichung der hohen Taktraten noch wenig Erfahrung gibt, ist die 100%ige begleitende Qualit\u00e4tssicherung von h\u00f6chster Priorit\u00e4t, um den Markteintritt zu bew\u00e4ltigen. IRT-Pr\u00fcfung erm\u00f6glicht (durch Ausschussreduktion, Prozessoptimierung und Aussagen \u00fcber die Reparaturf\u00e4higkeit von Bauteilen) effizientere Produktionsprozesse und damit das Schlie\u00dfen von Stoffkreisl\u00e4ufen.<\/p><p>Die Forschungsgruppe AIST unterst\u00fctzt in diesem Projekt die Kolleg*innen der Forschungsgruppe <a href=\"https:\/\/pure.fh-ooe.at\/de\/organisations\/thermography-and-non-destructive-testing\">Thermography and Non Destructive Testing<\/a> vom Campus Wels.<\/p>\t\t\t\t\t\t\t\t<\/div>\n\t\t\t\t<\/div>\n\t\t\t\t<div class=\"elementor-element elementor-element-7d00a2dc elementor-widget-divider--separator-type-pattern elementor-widget-divider--view-line elementor-widget elementor-widget-divider\" data-id=\"7d00a2dc\" data-element_type=\"widget\" data-widget_type=\"divider.default\">\n\t\t\t\t<div class=\"elementor-widget-container\">\n\t\t\t\t\t\t\t<div class=\"elementor-divider\" style=\"--divider-pattern-url: url(&quot;data:image\/svg+xml,%3Csvg xmlns=&#039;http:\/\/www.w3.org\/2000\/svg&#039; preserveAspectRatio=&#039;none&#039; overflow=&#039;visible&#039; height=&#039;100%&#039; viewBox=&#039;0 0 24 24&#039; fill=&#039;none&#039; stroke=&#039;black&#039; stroke-width=&#039;1&#039; stroke-linecap=&#039;square&#039; stroke-miterlimit=&#039;10&#039;%3E%3Cpolyline points=&#039;0,18 12,6 24,18 &#039;\/%3E%3C\/svg%3E&quot;);\">\n\t\t\t<span class=\"elementor-divider-separator\">\n\t\t\t\t\t\t<\/span>\n\t\t<\/div>\n\t\t\t\t\t\t<\/div>\n\t\t\t\t<\/div>\n\t\t\t\t<div class=\"elementor-element elementor-element-25239ebe elementor-widget elementor-widget-text-editor\" data-id=\"25239ebe\" data-element_type=\"widget\" data-widget_type=\"text-editor.default\">\n\t\t\t\t<div class=\"elementor-widget-container\">\n\t\t\t\t\t\t\t\t\t<p><strong>Laufzeit: <\/strong><span class=\"date\">01.03.2025<\/span> &#8211;\u00a0<span class=\"date\">28.02.2027<\/span><br \/><strong>Partner:\u00a0 <\/strong>voidsy gmbh, FACC Operations GmbH, ENGEL AUSTRIA GmbH &amp; RO-RA Aviation Systems GmbH<br \/><strong>F\u00f6rdergeber\/-programm: <\/strong>Land Ober\u00f6sterreich &#8211; AI-Region Upper Austria 2024<\/p>\t\t\t\t\t\t\t\t<\/div>\n\t\t\t\t<\/div>\n\t\t\t\t\t<\/div>\n\t\t<\/div>\n\t\t\t\t\t<\/div>\n\t\t<\/section>\n\t\t\t\t<\/div>\n\t\t","protected":false},"excerpt":{"rendered":"<p>Im Bereich des Transportwesens erfordern neue Trends wie Urban Air Mobility, wo Prognosen f\u00fcr 2030 den Einsatz von 19.000 Einheiten [&hellip;]<\/p>\n","protected":false},"author":10,"featured_media":0,"parent":30,"menu_order":0,"comment_status":"closed","ping_status":"closed","template":"","meta":{"footnotes":""},"tags":[],"class_list":["post-7688","page","type-page","status-publish","hentry","col-lg-4 col-md-6"],"_links":{"self":[{"href":"https:\/\/aist.fh-hagenberg.at\/index.php\/wp-json\/wp\/v2\/pages\/7688","targetHints":{"allow":["GET"]}}],"collection":[{"href":"https:\/\/aist.fh-hagenberg.at\/index.php\/wp-json\/wp\/v2\/pages"}],"about":[{"href":"https:\/\/aist.fh-hagenberg.at\/index.php\/wp-json\/wp\/v2\/types\/page"}],"author":[{"embeddable":true,"href":"https:\/\/aist.fh-hagenberg.at\/index.php\/wp-json\/wp\/v2\/users\/10"}],"replies":[{"embeddable":true,"href":"https:\/\/aist.fh-hagenberg.at\/index.php\/wp-json\/wp\/v2\/comments?post=7688"}],"version-history":[{"count":4,"href":"https:\/\/aist.fh-hagenberg.at\/index.php\/wp-json\/wp\/v2\/pages\/7688\/revisions"}],"predecessor-version":[{"id":7694,"href":"https:\/\/aist.fh-hagenberg.at\/index.php\/wp-json\/wp\/v2\/pages\/7688\/revisions\/7694"}],"up":[{"embeddable":true,"href":"https:\/\/aist.fh-hagenberg.at\/index.php\/wp-json\/wp\/v2\/pages\/30"}],"wp:attachment":[{"href":"https:\/\/aist.fh-hagenberg.at\/index.php\/wp-json\/wp\/v2\/media?parent=7688"}],"wp:term":[{"taxonomy":"post_tag","embeddable":true,"href":"https:\/\/aist.fh-hagenberg.at\/index.php\/wp-json\/wp\/v2\/tags?post=7688"}],"curies":[{"name":"wp","href":"https:\/\/api.w.org\/{rel}","templated":true}]}}