{"id":7625,"date":"2025-05-07T13:52:59","date_gmt":"2025-05-07T11:52:59","guid":{"rendered":"https:\/\/aist.fh-hagenberg.at\/?page_id=7625"},"modified":"2025-05-07T13:54:43","modified_gmt":"2025-05-07T11:54:43","slug":"real-id","status":"publish","type":"page","link":"https:\/\/aist.fh-hagenberg.at\/index.php\/de\/real-id","title":{"rendered":"Real-ID"},"content":{"rendered":"\t\t<div data-elementor-type=\"wp-page\" data-elementor-id=\"7625\" class=\"elementor elementor-7625\">\n\t\t\t\t\t\t<section class=\"elementor-section elementor-top-section elementor-element elementor-element-55079bce elementor-section-boxed elementor-section-height-default elementor-section-height-default\" data-id=\"55079bce\" data-element_type=\"section\" data-settings=\"{&quot;background_background&quot;:&quot;classic&quot;,&quot;animation&quot;:&quot;none&quot;}\">\n\t\t\t\t\t\t\t<div class=\"elementor-background-overlay\"><\/div>\n\t\t\t\t\t\t\t<div class=\"elementor-container elementor-column-gap-default\">\n\t\t\t\t\t<div class=\"elementor-column elementor-col-100 elementor-top-column elementor-element elementor-element-301ed089\" data-id=\"301ed089\" data-element_type=\"column\">\n\t\t\t<div class=\"elementor-widget-wrap elementor-element-populated\">\n\t\t\t\t\t\t<div class=\"elementor-element elementor-element-765c2f6f elementor-widget elementor-widget-image\" data-id=\"765c2f6f\" data-element_type=\"widget\" data-widget_type=\"image.default\">\n\t\t\t\t<div class=\"elementor-widget-container\">\n\t\t\t\t\t\t\t\t\t\t\t\t\t\t\t<img decoding=\"async\" width=\"150\" height=\"150\" src=\"https:\/\/aist.fh-hagenberg.at\/wp-content\/uploads\/2025\/05\/logo-150x150.png\" class=\"attachment-thumbnail size-thumbnail wp-image-7624\" alt=\"\" srcset=\"https:\/\/aist.fh-hagenberg.at\/wp-content\/uploads\/2025\/05\/logo-150x150.png 150w, https:\/\/aist.fh-hagenberg.at\/wp-content\/uploads\/2025\/05\/logo-300x300.png 300w, https:\/\/aist.fh-hagenberg.at\/wp-content\/uploads\/2025\/05\/logo-360x360.png 360w, https:\/\/aist.fh-hagenberg.at\/wp-content\/uploads\/2025\/05\/logo.png 500w\" sizes=\"(max-width: 150px) 100vw, 150px\" \/>\t\t\t\t\t\t\t\t\t\t\t\t\t\t\t<\/div>\n\t\t\t\t<\/div>\n\t\t\t\t\t<\/div>\n\t\t<\/div>\n\t\t\t\t\t<\/div>\n\t\t<\/section>\n\t\t\t\t<section class=\"elementor-section elementor-top-section elementor-element elementor-element-65859765 elementor-section-boxed elementor-section-height-default elementor-section-height-default\" data-id=\"65859765\" data-element_type=\"section\">\n\t\t\t\t\t\t<div class=\"elementor-container elementor-column-gap-default\">\n\t\t\t\t\t<div class=\"elementor-column elementor-col-100 elementor-top-column elementor-element elementor-element-584bf92e\" data-id=\"584bf92e\" data-element_type=\"column\">\n\t\t\t<div class=\"elementor-widget-wrap elementor-element-populated\">\n\t\t\t\t\t\t<div class=\"elementor-element elementor-element-68bbe32f elementor-widget elementor-widget-text-editor\" data-id=\"68bbe32f\" data-element_type=\"widget\" data-widget_type=\"text-editor.default\">\n\t\t\t\t<div class=\"elementor-widget-container\">\n\t\t\t\t\t\t\t\t\t<p>Die Redem GmbH bietet eine KI-gest\u00fctzte Qualit\u00e4tssicherung f\u00fcr Umfragedaten, mit der Umfrageinterviews automatisiert anhand spezifischer Qualit\u00e4tskriterien \u00fcberpr\u00fcft werden an. Eine zunehmende Herausforderung besteht darin, dass immer mehr Antworten nicht von realen Personen, sondern von k\u00fcnstlichen Entit\u00e4ten wie ChatBots stammen. Um die Aussagekraft der Umfrageergebnisse langfristig zu sichern, soll im Rahmen des gemeinsamen Projekts Real-ID ein digitaler Fingerabdruck entwickelt werden, der eine zuverl\u00e4ssige Unterscheidung zwischen echten und k\u00fcnstlichen Teilnehmer:innen bereits vor der Durchf\u00fchrung der Umfrage erm\u00f6glicht. Die L\u00f6sung wird in mehreren Schritten erarbeitet: Zun\u00e4chst wird eine hochwertige und harmonisierte Datenbasis aufgebaut, anschlie\u00dfend werden Merkmale identifiziert, die zwischen realen und k\u00fcnstlichen Nutzer:innen differenzieren. Darauf aufbauend wird ein Klassifikationsmodell entwickelt, das diese Merkmale nutzt, um k\u00fcnstliche Entit\u00e4ten automatisiert zu erkennen. Die finale L\u00f6sung soll nahtlos in die bestehenden Qualit\u00e4tssicherungsprozesse von Redem integriert werden.<\/p>\t\t\t\t\t\t\t\t<\/div>\n\t\t\t\t<\/div>\n\t\t\t\t<div class=\"elementor-element elementor-element-efbafcb elementor-widget-divider--separator-type-pattern elementor-widget-divider--view-line elementor-widget elementor-widget-divider\" data-id=\"efbafcb\" data-element_type=\"widget\" data-widget_type=\"divider.default\">\n\t\t\t\t<div class=\"elementor-widget-container\">\n\t\t\t\t\t\t\t<div class=\"elementor-divider\" style=\"--divider-pattern-url: url(&quot;data:image\/svg+xml,%3Csvg xmlns=&#039;http:\/\/www.w3.org\/2000\/svg&#039; preserveAspectRatio=&#039;none&#039; overflow=&#039;visible&#039; height=&#039;100%&#039; viewBox=&#039;0 0 24 24&#039; fill=&#039;none&#039; stroke=&#039;black&#039; stroke-width=&#039;1&#039; stroke-linecap=&#039;square&#039; stroke-miterlimit=&#039;10&#039;%3E%3Cpolyline points=&#039;0,18 12,6 24,18 &#039;\/%3E%3C\/svg%3E&quot;);\">\n\t\t\t<span class=\"elementor-divider-separator\">\n\t\t\t\t\t\t<\/span>\n\t\t<\/div>\n\t\t\t\t\t\t<\/div>\n\t\t\t\t<\/div>\n\t\t\t\t<div class=\"elementor-element elementor-element-4b811c07 elementor-widget elementor-widget-text-editor\" data-id=\"4b811c07\" data-element_type=\"widget\" data-widget_type=\"text-editor.default\">\n\t\t\t\t<div class=\"elementor-widget-container\">\n\t\t\t\t\t\t\t\t\t<p><strong>Laufzeit:\u00a0<\/strong>01.05.2025 &#8211; 31.07.2025<br \/><strong>Partner:\u00a0 <\/strong>Redem GmbH<br \/><strong>F\u00f6rdergeber\/-programm:\u00a0<\/strong>\u00d6sterreichische Forschungsf\u00f6rderungsgesellschaft FFG &#8211; Innovationsscheck<\/p>\t\t\t\t\t\t\t\t<\/div>\n\t\t\t\t<\/div>\n\t\t\t\t\t<\/div>\n\t\t<\/div>\n\t\t\t\t\t<\/div>\n\t\t<\/section>\n\t\t\t\t<\/div>\n\t\t","protected":false},"excerpt":{"rendered":"<p>Die Redem GmbH bietet eine KI-gest\u00fctzte Qualit\u00e4tssicherung f\u00fcr Umfragedaten, mit der Umfrageinterviews automatisiert anhand spezifischer Qualit\u00e4tskriterien \u00fcberpr\u00fcft werden an. Eine [&hellip;]<\/p>\n","protected":false},"author":10,"featured_media":0,"parent":0,"menu_order":0,"comment_status":"closed","ping_status":"closed","template":"","meta":{"footnotes":""},"tags":[],"class_list":["post-7625","page","type-page","status-publish","hentry","col-lg-4 col-md-6"],"_links":{"self":[{"href":"https:\/\/aist.fh-hagenberg.at\/index.php\/wp-json\/wp\/v2\/pages\/7625","targetHints":{"allow":["GET"]}}],"collection":[{"href":"https:\/\/aist.fh-hagenberg.at\/index.php\/wp-json\/wp\/v2\/pages"}],"about":[{"href":"https:\/\/aist.fh-hagenberg.at\/index.php\/wp-json\/wp\/v2\/types\/page"}],"author":[{"embeddable":true,"href":"https:\/\/aist.fh-hagenberg.at\/index.php\/wp-json\/wp\/v2\/users\/10"}],"replies":[{"embeddable":true,"href":"https:\/\/aist.fh-hagenberg.at\/index.php\/wp-json\/wp\/v2\/comments?post=7625"}],"version-history":[{"count":3,"href":"https:\/\/aist.fh-hagenberg.at\/index.php\/wp-json\/wp\/v2\/pages\/7625\/revisions"}],"predecessor-version":[{"id":7628,"href":"https:\/\/aist.fh-hagenberg.at\/index.php\/wp-json\/wp\/v2\/pages\/7625\/revisions\/7628"}],"wp:attachment":[{"href":"https:\/\/aist.fh-hagenberg.at\/index.php\/wp-json\/wp\/v2\/media?parent=7625"}],"wp:term":[{"taxonomy":"post_tag","embeddable":true,"href":"https:\/\/aist.fh-hagenberg.at\/index.php\/wp-json\/wp\/v2\/tags?post=7625"}],"curies":[{"name":"wp","href":"https:\/\/api.w.org\/{rel}","templated":true}]}}