{"id":756,"date":"2017-10-12T12:49:16","date_gmt":"2017-10-12T10:49:16","guid":{"rendered":"https:\/\/ehealth.fh-hagenberg.at\/?page_id=756"},"modified":"2020-05-12T14:07:07","modified_gmt":"2020-05-12T12:07:07","slug":"oliver-krauss-2","status":"publish","type":"page","link":"https:\/\/aist.fh-hagenberg.at\/index.php\/de\/team\/oliver-krauss-2","title":{"rendered":"Oliver Krauss"},"content":{"rendered":"<div id=\"pl-756\" class=\"panel-layout\">\n<div id=\"pg-756-0\" class=\"panel-grid panel-no-style\" data-style=\"{&quot;background_display&quot;:&quot;tile&quot;}\">\n<div id=\"pgc-756-0-0\" class=\"panel-grid-cell\" data-weight=\"0.16032777192721\">\n<div id=\"panel-756-0-0-0\" class=\"so-panel widget widget_sow-editor panel-first-child panel-last-child\" data-index=\"0\" data-style=\"{&quot;background_image_attachment&quot;:false,&quot;background_display&quot;:&quot;tile&quot;}\">\n<div class=\"so-widget-sow-editor so-widget-sow-editor-base\">\n<div class=\"siteorigin-widget-tinymce textwidget\"><img decoding=\"async\" class=\"so-widget-image\" title=\"Oliver Krauss MSc\" src=\"https:\/\/aist.fh-hagenberg.at\/wp-content\/uploads\/2016\/02\/krauss.jpg\" srcset=\"\" alt=\"Oliver Krauss\" width=\"80\" height=\"106\" \/><\/div>\n<\/div>\n<\/div>\n<\/div>\n<div id=\"pgc-756-0-1\" class=\"panel-grid-cell\" data-weight=\"0.83967222807279\">\n<div id=\"panel-756-0-1-0\" class=\"so-panel widget widget_sow-editor panel-first-child panel-last-child\" data-index=\"1\">\n<div class=\"so-widget-sow-editor so-widget-sow-editor-base\">\n<div class=\"siteorigin-widget-tinymce textwidget\">\n<h1>Oliver Krauss<\/h1>\n<p>Telefon: +43 (0)50804-27195<br \/>\nE-Mail: <a href=\"mailto:oliver.krauss@fh-hagenberg.at\">oliver.krauss@fh-hagenberg.at<\/a><br \/>\n<a href=\"http:\/\/research.fh-ooe.at\/staff\/25755\" target=\"_blank\" rel=\"noopener noreferrer\">Widok<br \/>\n<\/a><\/p>\n<\/div>\n<\/div>\n<\/div>\n<\/div>\n<\/div>\n<div id=\"pg-756-1\" class=\"panel-grid panel-no-style\" data-style=\"{&quot;background_display&quot;:&quot;tile&quot;,&quot;bottom_margin&quot;:&quot;0px&quot;}\">\n<div id=\"pgc-756-1-0\" class=\"panel-grid-cell\" data-weight=\"1\">\n<div id=\"panel-756-1-0-0\" class=\"so-panel widget widget_sow-editor panel-first-child panel-last-child\" data-index=\"2\">\n<div class=\"so-widget-sow-editor so-widget-sow-editor-base\">\n<h3 class=\"widget-title\">Forschungsinteressen<\/h3>\n<div class=\"siteorigin-widget-tinymce textwidget\">\n<div class=\"siteorigin-widget-tinymce textwidget\">\n<ul>\n<li>Dissertation &#8211; Application of Genetic Programming for Code Compilation in Just-in-Time Compilers<\/li>\n<li>Machine Learning<br \/>\nGenetic Programming, Klassifikation, Simulation<\/li>\n<li>Virtual- Mixed- und Augmented Reality<br \/>\nPositionierung, Bildverarbeitung, Medizinische Applikationen<\/li>\n<li>eHealth<br \/>\nStandardisierung, Interoperabilit\u00e4t, HL7<\/li>\n<\/ul>\n<\/div>\n<\/div>\n<\/div>\n<\/div>\n<\/div>\n<\/div>\n<div id=\"pg-756-2\" class=\"panel-grid panel-no-style\" data-style=\"{&quot;background_display&quot;:&quot;tile&quot;,&quot;bottom_margin&quot;:&quot;0px&quot;}\">\n<div id=\"pgc-756-2-0\" class=\"panel-grid-cell\" data-weight=\"1\">\n<div id=\"panel-756-2-0-0\" class=\"so-panel widget widget_sow-editor panel-first-child panel-last-child\" data-index=\"3\" data-style=\"{&quot;background_display&quot;:&quot;tile&quot;}\">\n<div class=\"so-widget-sow-editor so-widget-sow-editor-base\">\n<h3 class=\"widget-title\">Projekte<\/h3>\n<div class=\"siteorigin-widget-tinymce textwidget\">\n<div class=\"siteorigin-widget-tinymce textwidget\">\n<ul>\n<li>moxUP &#8211; Modelling 3D Objects Cross Usecase and Platform (<a href=\"https:\/\/aist.fh-hagenberg.at\/index.php\/de\/projekte\/moxup\">Details<\/a>)<\/li>\n<li>EDEN &#8211; Emergency Detection for Elevator Networks (<a href=\"https:\/\/aist.fh-hagenberg.at\/index.php\/de\/projekte\/projekt-eden\">Details<\/a>)<\/li>\n<li>PASS &#8211; Plan Analysis using Self Learning Solutions (<a href=\"https:\/\/aist.fh-hagenberg.at\/index.php\/de\/projekte\">Details<\/a>)<\/li>\n<li>i2f &#8211; Interface 2 Face (<a href=\"https:\/\/aist.fh-hagenberg.at\/index.php\/de\/projekte\">Details<\/a>)<\/li>\n<li>D4K &#8211; Drive for Knowledge (<a href=\"https:\/\/aist.fh-hagenberg.at\/index.php\/de\/projekte\">Details<\/a>)<\/li>\n<li>KIMBO &#8211; Kollaborative Interdisziplin\u00e4re Medizinische Boards (<a href=\"https:\/\/aist.fh-hagenberg.at\/index.php\/de\/projekte\">Details<\/a>)<\/li>\n<li>ARISE \u2013 Advertisement Recommendation and Intelligent Scheduling for Elevators (<a href=\"https:\/\/aist.fh-hagenberg.at\/index.php\/de\/projekte\">Details<\/a>)<\/li>\n<li>GUIDE \u2013 Guide for Automated User Identification (<a href=\"https:\/\/aist.fh-hagenberg.at\/index.php\/de\/projekte\">Details<\/a>)<\/li>\n<li>ARRR \u2013 Augmented Reality Room Recognition (<a href=\"https:\/\/aist.fh-hagenberg.at\/index.php\/de\/projekte\/projekt-arrr\">Details<\/a>)<\/li>\n<li>VOIGAS &#8211; Vorschlagswesen in der Gastronomie (<a href=\"https:\/\/aist.fh-hagenberg.at\/index.php\/de\/projekte\/projekt-voigas\">Details<\/a>)<\/li>\n<li>MSBPMN &#8211; Modell- und Standardbasierte Prozesssimulation in der Medizin (<a href=\"https:\/\/aist.fh-hagenberg.at\/index.php\/de\/projekte\/projekt-msbpmn\">Details<\/a>)<\/li>\n<\/ul>\n<\/div>\n<\/div>\n<\/div>\n<\/div>\n<\/div>\n<\/div>\n<div id=\"pg-756-3\" class=\"panel-grid panel-no-style\" data-style=\"{&quot;background_display&quot;:&quot;tile&quot;,&quot;bottom_margin&quot;:&quot;0px&quot;}\">\n<div id=\"pgc-756-3-0\" class=\"panel-grid-cell\" data-weight=\"1\">\n<div id=\"panel-756-3-0-0\" class=\"so-panel widget widget_sow-editor panel-first-child panel-last-child\" data-index=\"4\">\n<div class=\"so-widget-sow-editor so-widget-sow-editor-base\">\n<h3 class=\"widget-title\">Gremien<\/h3>\n<div class=\"siteorigin-widget-tinymce textwidget\">\n<div class=\"siteorigin-widget-tinymce textwidget\">\n<ul>\n<li>HL7 International &#8211; FHIR Workflow &#8211; Mitglied- Standardisierung von Prozessabl\u00e4ufen im Gesundheitswesen<\/li>\n<li>HL7 Austria &#8211; Vorstandsmitglied<\/li>\n<li>HL7 Austria &#8211; FHIR &#8211; Mitglied- \u00d6sterreichische Profile f\u00fcr den HL7 FHIR Standard<\/li>\n<li>HL7 Austria &#8211; Education &#8211; Leiter &#8211; Verbreiten von Wissen \u00fcber die HL7 Standardfamilie<\/li>\n<\/ul>\n<\/div>\n<\/div>\n<\/div>\n<\/div>\n<\/div>\n<\/div>\n<div id=\"pg-756-4\" class=\"panel-grid panel-no-style\" data-style=\"{&quot;background_display&quot;:&quot;tile&quot;,&quot;bottom_margin&quot;:&quot;0px&quot;}\">\n<div id=\"pgc-756-4-0\" class=\"panel-grid-cell\" data-weight=\"1\">\n<div id=\"panel-756-4-0-0\" class=\"so-panel widget widget_sow-editor panel-first-child panel-last-child\" data-index=\"5\" data-style=\"{&quot;background_display&quot;:&quot;tile&quot;}\">\n<div class=\"so-widget-sow-editor so-widget-sow-editor-base\">\n<h3 class=\"widget-title\">Publikationen<\/h3>\n<div class=\"siteorigin-widget-tinymce textwidget\">\n<div class=\"siteorigin-widget-tinymce textwidget\">\n<ul>\n<li>2020 &#8211; Towards Konwledge-guided Genetic Improvement (<a href=\"https:\/\/doi.org\/10.1145\/3387940.3392172\">Details<\/a>)<\/li>\n<li>2020 &#8211; Evolving sqrt into 1\/x via Software Data Maintenance (<a href=\"https:\/\/doi.org\/10.1145\/3377929.3398110\">Details<\/a>)<\/li>\n<li>2020 &#8211; Integrating HeuristicLab with Compilers and Interpreters for Non-Functional Code Optimization (<a href=\"https:\/\/doi.org\/10.1145\/3377929.3398103\">Details<\/a>)<\/li>\n<li>2020 &#8211; Automatically Evolving Lookup tables for Function Approximation (<a href=\"https:\/\/doi.org\/10.1007\/978-3-030-44094-7_6\">Details<\/a>)<\/li>\n<li>2019 &#8211; The State and Future of Genetic Improvement (<a href=\"https:\/\/dl.acm.org\/doi\/10.1145\/3356773.3356801\">Details<\/a>)<\/li>\n<li>2019 &#8211; Mining patterns from genetic improvement experiments (<a href=\"https:\/\/dl.acm.org\/doi\/10.1109\/GI.2019.00015\">Details<\/a>)<\/li>\n<li>2019 &#8211; Automated Verification of Structured Questionnaires Using HL7 FHIR (<a href=\"https:\/\/www.ncbi.nlm.nih.gov\/pubmed\/30942704\">Details<\/a>)<\/li>\n<li>2018 &#8211; A Model for Implementing an Interoperable Electronic Consent Form for Medical Treatment Using HL7 FHIR (<a href=\"https:\/\/www.ejbi.org\/scholarly-articles\/a-model-for-implementing-an-interoperable-electronic-consent-form-for-medical-treatment-using-hl7-fhir.pdf\">Details<\/a>)<\/li>\n<li>2018 &#8211; Dynamic Fitness Functions for Genetic Improvement in Compilers and Interpreters (<a href=\"http:\/\/www.cs.stir.ac.uk\/events\/gecco-gi-2018\/papers\/dynamic_fitness_functions_for_genetic_improvement_in_compilers_and_interpreters.pdf\">Details<\/a>)<\/li>\n<li>2018 &#8211; Towards a Framework for Stochastic Performance Optimizations in Compilers and Interpreters &#8211; An Architecture Overview &#8211; 15th International Conference on Managed Languages &amp; Runtimes (<a href=\"https:\/\/dl.acm.org\/citation.cfm?id=3237024\">Details<\/a>)<\/li>\n<li>2018 &#8211; Model-based Image Processing Approaches For Automated Person Identification and Authentification in Online Banking<\/li>\n<li>2018 &#8211; Towards Retooling the Microsoft Hololens as Outdoor AR and MR Device<\/li>\n<li>2017 &#8211; Genetic Improvement in Code Interpreters and Compilers (<a href=\"https:\/\/dl.acm.org\/citation.cfm?id=3135934\">Details<\/a>)<\/li>\n<li>2017 &#8211; Towards standards based health data extraction facilitating process mining (<a href=\"http:\/\/toc.proceedings.com\/36085webtoc.pdf\">Details<\/a>)<\/li>\n<li>2017 &#8211; Challenges and Approaches to Make Multidisciplinary Team Meetings Interoperable \u2013 The KIMBo Project. (<a href=\"http:\/\/link.springer.com\/book\/10.1007%2F978-3-319-43949-5\">Details<\/a>)<\/li>\n<li>2016 &#8211; Elevator Simulation for Testing Advertisement Scheduling Systems (<a href=\"http:\/\/research.fh-ooe.at\/de\/publication\/5509\">Details<\/a>)<\/li>\n<li>2016 &#8211; Heuristics for Job Shop Scheduling with Volatile Machine Constraints (<a href=\"http:\/\/research.fh-ooe.at\/de\/publication\/5508\">Details<\/a>)<\/li>\n<li>2016 &#8211; Multidisciplinary Team Meetings-A Literature Based Process Analysis (<a href=\"http:\/\/link.springer.com\/book\/10.1007%2F978-3-319-43949-5\">Details<\/a>)<\/li>\n<li>2015 &#8211; Prefetching of Medical Imaging Data Across XDS Affinity Domains (<a href=\"http:\/\/ebooks.iospress.nl\/volume\/ehealth2015-health-informatics-meets-ehealth-innovative-health-perspectives-personalized-health8\">Details<\/a>)<\/li>\n<li>2015 &#8211; Applying FHIR in an Integrated Health Monitoring System (<a href=\"http:\/\/research.fh-ooe.at\/de\/publication\/4670\">Details<\/a>)<\/li>\n<li>2015 &#8211; A Comparison of Data Traffic in Standardized Personal Health Monitoring Solutions (<a href=\"http:\/\/research.fh-ooe.at\/de\/publication\/4668\">Details<\/a>)<\/li>\n<\/ul>\n<\/div>\n<\/div>\n<\/div>\n<\/div>\n<\/div>\n<\/div>\n<div id=\"pg-756-5\" class=\"panel-grid panel-no-style\" data-style=\"{&quot;background_display&quot;:&quot;tile&quot;,&quot;bottom_margin&quot;:&quot;0px&quot;}\">\n<div id=\"pgc-756-5-0\" class=\"panel-grid-cell\" data-weight=\"1\">\n<div id=\"panel-756-5-0-0\" class=\"so-panel widget widget_sow-editor panel-first-child panel-last-child\" data-index=\"6\" data-style=\"{&quot;background_display&quot;:&quot;tile&quot;}\">\n<div class=\"so-widget-sow-editor so-widget-sow-editor-base\">\n<h3 class=\"widget-title\">Lehre<\/h3>\n<div class=\"siteorigin-widget-tinymce textwidget\">\n<div class=\"siteorigin-widget-tinymce textwidget\">\n<ul>\n<li>SS20 &#8211; FH St. P\u00f6lten Digital Healthcare Master &#8211; Electronic Health Records (EHRE)<\/li>\n<li>SS20 &#8211; Studienprojekt Weigl Control<\/li>\n<li>SS20 &#8211; Semistrukturierte Datenmodelle und XML (SSD)<\/li>\n<li>SS20 &#8211; Collaborative Project Management (CPM)<\/li>\n<li>SS20 &#8211; Informationssysteme des Gesundheitswesens (IGS)<\/li>\n<li>SS20 &#8211; eHealth &#8211; Medizinische Dokumentation (EMD)<\/li>\n<li>SS20 &#8211; Human-Centered Automation and Robotics (AUR)<\/li>\n<li>SS19 &#8211; FH St. P\u00f6lten Digital Healthcare Master &#8211; Electronic Health Records (EHRE)<\/li>\n<li>SS19 &#8211; Human-Centered Automation and Robotics (AUR)<\/li>\n<li>WS18 &#8211; Collaborative Project Management (CPM)<\/li>\n<li>WS18+SS19 &#8211; Studienprojekt Mittag.At<\/li>\n<li>WS18 &#8211; Studienprojekt Realsim<\/li>\n<li>SS18 &#8211; Studienprojekt Realsim<\/li>\n<li>WS17 &#8211; Collaborative Project Management (CPM)<\/li>\n<li>WS17 &#8211; Studienprojekt CAS<br \/>\nRadiologie Druckservice<\/li>\n<li>SS17 &#8211; Informationssysteme des Gesundheitswesens (IGS)<br \/>\nGesundheitsstandards wie HL7 v2, Hl7 v3, HL7 FHIR , Kommunikationsserver, IHE<\/li>\n<li>SS17 &#8211; eHealth &#8211; Medizinische Dokumentation (EMD)<br \/>\nDokumentation in der Medizin CDA, Edifact, DICOM<\/li>\n<li>SS17 &#8211; Collaborative Project Management (CPM)<br \/>\nGit, SVN &amp; Tooling f\u00fcr Projektarbeiten im Team<\/li>\n<li>WS16 &#8211; Computergest\u00fctzte Therapie (CGT)<br \/>\nSpiegel- Trauma &amp; Phobietherapie<\/li>\n<li>WS16 &#8211; Vertiefung Medizininformatik &#8211; Augmented Reality (VMA)<br \/>\nVirtual- Mixed- und Augmented Reality im Gesundheitswesen<\/li>\n<li>SS16+WS16 &#8211; Studienprojekt Formelracing<br \/>\nVirtual- und Mixed Reality im Fahrzeugtraining<\/li>\n<li>SS16 &#8211; Informationssysteme des Gesundheitswesens (IGS)<br \/>\nGesundheitsstandards wie HL7 v2, Hl7 v3, HL7 FHIR , Kommunikationsserver, IHE<\/li>\n<li>WS15+SS16 &#8211; Studienprojekt Datenrettung Austria<br \/>\nWeb-Tool zur Betrachtung wiederhergestellter Daten<\/li>\n<li>SS15 &#8211; Studienprojekt Selbstbestimmt-Leben Initiative Linz<br \/>\nEntwicklung eines Tools zur Datenverwaltung<\/li>\n<li>SS15 &#8211; Informationssysteme des Gesundheitswesens (IGS)<br \/>\nGesundheitsstandards wie HL7 v2, Hl7 v3, HL7 FHIR , Kommunikationsserver, IHE<\/li>\n<li>SS15 &#8211; eHealth &#8211; Medizinische Dokumentation (EMD)<br \/>\nDokumentation in der Medizin CDA, Edifact, DICOM<\/li>\n<\/ul>\n<\/div>\n<\/div>\n<\/div>\n<\/div>\n<\/div>\n<\/div>\n<div id=\"pg-756-6\" class=\"panel-grid panel-no-style\" data-style=\"{&quot;background_display&quot;:&quot;tile&quot;,&quot;bottom_margin&quot;:&quot;0px&quot;}\">\n<div id=\"pgc-756-6-0\" class=\"panel-grid-cell\" data-weight=\"1\">\n<div id=\"panel-756-6-0-0\" class=\"so-panel widget widget_sow-editor panel-first-child panel-last-child\" data-index=\"7\" data-style=\"{&quot;background_display&quot;:&quot;tile&quot;}\">\n<div class=\"so-widget-sow-editor so-widget-sow-editor-base\">\n<h3 class=\"widget-title\">Master- \/ Bachelorarbeiten<\/h3>\n<div class=\"siteorigin-widget-tinymce textwidget\">\n<div class=\"siteorigin-widget-tinymce textwidget\">\n<h4>Forschungspraktika Master<\/h4>\n<ul>\n<li>Daniel Wilifing: Genetic Programming mit Hyperheuristischen Methoden<\/li>\n<\/ul>\n<h4>Forschungspraktika Bachelor<\/h4>\n<ul>\n<li>Aichinger Philipp: FHIR Workflow Broker<\/li>\n<li>Daniela Huber: Erstellung von statistischen Auswertungen zur Unterst\u00fctzugn des Werbefl\u00e4chenverkaufs in mit ARISE ausgestatteten Aufzugsanlagen<\/li>\n<li>Daniel Wilifing: Aufzugssimulation zum Testen von Zeitpl\u00e4nen f\u00fcr Werbungen<\/li>\n<li>Christoph Praschl: Bildbasierte Orientierung im Outdoorbereich<\/li>\n<li>Pointner Andreas: Bildverarbeitungsmethoden zur Personenidentifikation<\/li>\n<li>Daniel Stigler: Automatisierte Erkennung von Gefahrensituationen in Aufz\u00fcgen mittels Computer Vision Algorithmen<\/li>\n<li>Lukas Reithmeier: Analyse und Simulationen in Baupl\u00e4nen mittels Machine Learning<\/li>\n<\/ul>\n<h4>Bachelorarbeiten<\/h4>\n<ul>\n<li>Luftensteiner Sabrina: De-Identification of Healthcare Data in HL7 FHIR<\/li>\n<li>Kainm\u00fcller Julia: Automatisiertes Scheduling von Werbeauftr\u00e4gen auf digigtalen Anzeigefl\u00e4chen mit schwankenden Bereitschaftszeiten<\/li>\n<li>Krainer Philipp: Outlook\/Exchange Adapter f\u00fcr CGM G3 Clinical Information System MRP<\/li>\n<li>Stockinger Thomas: Data Moloch &#8211; Ein Persistance Framework<\/li>\n<li>Zeiringer Katharina: Validierungs-Tools f\u00fcr CDA Dokumente &#8211; Analyse und Vergleich<\/li>\n<\/ul>\n<\/div>\n<\/div>\n<\/div>\n<\/div>\n<\/div>\n<\/div>\n<div id=\"pg-756-7\" class=\"panel-grid panel-no-style\" data-style=\"{&quot;background_display&quot;:&quot;tile&quot;,&quot;bottom_margin&quot;:&quot;0px&quot;}\">\n<div id=\"pgc-756-7-0\" class=\"panel-grid-cell\" data-weight=\"1\">\n<div id=\"panel-756-7-0-0\" class=\"so-panel widget widget_sow-editor panel-first-child panel-last-child\" data-index=\"8\" data-style=\"{&quot;background_display&quot;:&quot;tile&quot;}\">\n<div class=\"so-widget-sow-editor so-widget-sow-editor-base\">\n<h3 class=\"widget-title\">Andere Aktivit\u00e4ten<\/h3>\n<div class=\"siteorigin-widget-tinymce textwidget\">\n<div class=\"siteorigin-widget-tinymce textwidget\">\n<ul>\n<li>HL7 Australia &#8211; Workgroup Meeting 2020 Sydney &#8211; Educational Track<\/li>\n<li>Forschungsaufenthalt 2019 &#8211; University College London (UCL)<\/li>\n<li>Forschungsaufenthalt\u00a0 2019 &#8211; University of Edinburgh<\/li>\n<li>Build Well Being 2019 &#8211; HL7 FHIR Grundlagen<\/li>\n<li>HL7 Austria &#8211; Jahrestagung 2019 &#8211; So geht es mit FHIR weiter, FHIR Starter Kurs, FHIR Advanced Kurs<\/li>\n<li>Firely FHIR DevDays 2018 &#8211; Students Track<\/li>\n<li>HL7 Austria &#8211; Annual Conference 2018 &#8211; HL7 FHIR for you<\/li>\n<li>Furore FHIR DevDays 2017 &#8211; Students Track<\/li>\n<li>HL7 Austria &#8211; Jahrestagung 2017 &#8211; What\u2019s New, Pussycat? FHIR STU3<\/li>\n<li>Furore FHIR DevDays 2016 &#8211; Students Track<\/li>\n<li>HL7 Austria &#8211; Jahrestagung 2016 &#8211; FHIR f\u00fcr Fortgeschrittene<\/li>\n<li>Amsterdam Medical Center 2015 &#8211; Perspective of Upper Austria University of Applied Sciences on FHIR<\/li>\n<li>HLW Freistadt 2015 &#8211; Workshop Einf\u00fcrung in die Software Entwicklung<\/li>\n<li>JKU Linz Studenten Informations Messe 2015 &#8211; Workshop Modelle und Simulation im Gesundheitswesen<\/li>\n<li>Furore FHIR DevDays 2015 &#8211; Students Track<\/li>\n<li>HL7 Austria &#8211; Jahrestagung 2015 &#8211; Patient Summary<\/li>\n<\/ul>\n<\/div>\n<\/div>\n<\/div>\n<\/div>\n<\/div>\n<\/div>\n<\/div>\n","protected":false},"excerpt":{"rendered":"<p>Oliver Krauss Telefon: +43 (0)50804-27195 E-Mail: oliver.krauss@fh-hagenberg.at Widok Forschungsinteressen Dissertation &#8211; Application of Genetic Programming for Code Compilation in Just-in-Time [&hellip;]<\/p>\n","protected":false},"author":2,"featured_media":0,"parent":36,"menu_order":0,"comment_status":"closed","ping_status":"closed","template":"","meta":{"footnotes":""},"tags":[],"class_list":["post-756","page","type-page","status-publish","hentry","col-lg-4 col-md-6"],"_links":{"self":[{"href":"https:\/\/aist.fh-hagenberg.at\/index.php\/wp-json\/wp\/v2\/pages\/756","targetHints":{"allow":["GET"]}}],"collection":[{"href":"https:\/\/aist.fh-hagenberg.at\/index.php\/wp-json\/wp\/v2\/pages"}],"about":[{"href":"https:\/\/aist.fh-hagenberg.at\/index.php\/wp-json\/wp\/v2\/types\/page"}],"author":[{"embeddable":true,"href":"https:\/\/aist.fh-hagenberg.at\/index.php\/wp-json\/wp\/v2\/users\/2"}],"replies":[{"embeddable":true,"href":"https:\/\/aist.fh-hagenberg.at\/index.php\/wp-json\/wp\/v2\/comments?post=756"}],"version-history":[{"count":11,"href":"https:\/\/aist.fh-hagenberg.at\/index.php\/wp-json\/wp\/v2\/pages\/756\/revisions"}],"predecessor-version":[{"id":2952,"href":"https:\/\/aist.fh-hagenberg.at\/index.php\/wp-json\/wp\/v2\/pages\/756\/revisions\/2952"}],"up":[{"embeddable":true,"href":"https:\/\/aist.fh-hagenberg.at\/index.php\/wp-json\/wp\/v2\/pages\/36"}],"wp:attachment":[{"href":"https:\/\/aist.fh-hagenberg.at\/index.php\/wp-json\/wp\/v2\/media?parent=756"}],"wp:term":[{"taxonomy":"post_tag","embeddable":true,"href":"https:\/\/aist.fh-hagenberg.at\/index.php\/wp-json\/wp\/v2\/tags?post=756"}],"curies":[{"name":"wp","href":"https:\/\/api.w.org\/{rel}","templated":true}]}}