{"id":7554,"date":"2025-03-17T13:16:12","date_gmt":"2025-03-17T12:16:12","guid":{"rendered":"https:\/\/aist.fh-hagenberg.at\/?page_id=7554"},"modified":"2025-03-17T13:37:10","modified_gmt":"2025-03-17T12:37:10","slug":"projekt-wildschwein","status":"publish","type":"page","link":"https:\/\/aist.fh-hagenberg.at\/index.php\/de\/projekte\/projekt-wildschwein","title":{"rendered":"Projekt Wildschwein"},"content":{"rendered":"\t\t<div data-elementor-type=\"wp-page\" data-elementor-id=\"7554\" class=\"elementor elementor-7554\">\n\t\t\t\t\t\t<section class=\"elementor-section elementor-top-section elementor-element elementor-element-5976184 elementor-section-boxed elementor-section-height-default elementor-section-height-default\" data-id=\"5976184\" data-element_type=\"section\" data-settings=\"{&quot;background_background&quot;:&quot;classic&quot;,&quot;animation&quot;:&quot;none&quot;}\">\n\t\t\t\t\t\t\t<div class=\"elementor-background-overlay\"><\/div>\n\t\t\t\t\t\t\t<div class=\"elementor-container elementor-column-gap-default\">\n\t\t\t\t\t<div class=\"elementor-column elementor-col-100 elementor-top-column elementor-element elementor-element-32fcdecd\" data-id=\"32fcdecd\" data-element_type=\"column\">\n\t\t\t<div class=\"elementor-widget-wrap elementor-element-populated\">\n\t\t\t\t\t\t<div class=\"elementor-element elementor-element-1d24bbcb elementor-widget elementor-widget-image\" data-id=\"1d24bbcb\" data-element_type=\"widget\" data-widget_type=\"image.default\">\n\t\t\t\t<div class=\"elementor-widget-container\">\n\t\t\t\t\t\t\t\t\t\t\t\t\t\t\t<img decoding=\"async\" width=\"150\" height=\"150\" src=\"https:\/\/aist.fh-hagenberg.at\/wp-content\/uploads\/2025\/03\/logo-150x150.png\" class=\"attachment-thumbnail size-thumbnail wp-image-7553\" alt=\"\" srcset=\"https:\/\/aist.fh-hagenberg.at\/wp-content\/uploads\/2025\/03\/logo-150x150.png 150w, https:\/\/aist.fh-hagenberg.at\/wp-content\/uploads\/2025\/03\/logo.png 250w\" sizes=\"(max-width: 150px) 100vw, 150px\" \/>\t\t\t\t\t\t\t\t\t\t\t\t\t\t\t<\/div>\n\t\t\t\t<\/div>\n\t\t\t\t\t<\/div>\n\t\t<\/div>\n\t\t\t\t\t<\/div>\n\t\t<\/section>\n\t\t\t\t<section class=\"elementor-section elementor-top-section elementor-element elementor-element-702abe77 elementor-section-boxed elementor-section-height-default elementor-section-height-default\" data-id=\"702abe77\" data-element_type=\"section\">\n\t\t\t\t\t\t<div class=\"elementor-container elementor-column-gap-default\">\n\t\t\t\t\t<div class=\"elementor-column elementor-col-100 elementor-top-column elementor-element elementor-element-c54f14\" data-id=\"c54f14\" data-element_type=\"column\">\n\t\t\t<div class=\"elementor-widget-wrap elementor-element-populated\">\n\t\t\t\t\t\t<div class=\"elementor-element elementor-element-c43c469 elementor-widget elementor-widget-text-editor\" data-id=\"c43c469\" data-element_type=\"widget\" data-widget_type=\"text-editor.default\">\n\t\t\t\t<div class=\"elementor-widget-container\">\n\t\t\t\t\t\t\t\t\t<p>Die aktuelle Pandemie der Afrikanischen Schweinepest (ASP) stellt eine erhebliche Bedrohung f\u00fcr die Wildschweinpopulationen und die Hausschweinehaltung dar. Die fr\u00fchzeitige Erkennung infizierter Kadaver in bewaldeten Gebieten ist entscheidend, um die Ausbreitung der Krankheit einzud\u00e4mmen. Das &#8222;Projekt Wildschwein &#8211; Adapting a digital nose for the detection of volatile organic compounds to locate wild boar carcasses in forests&#8220; baut auf den Erkenntnissen des Projekts <a href=\"https:\/\/pure.fh-ooe.at\/de\/projects\/diginase-development-of-a-digital-nose-for-early-detection-of-tre\">DigitalNose<\/a> auf und passt dessen Technologie zum Nachweis fl\u00fcchtiger organischer Verbindungen (VOC) an, die bei der Zersetzung von Wildschweinkadavern freigesetzt werden. Diese Technologie soll \u00fcber Drohnen und\/oder bodengest\u00fctzte Sensornetzwerke eingesetzt werden und eine schnelle und effiziente Lokalisierung von Kadavern erm\u00f6glichen.<\/p><p data-start=\"935\" data-end=\"1249\" data-is-last-node=\"\" data-is-only-node=\"\">Die AIST Forschungsgruppe unterst\u00fctzt in diesem Vorhaben die Kollegen der Partnerforschungsgruppe des\u00a0<a href=\"https:\/\/www.digitalmedialab.at\/\">Digital Media Lab<\/a> und <a href=\"https:\/\/fh-ooe.at\/forschung\/research-center-wels\/forschungsschwerpunkte\/lebensmittel-und-biotechnologie\/agrartechnologie\/projekt-team-agr\">AGR<\/a>.<\/p>\t\t\t\t\t\t\t\t<\/div>\n\t\t\t\t<\/div>\n\t\t\t\t<div class=\"elementor-element elementor-element-350cbd68 elementor-widget-divider--separator-type-pattern elementor-widget-divider--view-line elementor-widget elementor-widget-divider\" data-id=\"350cbd68\" data-element_type=\"widget\" data-widget_type=\"divider.default\">\n\t\t\t\t<div class=\"elementor-widget-container\">\n\t\t\t\t\t\t\t<div class=\"elementor-divider\" style=\"--divider-pattern-url: url(&quot;data:image\/svg+xml,%3Csvg xmlns=&#039;http:\/\/www.w3.org\/2000\/svg&#039; preserveAspectRatio=&#039;none&#039; overflow=&#039;visible&#039; height=&#039;100%&#039; viewBox=&#039;0 0 24 24&#039; fill=&#039;none&#039; stroke=&#039;black&#039; stroke-width=&#039;1&#039; stroke-linecap=&#039;square&#039; stroke-miterlimit=&#039;10&#039;%3E%3Cpolyline points=&#039;0,18 12,6 24,18 &#039;\/%3E%3C\/svg%3E&quot;);\">\n\t\t\t<span class=\"elementor-divider-separator\">\n\t\t\t\t\t\t<\/span>\n\t\t<\/div>\n\t\t\t\t\t\t<\/div>\n\t\t\t\t<\/div>\n\t\t\t\t<div class=\"elementor-element elementor-element-15620510 elementor-widget elementor-widget-text-editor\" data-id=\"15620510\" data-element_type=\"widget\" data-widget_type=\"text-editor.default\">\n\t\t\t\t<div class=\"elementor-widget-container\">\n\t\t\t\t\t\t\t\t\t<p><strong>Laufzeit:\u00a0<\/strong>01.09.2024 &#8211; 30.08.2025<br \/><strong>F\u00f6rdergeber\/-programm: <\/strong>Land Ober\u00f6sterreich<\/p>\t\t\t\t\t\t\t\t<\/div>\n\t\t\t\t<\/div>\n\t\t\t\t\t<\/div>\n\t\t<\/div>\n\t\t\t\t\t<\/div>\n\t\t<\/section>\n\t\t\t\t<\/div>\n\t\t","protected":false},"excerpt":{"rendered":"<p>Die aktuelle Pandemie der Afrikanischen Schweinepest (ASP) stellt eine erhebliche Bedrohung f\u00fcr die Wildschweinpopulationen und die Hausschweinehaltung dar. Die fr\u00fchzeitige [&hellip;]<\/p>\n","protected":false},"author":10,"featured_media":0,"parent":30,"menu_order":0,"comment_status":"closed","ping_status":"closed","template":"","meta":{"footnotes":""},"tags":[],"class_list":["post-7554","page","type-page","status-publish","hentry","col-lg-4 col-md-6"],"_links":{"self":[{"href":"https:\/\/aist.fh-hagenberg.at\/index.php\/wp-json\/wp\/v2\/pages\/7554","targetHints":{"allow":["GET"]}}],"collection":[{"href":"https:\/\/aist.fh-hagenberg.at\/index.php\/wp-json\/wp\/v2\/pages"}],"about":[{"href":"https:\/\/aist.fh-hagenberg.at\/index.php\/wp-json\/wp\/v2\/types\/page"}],"author":[{"embeddable":true,"href":"https:\/\/aist.fh-hagenberg.at\/index.php\/wp-json\/wp\/v2\/users\/10"}],"replies":[{"embeddable":true,"href":"https:\/\/aist.fh-hagenberg.at\/index.php\/wp-json\/wp\/v2\/comments?post=7554"}],"version-history":[{"count":13,"href":"https:\/\/aist.fh-hagenberg.at\/index.php\/wp-json\/wp\/v2\/pages\/7554\/revisions"}],"predecessor-version":[{"id":7582,"href":"https:\/\/aist.fh-hagenberg.at\/index.php\/wp-json\/wp\/v2\/pages\/7554\/revisions\/7582"}],"up":[{"embeddable":true,"href":"https:\/\/aist.fh-hagenberg.at\/index.php\/wp-json\/wp\/v2\/pages\/30"}],"wp:attachment":[{"href":"https:\/\/aist.fh-hagenberg.at\/index.php\/wp-json\/wp\/v2\/media?parent=7554"}],"wp:term":[{"taxonomy":"post_tag","embeddable":true,"href":"https:\/\/aist.fh-hagenberg.at\/index.php\/wp-json\/wp\/v2\/tags?post=7554"}],"curies":[{"name":"wp","href":"https:\/\/api.w.org\/{rel}","templated":true}]}}