{"id":7451,"date":"2025-01-30T15:32:41","date_gmt":"2025-01-30T14:32:41","guid":{"rendered":"https:\/\/aist.fh-hagenberg.at\/?page_id=7451"},"modified":"2025-02-28T13:17:08","modified_gmt":"2025-02-28T12:17:08","slug":"emarketshield","status":"publish","type":"page","link":"https:\/\/aist.fh-hagenberg.at\/index.php\/en\/projects\/emarketshield","title":{"rendered":"eMarketShield"},"content":{"rendered":"\t\t<div data-elementor-type=\"wp-page\" data-elementor-id=\"7451\" class=\"elementor elementor-7451\">\n\t\t\t\t\t\t<section class=\"elementor-section elementor-top-section elementor-element elementor-element-590d632 elementor-section-boxed elementor-section-height-default elementor-section-height-default\" data-id=\"590d632\" data-element_type=\"section\" data-settings=\"{&quot;background_background&quot;:&quot;classic&quot;,&quot;animation&quot;:&quot;none&quot;}\">\n\t\t\t\t\t\t\t<div class=\"elementor-background-overlay\"><\/div>\n\t\t\t\t\t\t\t<div class=\"elementor-container elementor-column-gap-default\">\n\t\t\t\t\t<div class=\"elementor-column elementor-col-100 elementor-top-column elementor-element elementor-element-1e22d2ba\" data-id=\"1e22d2ba\" data-element_type=\"column\">\n\t\t\t<div class=\"elementor-widget-wrap elementor-element-populated\">\n\t\t\t\t\t\t<div class=\"elementor-element elementor-element-119c511e elementor-widget elementor-widget-image\" data-id=\"119c511e\" data-element_type=\"widget\" data-widget_type=\"image.default\">\n\t\t\t\t<div class=\"elementor-widget-container\">\n\t\t\t\t\t\t\t\t\t\t\t\t\t\t\t<img decoding=\"async\" src=\"https:\/\/aist.fh-hagenberg.at\/wp-content\/uploads\/2025\/01\/Artboard-1.png\" title=\"Artboard 1\" alt=\"Artboard 1\" loading=\"lazy\" \/>\t\t\t\t\t\t\t\t\t\t\t\t\t\t\t<\/div>\n\t\t\t\t<\/div>\n\t\t\t\t\t<\/div>\n\t\t<\/div>\n\t\t\t\t\t<\/div>\n\t\t<\/section>\n\t\t\t\t<section class=\"elementor-section elementor-top-section elementor-element elementor-element-3bb5137d elementor-section-boxed elementor-section-height-default elementor-section-height-default\" data-id=\"3bb5137d\" data-element_type=\"section\">\n\t\t\t\t\t\t<div class=\"elementor-container elementor-column-gap-default\">\n\t\t\t\t\t<div class=\"elementor-column elementor-col-100 elementor-top-column elementor-element elementor-element-3a404b2b\" data-id=\"3a404b2b\" data-element_type=\"column\">\n\t\t\t<div class=\"elementor-widget-wrap elementor-element-populated\">\n\t\t\t\t\t\t<div class=\"elementor-element elementor-element-47ee09a1 elementor-widget elementor-widget-text-editor\" data-id=\"47ee09a1\" data-element_type=\"widget\" data-widget_type=\"text-editor.default\">\n\t\t\t\t<div class=\"elementor-widget-container\">\n\t\t\t\t\t\t\t\t\t<p>The eMarketShield project aims to develop and evaluate risk-based control approaches specifically adapted to the requirements of market surveillance in online retail using a data-supported decision-making basis. The project builds on proven approaches to risk-based control in stationary retail. For selected use cases in the area of food supplements, own approaches are implemented as part of the data collection and compared with existing solutions. In addition to crawling (capturing the structure and content of a website), scraping (reading out texts) and API access (interfaces between different systems), current artificial intelligence (AI) methods such as large language models (understanding natural language) are also used. In addition, special attention is paid to promoting Austria&#8217;s digital sovereignty by developing and implementing these technologies and control approaches in a national context.<\/p>\t\t\t\t\t\t\t\t<\/div>\n\t\t\t\t<\/div>\n\t\t\t\t<div class=\"elementor-element elementor-element-760ec395 elementor-widget-divider--separator-type-pattern elementor-widget-divider--view-line elementor-widget elementor-widget-divider\" data-id=\"760ec395\" data-element_type=\"widget\" data-widget_type=\"divider.default\">\n\t\t\t\t<div class=\"elementor-widget-container\">\n\t\t\t\t\t\t\t<div class=\"elementor-divider\" style=\"--divider-pattern-url: url(&quot;data:image\/svg+xml,%3Csvg xmlns=&#039;http:\/\/www.w3.org\/2000\/svg&#039; preserveAspectRatio=&#039;none&#039; overflow=&#039;visible&#039; height=&#039;100%&#039; viewBox=&#039;0 0 24 24&#039; fill=&#039;none&#039; stroke=&#039;black&#039; stroke-width=&#039;1&#039; stroke-linecap=&#039;square&#039; stroke-miterlimit=&#039;10&#039;%3E%3Cpolyline points=&#039;0,18 12,6 24,18 &#039;\/%3E%3C\/svg%3E&quot;);\">\n\t\t\t<span class=\"elementor-divider-separator\">\n\t\t\t\t\t\t<\/span>\n\t\t<\/div>\n\t\t\t\t\t\t<\/div>\n\t\t\t\t<\/div>\n\t\t\t\t<div class=\"elementor-element elementor-element-6fae7078 elementor-widget elementor-widget-text-editor\" data-id=\"6fae7078\" data-element_type=\"widget\" data-widget_type=\"text-editor.default\">\n\t\t\t\t<div class=\"elementor-widget-container\">\n\t\t\t\t\t\t\t\t\t<p><strong>Runtime: <\/strong>01. 10.2024 \u2013 31.09.2026<br \/><strong>Partner:\u00a0 <\/strong>\u00d6sterreichische Agentur f\u00fcr Gesundheit und Ern\u00e4hrungssicherheit GmbH, Bundesministerium f\u00fcr Soziales, Gesundheit, Pflege und Konsumentenschutz (BMSGPK), \u00d6sterreichisches Institut f\u00fcr angewandte Telekommunikation (\u00d6IAT), LIqua Linzer Institut f\u00fcr qualitative Analysen, X-Net Services GmbH, Xylem Science and Technology Management GmbH<br \/><strong>Funding: <\/strong>Austrian Research Promotion Agency (FFG) &#8211; Kiras<\/p>\t\t\t\t\t\t\t\t<\/div>\n\t\t\t\t<\/div>\n\t\t\t\t\t<\/div>\n\t\t<\/div>\n\t\t\t\t\t<\/div>\n\t\t<\/section>\n\t\t\t\t<\/div>\n\t\t","protected":false},"excerpt":{"rendered":"<p>The eMarketShield project aims to develop and evaluate risk-based control approaches specifically adapted to the requirements of market surveillance in [&hellip;]<\/p>\n","protected":false},"author":10,"featured_media":0,"parent":392,"menu_order":0,"comment_status":"closed","ping_status":"closed","template":"","meta":{"footnotes":""},"tags":[],"class_list":["post-7451","page","type-page","status-publish","hentry","col-lg-4 col-md-6"],"_links":{"self":[{"href":"https:\/\/aist.fh-hagenberg.at\/index.php\/wp-json\/wp\/v2\/pages\/7451","targetHints":{"allow":["GET"]}}],"collection":[{"href":"https:\/\/aist.fh-hagenberg.at\/index.php\/wp-json\/wp\/v2\/pages"}],"about":[{"href":"https:\/\/aist.fh-hagenberg.at\/index.php\/wp-json\/wp\/v2\/types\/page"}],"author":[{"embeddable":true,"href":"https:\/\/aist.fh-hagenberg.at\/index.php\/wp-json\/wp\/v2\/users\/10"}],"replies":[{"embeddable":true,"href":"https:\/\/aist.fh-hagenberg.at\/index.php\/wp-json\/wp\/v2\/comments?post=7451"}],"version-history":[{"count":10,"href":"https:\/\/aist.fh-hagenberg.at\/index.php\/wp-json\/wp\/v2\/pages\/7451\/revisions"}],"predecessor-version":[{"id":7509,"href":"https:\/\/aist.fh-hagenberg.at\/index.php\/wp-json\/wp\/v2\/pages\/7451\/revisions\/7509"}],"up":[{"embeddable":true,"href":"https:\/\/aist.fh-hagenberg.at\/index.php\/wp-json\/wp\/v2\/pages\/392"}],"wp:attachment":[{"href":"https:\/\/aist.fh-hagenberg.at\/index.php\/wp-json\/wp\/v2\/media?parent=7451"}],"wp:term":[{"taxonomy":"post_tag","embeddable":true,"href":"https:\/\/aist.fh-hagenberg.at\/index.php\/wp-json\/wp\/v2\/tags?post=7451"}],"curies":[{"name":"wp","href":"https:\/\/api.w.org\/{rel}","templated":true}]}}