{"id":7439,"date":"2025-01-30T15:05:25","date_gmt":"2025-01-30T14:05:25","guid":{"rendered":"https:\/\/aist.fh-hagenberg.at\/?page_id=7439"},"modified":"2025-01-30T15:35:06","modified_gmt":"2025-01-30T14:35:06","slug":"emarketshield","status":"publish","type":"page","link":"https:\/\/aist.fh-hagenberg.at\/index.php\/de\/projekte\/emarketshield","title":{"rendered":"eMarketShield"},"content":{"rendered":"\t\t<div data-elementor-type=\"wp-page\" data-elementor-id=\"7439\" class=\"elementor elementor-7439\">\n\t\t\t\t\t\t<section class=\"elementor-section elementor-top-section elementor-element elementor-element-590d632 elementor-section-boxed elementor-section-height-default elementor-section-height-default\" data-id=\"590d632\" data-element_type=\"section\" data-settings=\"{&quot;background_background&quot;:&quot;classic&quot;,&quot;animation&quot;:&quot;none&quot;}\">\n\t\t\t\t\t\t\t<div class=\"elementor-background-overlay\"><\/div>\n\t\t\t\t\t\t\t<div class=\"elementor-container elementor-column-gap-default\">\n\t\t\t\t\t<div class=\"elementor-column elementor-col-100 elementor-top-column elementor-element elementor-element-1e22d2ba\" data-id=\"1e22d2ba\" data-element_type=\"column\">\n\t\t\t<div class=\"elementor-widget-wrap elementor-element-populated\">\n\t\t\t\t\t\t<div class=\"elementor-element elementor-element-119c511e elementor-widget elementor-widget-image\" data-id=\"119c511e\" data-element_type=\"widget\" data-widget_type=\"image.default\">\n\t\t\t\t<div class=\"elementor-widget-container\">\n\t\t\t\t\t\t\t\t\t\t\t\t\t\t\t<img decoding=\"async\" src=\"https:\/\/aist.fh-hagenberg.at\/wp-content\/uploads\/2025\/01\/Artboard-1.png\" title=\"Artboard 1\" alt=\"Artboard 1\" loading=\"lazy\" \/>\t\t\t\t\t\t\t\t\t\t\t\t\t\t\t<\/div>\n\t\t\t\t<\/div>\n\t\t\t\t\t<\/div>\n\t\t<\/div>\n\t\t\t\t\t<\/div>\n\t\t<\/section>\n\t\t\t\t<section class=\"elementor-section elementor-top-section elementor-element elementor-element-3bb5137d elementor-section-boxed elementor-section-height-default elementor-section-height-default\" data-id=\"3bb5137d\" data-element_type=\"section\">\n\t\t\t\t\t\t<div class=\"elementor-container elementor-column-gap-default\">\n\t\t\t\t\t<div class=\"elementor-column elementor-col-100 elementor-top-column elementor-element elementor-element-3a404b2b\" data-id=\"3a404b2b\" data-element_type=\"column\">\n\t\t\t<div class=\"elementor-widget-wrap elementor-element-populated\">\n\t\t\t\t\t\t<div class=\"elementor-element elementor-element-47ee09a1 elementor-widget elementor-widget-text-editor\" data-id=\"47ee09a1\" data-element_type=\"widget\" data-widget_type=\"text-editor.default\">\n\t\t\t\t<div class=\"elementor-widget-container\">\n\t\t\t\t\t\t\t\t\t<p>Das Projekt eMarketShield zielt darauf ab, speziell auf die Anforderungen der Markt\u00fcberwachung des Onlinehandels angepasste risikobasierte Kontrollans\u00e4tze mittels datengest\u00fctzter Entscheidungsgrundlage zu entwickeln und zu evaluieren. Das Projekt baut auf bew\u00e4hrten Ans\u00e4tzen der risikobasierten Kontrolle im station\u00e4ren Handel auf. F\u00fcr ausgew\u00e4hlte Anwendungsf\u00e4lle aus dem Bereich der Nahrungserg\u00e4nzungsmittel werden im Rahmen der Datenerhebung eigene Ans\u00e4tze implementiert und mit bestehenden L\u00f6sungen verglichen. Dabei kommen neben Crawling (Erfassen von Struktur und Inhalt einer Website), Scraping (Auslesen von Texten) und API-Zugriffen (Schnittstellen zwischen verschiedenen Systemen) auch aktuelle Methoden der K\u00fcnstliche Intelligenz (KI) wie Large Language Models (verstehen nat\u00fcrliche Sprache) zum Einsatz. Zus\u00e4tzlich wird ein besonderes Augenmerk auf die F\u00f6rderung der digitalen Souver\u00e4nit\u00e4t \u00d6sterreichs gelegt, indem die Entwicklung und Implementierung dieser Technologien und Kontrollans\u00e4tze im nationalen Kontext erfolgt.<\/p>\t\t\t\t\t\t\t\t<\/div>\n\t\t\t\t<\/div>\n\t\t\t\t<div class=\"elementor-element elementor-element-760ec395 elementor-widget-divider--separator-type-pattern elementor-widget-divider--view-line elementor-widget elementor-widget-divider\" data-id=\"760ec395\" data-element_type=\"widget\" data-widget_type=\"divider.default\">\n\t\t\t\t<div class=\"elementor-widget-container\">\n\t\t\t\t\t\t\t<div class=\"elementor-divider\" style=\"--divider-pattern-url: url(&quot;data:image\/svg+xml,%3Csvg xmlns=&#039;http:\/\/www.w3.org\/2000\/svg&#039; preserveAspectRatio=&#039;none&#039; overflow=&#039;visible&#039; height=&#039;100%&#039; viewBox=&#039;0 0 24 24&#039; fill=&#039;none&#039; stroke=&#039;black&#039; stroke-width=&#039;1&#039; stroke-linecap=&#039;square&#039; stroke-miterlimit=&#039;10&#039;%3E%3Cpolyline points=&#039;0,18 12,6 24,18 &#039;\/%3E%3C\/svg%3E&quot;);\">\n\t\t\t<span class=\"elementor-divider-separator\">\n\t\t\t\t\t\t<\/span>\n\t\t<\/div>\n\t\t\t\t\t\t<\/div>\n\t\t\t\t<\/div>\n\t\t\t\t<div class=\"elementor-element elementor-element-6fae7078 elementor-widget elementor-widget-text-editor\" data-id=\"6fae7078\" data-element_type=\"widget\" data-widget_type=\"text-editor.default\">\n\t\t\t\t<div class=\"elementor-widget-container\">\n\t\t\t\t\t\t\t\t\t<p><strong>Laufzeit: <\/strong>01. 10.2024 \u2013 31.09.2026<br \/><strong>Partner:\u00a0 <\/strong>\u00d6sterreichische Agentur f\u00fcr Gesundheit und Ern\u00e4hrungssicherheit GmbH, Bundesministerium f\u00fcr Soziales, Gesundheit, Pflege und Konsumentenschutz (BMSGPK), \u00d6sterreichisches Institut f\u00fcr angewandte Telekommunikation (\u00d6IAT), LIqua Linzer Institut f\u00fcr qualitative Analysen, X-Net Services GmbH, Xylem Science and Technology Management GmbH<br \/><strong>F\u00f6rdergeber\/-programm:\u00a0<\/strong>\u00d6sterreichische Forschungsf\u00f6rderungsgesellschaft FFG &#8211; Kiras<\/p>\t\t\t\t\t\t\t\t<\/div>\n\t\t\t\t<\/div>\n\t\t\t\t\t<\/div>\n\t\t<\/div>\n\t\t\t\t\t<\/div>\n\t\t<\/section>\n\t\t\t\t<\/div>\n\t\t","protected":false},"excerpt":{"rendered":"<p>Das Projekt eMarketShield zielt darauf ab, speziell auf die Anforderungen der Markt\u00fcberwachung des Onlinehandels angepasste risikobasierte Kontrollans\u00e4tze mittels datengest\u00fctzter Entscheidungsgrundlage [&hellip;]<\/p>\n","protected":false},"author":10,"featured_media":0,"parent":30,"menu_order":0,"comment_status":"closed","ping_status":"closed","template":"","meta":{"footnotes":""},"tags":[],"class_list":["post-7439","page","type-page","status-publish","hentry","col-lg-4 col-md-6"],"_links":{"self":[{"href":"https:\/\/aist.fh-hagenberg.at\/index.php\/wp-json\/wp\/v2\/pages\/7439","targetHints":{"allow":["GET"]}}],"collection":[{"href":"https:\/\/aist.fh-hagenberg.at\/index.php\/wp-json\/wp\/v2\/pages"}],"about":[{"href":"https:\/\/aist.fh-hagenberg.at\/index.php\/wp-json\/wp\/v2\/types\/page"}],"author":[{"embeddable":true,"href":"https:\/\/aist.fh-hagenberg.at\/index.php\/wp-json\/wp\/v2\/users\/10"}],"replies":[{"embeddable":true,"href":"https:\/\/aist.fh-hagenberg.at\/index.php\/wp-json\/wp\/v2\/comments?post=7439"}],"version-history":[{"count":13,"href":"https:\/\/aist.fh-hagenberg.at\/index.php\/wp-json\/wp\/v2\/pages\/7439\/revisions"}],"predecessor-version":[{"id":7461,"href":"https:\/\/aist.fh-hagenberg.at\/index.php\/wp-json\/wp\/v2\/pages\/7439\/revisions\/7461"}],"up":[{"embeddable":true,"href":"https:\/\/aist.fh-hagenberg.at\/index.php\/wp-json\/wp\/v2\/pages\/30"}],"wp:attachment":[{"href":"https:\/\/aist.fh-hagenberg.at\/index.php\/wp-json\/wp\/v2\/media?parent=7439"}],"wp:term":[{"taxonomy":"post_tag","embeddable":true,"href":"https:\/\/aist.fh-hagenberg.at\/index.php\/wp-json\/wp\/v2\/tags?post=7439"}],"curies":[{"name":"wp","href":"https:\/\/api.w.org\/{rel}","templated":true}]}}