{"id":7343,"date":"2024-10-15T14:48:11","date_gmt":"2024-10-15T12:48:11","guid":{"rendered":"https:\/\/aist.fh-hagenberg.at\/?page_id=7343"},"modified":"2024-10-15T15:37:58","modified_gmt":"2024-10-15T13:37:58","slug":"thumper","status":"publish","type":"page","link":"https:\/\/aist.fh-hagenberg.at\/index.php\/de\/thumper","title":{"rendered":"Thumper"},"content":{"rendered":"\t\t<div data-elementor-type=\"wp-page\" data-elementor-id=\"7343\" class=\"elementor elementor-7343\">\n\t\t\t\t\t\t<section class=\"elementor-section elementor-top-section elementor-element elementor-element-175e724 elementor-section-boxed elementor-section-height-default elementor-section-height-default\" data-id=\"175e724\" data-element_type=\"section\" data-e-type=\"section\" data-settings=\"{&quot;background_background&quot;:&quot;classic&quot;,&quot;animation&quot;:&quot;none&quot;}\">\n\t\t\t\t\t\t\t<div class=\"elementor-background-overlay\"><\/div>\n\t\t\t\t\t\t\t<div class=\"elementor-container elementor-column-gap-default\">\n\t\t\t\t\t<div class=\"elementor-column elementor-col-100 elementor-top-column elementor-element elementor-element-7e1628d\" data-id=\"7e1628d\" data-element_type=\"column\" data-e-type=\"column\">\n\t\t\t<div class=\"elementor-widget-wrap elementor-element-populated\">\n\t\t\t\t\t\t<div class=\"elementor-element elementor-element-7b4b072d elementor-widget elementor-widget-image\" data-id=\"7b4b072d\" data-element_type=\"widget\" data-e-type=\"widget\" data-widget_type=\"image.default\">\n\t\t\t\t<div class=\"elementor-widget-container\">\n\t\t\t\t\t\t\t\t\t\t\t\t\t\t\t<img decoding=\"async\" src=\"https:\/\/aist.fh-hagenberg.at\/wp-content\/uploads\/elementor\/thumbs\/thumper-qvlghwgpoac9w1x6lhzm503w60ddnnslt4euk9o3cw.png\" title=\"thumper\" alt=\"thumper\" loading=\"lazy\" \/>\t\t\t\t\t\t\t\t\t\t\t\t\t\t\t<\/div>\n\t\t\t\t<\/div>\n\t\t\t\t\t<\/div>\n\t\t<\/div>\n\t\t\t\t\t<\/div>\n\t\t<\/section>\n\t\t\t\t<section class=\"elementor-section elementor-top-section elementor-element elementor-element-3ccf2728 elementor-section-boxed elementor-section-height-default elementor-section-height-default\" data-id=\"3ccf2728\" data-element_type=\"section\" data-e-type=\"section\">\n\t\t\t\t\t\t<div class=\"elementor-container elementor-column-gap-default\">\n\t\t\t\t\t<div class=\"elementor-column elementor-col-100 elementor-top-column elementor-element elementor-element-5bc70169\" data-id=\"5bc70169\" data-element_type=\"column\" data-e-type=\"column\">\n\t\t\t<div class=\"elementor-widget-wrap elementor-element-populated\">\n\t\t\t\t\t\t<div class=\"elementor-element elementor-element-cf02046 elementor-widget elementor-widget-text-editor\" data-id=\"cf02046\" data-element_type=\"widget\" data-e-type=\"widget\" data-widget_type=\"text-editor.default\">\n\t\t\t\t<div class=\"elementor-widget-container\">\n\t\t\t\t\t\t\t\t\t<p>Die drohende Klimakrise bedroht die Integrit\u00e4t von Lebensr\u00e4umen wie W\u00e4ldern, die f\u00fcr das \u00dcberleben zahlreicher Arten und das \u00f6kologische Gleichgewicht essentiell sind. Der Schutz der biologischen Vielfalt erfordert eine effektive \u00dcberwachung von Wildtierpopulationen, was mit aktuellen Methoden wie Kamerafallen oft ineffizient ist, insbesondere in gro\u00dfen, bewaldeten Gebieten. Das <a href=\"https:\/\/aist.fh-hagenberg.at\/index.php\/de\/projekte\/bambi\">BAMBI-Projek<\/a>t nutzt daher luftgest\u00fctztes Lichtfeld-Sampling (ALFS), um mithilfe von K\u00fcnstlicher Intelligenz Tiere trotz Vegetationsverdeckungen zu detektieren. Eine Herausforderung besteht jedoch in der Erkennung von bewegten Tieren, die f\u00fcr die KI schwer erfassbar sind. Um dies zu verbessern, sollen im Schwesternprojekt THUMPER (Temporally-connected detection of Hidden, Underrepresented and Moving Populations for Estimation and Recognition) neue KI-Methoden entwickelt werden, die zeitlich zusammenh\u00e4ngende Videobilder kombinieren. Zus\u00e4tzlich werden synthetische Daten durch CGI-Simulationen und generative KI-Ans\u00e4tze erzeugt, um die KI-Modelle zu trainieren.<\/p>\t\t\t\t\t\t\t\t<\/div>\n\t\t\t\t<\/div>\n\t\t\t\t<div class=\"elementor-element elementor-element-1cfdfa12 elementor-widget-divider--separator-type-pattern elementor-widget-divider--view-line elementor-widget elementor-widget-divider\" data-id=\"1cfdfa12\" data-element_type=\"widget\" data-e-type=\"widget\" data-widget_type=\"divider.default\">\n\t\t\t\t<div class=\"elementor-widget-container\">\n\t\t\t\t\t\t\t<div class=\"elementor-divider\" style=\"--divider-pattern-url: url(&quot;data:image\/svg+xml,%3Csvg xmlns=&#039;http:\/\/www.w3.org\/2000\/svg&#039; preserveAspectRatio=&#039;none&#039; overflow=&#039;visible&#039; height=&#039;100%&#039; viewBox=&#039;0 0 24 24&#039; fill=&#039;none&#039; stroke=&#039;black&#039; stroke-width=&#039;1&#039; stroke-linecap=&#039;square&#039; stroke-miterlimit=&#039;10&#039;%3E%3Cpolyline points=&#039;0,18 12,6 24,18 &#039;\/%3E%3C\/svg%3E&quot;);\">\n\t\t\t<span class=\"elementor-divider-separator\">\n\t\t\t\t\t\t<\/span>\n\t\t<\/div>\n\t\t\t\t\t\t<\/div>\n\t\t\t\t<\/div>\n\t\t\t\t<div class=\"elementor-element elementor-element-893af05 elementor-widget elementor-widget-text-editor\" data-id=\"893af05\" data-element_type=\"widget\" data-e-type=\"widget\" data-widget_type=\"text-editor.default\">\n\t\t\t\t<div class=\"elementor-widget-container\">\n\t\t\t\t\t\t\t\t\t<p><strong>Laufzeit:&nbsp;<\/strong>01.10.2024 &#8211; 31.09.2026<br><span style=\"font-weight: bolder;\">Dissertant:&nbsp;<\/span>Christoph Praschl<br><strong>F\u00f6rdergeber\/-programm:&nbsp;<\/strong>\u00d6sterreichische Forschungsf\u00f6rderungsgesellschaft FFG &#8211; Dissertationsprogramm der Fachhochschule O\u00d6<\/p>\t\t\t\t\t\t\t\t<\/div>\n\t\t\t\t<\/div>\n\t\t\t\t\t<\/div>\n\t\t<\/div>\n\t\t\t\t\t<\/div>\n\t\t<\/section>\n\t\t\t\t<\/div>\n\t\t","protected":false},"excerpt":{"rendered":"<p>Die drohende Klimakrise bedroht die Integrit\u00e4t von Lebensr\u00e4umen wie W\u00e4ldern, die f\u00fcr das \u00dcberleben zahlreicher Arten und das \u00f6kologische Gleichgewicht [&hellip;]<\/p>\n","protected":false},"author":10,"featured_media":0,"parent":0,"menu_order":0,"comment_status":"closed","ping_status":"closed","template":"","meta":{"footnotes":""},"tags":[],"class_list":["post-7343","page","type-page","status-publish","hentry","col-lg-4 col-md-6"],"_links":{"self":[{"href":"https:\/\/aist.fh-hagenberg.at\/index.php\/wp-json\/wp\/v2\/pages\/7343","targetHints":{"allow":["GET"]}}],"collection":[{"href":"https:\/\/aist.fh-hagenberg.at\/index.php\/wp-json\/wp\/v2\/pages"}],"about":[{"href":"https:\/\/aist.fh-hagenberg.at\/index.php\/wp-json\/wp\/v2\/types\/page"}],"author":[{"embeddable":true,"href":"https:\/\/aist.fh-hagenberg.at\/index.php\/wp-json\/wp\/v2\/users\/10"}],"replies":[{"embeddable":true,"href":"https:\/\/aist.fh-hagenberg.at\/index.php\/wp-json\/wp\/v2\/comments?post=7343"}],"version-history":[{"count":7,"href":"https:\/\/aist.fh-hagenberg.at\/index.php\/wp-json\/wp\/v2\/pages\/7343\/revisions"}],"predecessor-version":[{"id":7364,"href":"https:\/\/aist.fh-hagenberg.at\/index.php\/wp-json\/wp\/v2\/pages\/7343\/revisions\/7364"}],"wp:attachment":[{"href":"https:\/\/aist.fh-hagenberg.at\/index.php\/wp-json\/wp\/v2\/media?parent=7343"}],"wp:term":[{"taxonomy":"post_tag","embeddable":true,"href":"https:\/\/aist.fh-hagenberg.at\/index.php\/wp-json\/wp\/v2\/tags?post=7343"}],"curies":[{"name":"wp","href":"https:\/\/api.w.org\/{rel}","templated":true}]}}