{"id":7056,"date":"2024-03-14T09:54:50","date_gmt":"2024-03-14T08:54:50","guid":{"rendered":"https:\/\/aist.fh-hagenberg.at\/?page_id=7056"},"modified":"2024-03-14T10:01:39","modified_gmt":"2024-03-14T09:01:39","slug":"replient","status":"publish","type":"page","link":"https:\/\/aist.fh-hagenberg.at\/index.php\/de\/projekte\/replient","title":{"rendered":"Replient"},"content":{"rendered":"\t\t<div data-elementor-type=\"wp-page\" data-elementor-id=\"7056\" class=\"elementor elementor-7056\">\n\t\t\t\t\t\t<section class=\"elementor-section elementor-top-section elementor-element elementor-element-758d044 elementor-section-boxed elementor-section-height-default elementor-section-height-default\" data-id=\"758d044\" data-element_type=\"section\" data-settings=\"{&quot;background_background&quot;:&quot;classic&quot;,&quot;animation&quot;:&quot;none&quot;}\">\n\t\t\t\t\t\t\t<div class=\"elementor-background-overlay\"><\/div>\n\t\t\t\t\t\t\t<div class=\"elementor-container elementor-column-gap-default\">\n\t\t\t\t\t<div class=\"elementor-column elementor-col-100 elementor-top-column elementor-element elementor-element-1d4581dd\" data-id=\"1d4581dd\" data-element_type=\"column\">\n\t\t\t<div class=\"elementor-widget-wrap elementor-element-populated\">\n\t\t\t\t\t\t<div class=\"elementor-element elementor-element-7d934593 elementor-widget elementor-widget-image\" data-id=\"7d934593\" data-element_type=\"widget\" data-widget_type=\"image.default\">\n\t\t\t\t<div class=\"elementor-widget-container\">\n\t\t\t\t\t\t\t\t\t\t\t\t\t\t\t<img decoding=\"async\" width=\"150\" height=\"150\" src=\"https:\/\/aist.fh-hagenberg.at\/wp-content\/uploads\/2024\/03\/replient-150x150.png\" class=\"attachment-thumbnail size-thumbnail wp-image-7055\" alt=\"\" srcset=\"https:\/\/aist.fh-hagenberg.at\/wp-content\/uploads\/2024\/03\/replient-150x150.png 150w, https:\/\/aist.fh-hagenberg.at\/wp-content\/uploads\/2024\/03\/replient.png 250w\" sizes=\"(max-width: 150px) 100vw, 150px\" \/>\t\t\t\t\t\t\t\t\t\t\t\t\t\t\t<\/div>\n\t\t\t\t<\/div>\n\t\t\t\t\t<\/div>\n\t\t<\/div>\n\t\t\t\t\t<\/div>\n\t\t<\/section>\n\t\t\t\t<section class=\"elementor-section elementor-top-section elementor-element elementor-element-4143e8b6 elementor-section-boxed elementor-section-height-default elementor-section-height-default\" data-id=\"4143e8b6\" data-element_type=\"section\">\n\t\t\t\t\t\t<div class=\"elementor-container elementor-column-gap-default\">\n\t\t\t\t\t<div class=\"elementor-column elementor-col-100 elementor-top-column elementor-element elementor-element-7fb89824\" data-id=\"7fb89824\" data-element_type=\"column\">\n\t\t\t<div class=\"elementor-widget-wrap elementor-element-populated\">\n\t\t\t\t\t\t<div class=\"elementor-element elementor-element-51a99fc5 elementor-widget elementor-widget-text-editor\" data-id=\"51a99fc5\" data-element_type=\"widget\" data-widget_type=\"text-editor.default\">\n\t\t\t\t<div class=\"elementor-widget-container\">\n\t\t\t\t\t\t\t\t\t<p>Innerhalb der Projektkooperation mit Doppel N Marketing GmbH wird an der Entwicklung einer innovativen Software geforscht, die mittels KI-Technologien die Verwaltung von Kommentaren auf Social Media Plattformen optimieren soll. Die Software soll in der Lage sein, dem User drei markenspezifische, KI-generierte Antworten auf neue Social Media Kommentare anzubieten. Dazu analysiert sie die Website des Unternehmens und lernt aus historischen Kommentaren. Die Software soll signifikante Zeit- und Kosteneinsparungen f\u00fcr User erm\u00f6glichen, indem es eine effiziente, automatisierte Antwortfindung und ein tiefgreifendes Verst\u00e4ndnis der Kundeninteraktionen gew\u00e4hrleistet. Ein besonderer Fokus dieses Projekts liegt auf der Entwicklung einer Sentiment-Analyse aller historischen Kommentare, um imn Form eines Dashboard den Usern einen verbesserten \u00dcberblick zu bieten und das Antwort-Prompting darauf basierend zu optimieren. Letztendlich soll jedes historische und neue Kommentar der Social Media Seite des Users mittels k\u00fcnstlicher Intelligenz einer der zuvor definierten Kategorien zugewiesen werden.<\/p>\t\t\t\t\t\t\t\t<\/div>\n\t\t\t\t<\/div>\n\t\t\t\t<div class=\"elementor-element elementor-element-5c6d3187 elementor-widget-divider--separator-type-pattern elementor-widget-divider--view-line elementor-widget elementor-widget-divider\" data-id=\"5c6d3187\" data-element_type=\"widget\" data-widget_type=\"divider.default\">\n\t\t\t\t<div class=\"elementor-widget-container\">\n\t\t\t\t\t\t\t<div class=\"elementor-divider\" style=\"--divider-pattern-url: url(&quot;data:image\/svg+xml,%3Csvg xmlns=&#039;http:\/\/www.w3.org\/2000\/svg&#039; preserveAspectRatio=&#039;none&#039; overflow=&#039;visible&#039; height=&#039;100%&#039; viewBox=&#039;0 0 24 24&#039; fill=&#039;none&#039; stroke=&#039;black&#039; stroke-width=&#039;1&#039; stroke-linecap=&#039;square&#039; stroke-miterlimit=&#039;10&#039;%3E%3Cpolyline points=&#039;0,18 12,6 24,18 &#039;\/%3E%3C\/svg%3E&quot;);\">\n\t\t\t<span class=\"elementor-divider-separator\">\n\t\t\t\t\t\t<\/span>\n\t\t<\/div>\n\t\t\t\t\t\t<\/div>\n\t\t\t\t<\/div>\n\t\t\t\t<div class=\"elementor-element elementor-element-13d96c23 elementor-widget elementor-widget-text-editor\" data-id=\"13d96c23\" data-element_type=\"widget\" data-widget_type=\"text-editor.default\">\n\t\t\t\t<div class=\"elementor-widget-container\">\n\t\t\t\t\t\t\t\t\t<p><strong>Laufzeit:\u00a0<\/strong>01.03.2024 &#8211; 31.08.2024<br \/><strong>Partner: <\/strong>Doppel N Marketing GmbH<br \/><strong>F\u00f6rdergeber\/-programm:\u00a0<\/strong><\/p><ul><li>\u00d6sterreichische Forschungsf\u00f6rderungsgesellschaft FFG &#8211; Innovationsscheck (Fokus Sentimentanalyse)<\/li><li>easy2research (Fokus Prompt Engineering)<\/li><\/ul>\t\t\t\t\t\t\t\t<\/div>\n\t\t\t\t<\/div>\n\t\t\t\t\t<\/div>\n\t\t<\/div>\n\t\t\t\t\t<\/div>\n\t\t<\/section>\n\t\t\t\t<\/div>\n\t\t","protected":false},"excerpt":{"rendered":"<p>Innerhalb der Projektkooperation mit Doppel N Marketing GmbH wird an der Entwicklung einer innovativen Software geforscht, die mittels KI-Technologien die [&hellip;]<\/p>\n","protected":false},"author":10,"featured_media":0,"parent":30,"menu_order":0,"comment_status":"closed","ping_status":"closed","template":"","meta":{"footnotes":""},"tags":[],"class_list":["post-7056","page","type-page","status-publish","hentry","col-lg-4 col-md-6"],"_links":{"self":[{"href":"https:\/\/aist.fh-hagenberg.at\/index.php\/wp-json\/wp\/v2\/pages\/7056","targetHints":{"allow":["GET"]}}],"collection":[{"href":"https:\/\/aist.fh-hagenberg.at\/index.php\/wp-json\/wp\/v2\/pages"}],"about":[{"href":"https:\/\/aist.fh-hagenberg.at\/index.php\/wp-json\/wp\/v2\/types\/page"}],"author":[{"embeddable":true,"href":"https:\/\/aist.fh-hagenberg.at\/index.php\/wp-json\/wp\/v2\/users\/10"}],"replies":[{"embeddable":true,"href":"https:\/\/aist.fh-hagenberg.at\/index.php\/wp-json\/wp\/v2\/comments?post=7056"}],"version-history":[{"count":7,"href":"https:\/\/aist.fh-hagenberg.at\/index.php\/wp-json\/wp\/v2\/pages\/7056\/revisions"}],"predecessor-version":[{"id":7075,"href":"https:\/\/aist.fh-hagenberg.at\/index.php\/wp-json\/wp\/v2\/pages\/7056\/revisions\/7075"}],"up":[{"embeddable":true,"href":"https:\/\/aist.fh-hagenberg.at\/index.php\/wp-json\/wp\/v2\/pages\/30"}],"wp:attachment":[{"href":"https:\/\/aist.fh-hagenberg.at\/index.php\/wp-json\/wp\/v2\/media?parent=7056"}],"wp:term":[{"taxonomy":"post_tag","embeddable":true,"href":"https:\/\/aist.fh-hagenberg.at\/index.php\/wp-json\/wp\/v2\/tags?post=7056"}],"curies":[{"name":"wp","href":"https:\/\/api.w.org\/{rel}","templated":true}]}}