{"id":6899,"date":"2023-11-03T09:58:36","date_gmt":"2023-11-03T08:58:36","guid":{"rendered":"https:\/\/aist.fh-hagenberg.at\/?page_id=6899"},"modified":"2023-11-03T10:09:18","modified_gmt":"2023-11-03T09:09:18","slug":"risk-map-app","status":"publish","type":"page","link":"https:\/\/aist.fh-hagenberg.at\/index.php\/de\/projekte\/risk-map-app","title":{"rendered":"Risk Map App"},"content":{"rendered":"\t\t<div data-elementor-type=\"wp-page\" data-elementor-id=\"6899\" class=\"elementor elementor-6899\">\n\t\t\t\t\t\t<section class=\"elementor-section elementor-top-section elementor-element elementor-element-a7bee76 elementor-section-boxed elementor-section-height-default elementor-section-height-default\" data-id=\"a7bee76\" data-element_type=\"section\" data-settings=\"{&quot;background_background&quot;:&quot;classic&quot;,&quot;animation&quot;:&quot;none&quot;}\">\n\t\t\t\t\t\t\t<div class=\"elementor-background-overlay\"><\/div>\n\t\t\t\t\t\t\t<div class=\"elementor-container elementor-column-gap-default\">\n\t\t\t\t\t<div class=\"elementor-column elementor-col-100 elementor-top-column elementor-element elementor-element-558c565b\" data-id=\"558c565b\" data-element_type=\"column\">\n\t\t\t<div class=\"elementor-widget-wrap elementor-element-populated\">\n\t\t\t\t\t\t<div class=\"elementor-element elementor-element-1c0ff8ad elementor-widget elementor-widget-image\" data-id=\"1c0ff8ad\" data-element_type=\"widget\" data-widget_type=\"image.default\">\n\t\t\t\t<div class=\"elementor-widget-container\">\n\t\t\t\t\t\t\t\t\t\t\t\t\t\t\t<img decoding=\"async\" width=\"150\" height=\"150\" src=\"https:\/\/aist.fh-hagenberg.at\/wp-content\/uploads\/2023\/11\/ebuddies-150x150.png\" class=\"attachment-thumbnail size-thumbnail wp-image-6898\" alt=\"ebuddies\" srcset=\"https:\/\/aist.fh-hagenberg.at\/wp-content\/uploads\/2023\/11\/ebuddies-150x150.png 150w, https:\/\/aist.fh-hagenberg.at\/wp-content\/uploads\/2023\/11\/ebuddies.png 250w\" sizes=\"(max-width: 150px) 100vw, 150px\" \/>\t\t\t\t\t\t\t\t\t\t\t\t\t\t\t<\/div>\n\t\t\t\t<\/div>\n\t\t\t\t\t<\/div>\n\t\t<\/div>\n\t\t\t\t\t<\/div>\n\t\t<\/section>\n\t\t\t\t<section class=\"elementor-section elementor-top-section elementor-element elementor-element-77f5d40b elementor-section-boxed elementor-section-height-default elementor-section-height-default\" data-id=\"77f5d40b\" data-element_type=\"section\">\n\t\t\t\t\t\t<div class=\"elementor-container elementor-column-gap-default\">\n\t\t\t\t\t<div class=\"elementor-column elementor-col-100 elementor-top-column elementor-element elementor-element-79253463\" data-id=\"79253463\" data-element_type=\"column\">\n\t\t\t<div class=\"elementor-widget-wrap elementor-element-populated\">\n\t\t\t\t\t\t<div class=\"elementor-element elementor-element-50dafff5 elementor-widget elementor-widget-text-editor\" data-id=\"50dafff5\" data-element_type=\"widget\" data-widget_type=\"text-editor.default\">\n\t\t\t\t<div class=\"elementor-widget-container\">\n\t\t\t\t\t\t\t\t\t<p>Die weltweite Gef\u00e4hrdungslage hinsichtlich Gewaltverbrechen, Terrorismus und kriegerische Auseinandersetzungen ist h\u00f6chst unterschiedlich. Im Zuge dieses Forschungsvorhabens soll das historische Gef\u00e4hrdungslevel durch geod\u00e4sische Heat-Maps regional visualisiert und um aktuelle Ereignisse, etwa aus den Sozialen Medien, angereichert werden. So k\u00f6nnen Benutzer*innen der Applikation nicht nur bzgl. historischer Gef\u00e4hrdungslage, sondern auch im Falle von akuten Ereignissen informiert und gewarnt werden. F\u00fcr die Auswertung und Georeferenzierung der Verbrechensstatistiken werden Large Language Models verwendet.\u00a0<\/p>\t\t\t\t\t\t\t\t<\/div>\n\t\t\t\t<\/div>\n\t\t\t\t<div class=\"elementor-element elementor-element-1490cb93 elementor-widget-divider--separator-type-pattern elementor-widget-divider--view-line elementor-widget elementor-widget-divider\" data-id=\"1490cb93\" data-element_type=\"widget\" data-widget_type=\"divider.default\">\n\t\t\t\t<div class=\"elementor-widget-container\">\n\t\t\t\t\t\t\t<div class=\"elementor-divider\" style=\"--divider-pattern-url: url(&quot;data:image\/svg+xml,%3Csvg xmlns=&#039;http:\/\/www.w3.org\/2000\/svg&#039; preserveAspectRatio=&#039;none&#039; overflow=&#039;visible&#039; height=&#039;100%&#039; viewBox=&#039;0 0 24 24&#039; fill=&#039;none&#039; stroke=&#039;black&#039; stroke-width=&#039;1&#039; stroke-linecap=&#039;square&#039; stroke-miterlimit=&#039;10&#039;%3E%3Cpolyline points=&#039;0,18 12,6 24,18 &#039;\/%3E%3C\/svg%3E&quot;);\">\n\t\t\t<span class=\"elementor-divider-separator\">\n\t\t\t\t\t\t<\/span>\n\t\t<\/div>\n\t\t\t\t\t\t<\/div>\n\t\t\t\t<\/div>\n\t\t\t\t<div class=\"elementor-element elementor-element-3ae72a78 elementor-widget elementor-widget-text-editor\" data-id=\"3ae72a78\" data-element_type=\"widget\" data-widget_type=\"text-editor.default\">\n\t\t\t\t<div class=\"elementor-widget-container\">\n\t\t\t\t\t\t\t\t\t<p><strong>Laufzeit:\u00a0<\/strong>15.10.2023 &#8211; 01.06.2024<br \/><strong>Partner:\u00a0 <\/strong>eBuddies GmbH<br \/><strong>F\u00f6rdergeber\/-programm: <\/strong>easy2research, Land Ober\u00f6sterreich<\/p>\t\t\t\t\t\t\t\t<\/div>\n\t\t\t\t<\/div>\n\t\t\t\t\t<\/div>\n\t\t<\/div>\n\t\t\t\t\t<\/div>\n\t\t<\/section>\n\t\t\t\t<\/div>\n\t\t","protected":false},"excerpt":{"rendered":"<p>Die weltweite Gef\u00e4hrdungslage hinsichtlich Gewaltverbrechen, Terrorismus und kriegerische Auseinandersetzungen ist h\u00f6chst unterschiedlich. Im Zuge dieses Forschungsvorhabens soll das historische Gef\u00e4hrdungslevel [&hellip;]<\/p>\n","protected":false},"author":10,"featured_media":0,"parent":30,"menu_order":0,"comment_status":"closed","ping_status":"closed","template":"","meta":{"footnotes":""},"tags":[],"class_list":["post-6899","page","type-page","status-publish","hentry","col-lg-4 col-md-6"],"_links":{"self":[{"href":"https:\/\/aist.fh-hagenberg.at\/index.php\/wp-json\/wp\/v2\/pages\/6899","targetHints":{"allow":["GET"]}}],"collection":[{"href":"https:\/\/aist.fh-hagenberg.at\/index.php\/wp-json\/wp\/v2\/pages"}],"about":[{"href":"https:\/\/aist.fh-hagenberg.at\/index.php\/wp-json\/wp\/v2\/types\/page"}],"author":[{"embeddable":true,"href":"https:\/\/aist.fh-hagenberg.at\/index.php\/wp-json\/wp\/v2\/users\/10"}],"replies":[{"embeddable":true,"href":"https:\/\/aist.fh-hagenberg.at\/index.php\/wp-json\/wp\/v2\/comments?post=6899"}],"version-history":[{"count":4,"href":"https:\/\/aist.fh-hagenberg.at\/index.php\/wp-json\/wp\/v2\/pages\/6899\/revisions"}],"predecessor-version":[{"id":6906,"href":"https:\/\/aist.fh-hagenberg.at\/index.php\/wp-json\/wp\/v2\/pages\/6899\/revisions\/6906"}],"up":[{"embeddable":true,"href":"https:\/\/aist.fh-hagenberg.at\/index.php\/wp-json\/wp\/v2\/pages\/30"}],"wp:attachment":[{"href":"https:\/\/aist.fh-hagenberg.at\/index.php\/wp-json\/wp\/v2\/media?parent=6899"}],"wp:term":[{"taxonomy":"post_tag","embeddable":true,"href":"https:\/\/aist.fh-hagenberg.at\/index.php\/wp-json\/wp\/v2\/tags?post=6899"}],"curies":[{"name":"wp","href":"https:\/\/api.w.org\/{rel}","templated":true}]}}