{"id":6745,"date":"2023-07-31T13:47:22","date_gmt":"2023-07-31T11:47:22","guid":{"rendered":"https:\/\/aist.fh-hagenberg.at\/?page_id=6745"},"modified":"2023-08-07T09:42:32","modified_gmt":"2023-08-07T07:42:32","slug":"metabolomics-lunge","status":"publish","type":"page","link":"https:\/\/aist.fh-hagenberg.at\/index.php\/de\/projekte\/metabolomics-lunge","title":{"rendered":"Metabolomics Lunge"},"content":{"rendered":"\t\t<div data-elementor-type=\"wp-page\" data-elementor-id=\"6745\" class=\"elementor elementor-6745\">\n\t\t\t\t\t\t<section class=\"elementor-section elementor-top-section elementor-element elementor-element-691f8c02 elementor-section-boxed elementor-section-height-default elementor-section-height-default\" data-id=\"691f8c02\" data-element_type=\"section\" data-settings=\"{&quot;background_background&quot;:&quot;classic&quot;,&quot;animation&quot;:&quot;none&quot;}\">\n\t\t\t\t\t\t\t<div class=\"elementor-background-overlay\"><\/div>\n\t\t\t\t\t\t\t<div class=\"elementor-container elementor-column-gap-default\">\n\t\t\t\t\t<div class=\"elementor-column elementor-col-100 elementor-top-column elementor-element elementor-element-51109093\" data-id=\"51109093\" data-element_type=\"column\">\n\t\t\t<div class=\"elementor-widget-wrap elementor-element-populated\">\n\t\t\t\t\t\t<div class=\"elementor-element elementor-element-47a9eba7 elementor-widget elementor-widget-image\" data-id=\"47a9eba7\" data-element_type=\"widget\" data-widget_type=\"image.default\">\n\t\t\t\t<div class=\"elementor-widget-container\">\n\t\t\t\t\t\t\t\t\t\t\t\t\t\t\t<img decoding=\"async\" width=\"150\" height=\"150\" src=\"https:\/\/aist.fh-hagenberg.at\/wp-content\/uploads\/2023\/07\/metabolomics-150x150.png\" class=\"attachment-thumbnail size-thumbnail wp-image-6743\" alt=\"lung\" srcset=\"https:\/\/aist.fh-hagenberg.at\/wp-content\/uploads\/2023\/07\/metabolomics-150x150.png 150w, https:\/\/aist.fh-hagenberg.at\/wp-content\/uploads\/2023\/07\/metabolomics.png 250w\" sizes=\"(max-width: 150px) 100vw, 150px\" \/>\t\t\t\t\t\t\t\t\t\t\t\t\t\t\t<\/div>\n\t\t\t\t<\/div>\n\t\t\t\t\t<\/div>\n\t\t<\/div>\n\t\t\t\t\t<\/div>\n\t\t<\/section>\n\t\t\t\t<section class=\"elementor-section elementor-top-section elementor-element elementor-element-4039eef9 elementor-section-boxed elementor-section-height-default elementor-section-height-default\" data-id=\"4039eef9\" data-element_type=\"section\">\n\t\t\t\t\t\t<div class=\"elementor-container elementor-column-gap-default\">\n\t\t\t\t\t<div class=\"elementor-column elementor-col-100 elementor-top-column elementor-element elementor-element-5f4e25cb\" data-id=\"5f4e25cb\" data-element_type=\"column\">\n\t\t\t<div class=\"elementor-widget-wrap elementor-element-populated\">\n\t\t\t\t\t\t<div class=\"elementor-element elementor-element-5d6448e9 elementor-widget elementor-widget-text-editor\" data-id=\"5d6448e9\" data-element_type=\"widget\" data-widget_type=\"text-editor.default\">\n\t\t\t\t<div class=\"elementor-widget-container\">\n\t\t\t\t\t\t\t\t\t<p>Bei pulmonaler Hypertonie (PH; = Lungenhochdruck) sind funktionelle, krankheitsspezifische Biomarker von entscheidender Bedeutung f\u00fcr eine bessere Behandlung dieser schweren h\u00e4modynamischen Erkrankung. Die aktuelle Diagnose von PH ist schwierig und invasiv, daher wird nach alternativen und nicht invasiven diagnostischen Markern gesucht. In diesem Forschungsprojekt werden Metaboliten in der Lunge f\u00fcr die Diagnose von PH untersucht. Das Forschungsgebiet Metabolomik konzentriert sich auf die Analyse und Profilierung von einzigartigen chemischen Biomarkern (Metaboliten) wie freien Fetts\u00e4uren (FFA) und Lipiden. Durch den Einsatz fortschrittlicher Analysetechniken wie Massenspektrometrie und Kernspinresonanz (NMR) k\u00f6nnen Forscher wertvolle Einblicke in die im Lungengewebe ablaufenden Stoffwechselprozesse und -wege gewinnen. Dieser Ansatz birgt gro\u00dfes Potenzial f\u00fcr das Verst\u00e4ndnis von Lungenkrankheiten, die Identifizierung von Biomarkern und die Entwicklung gezielter Therapien zur Verbesserung der Gesundheit der Atemwege. Im Rahmen dieser Forschungskooperation soll die Analyse durch maschinelle Lernverfahren zur Risikobewertung bei PH unterst\u00fctzt werden.<\/p>\t\t\t\t\t\t\t\t<\/div>\n\t\t\t\t<\/div>\n\t\t\t\t<div class=\"elementor-element elementor-element-314b6b18 elementor-widget-divider--separator-type-pattern elementor-widget-divider--view-line elementor-widget elementor-widget-divider\" data-id=\"314b6b18\" data-element_type=\"widget\" data-widget_type=\"divider.default\">\n\t\t\t\t<div class=\"elementor-widget-container\">\n\t\t\t\t\t\t\t<div class=\"elementor-divider\" style=\"--divider-pattern-url: url(&quot;data:image\/svg+xml,%3Csvg xmlns=&#039;http:\/\/www.w3.org\/2000\/svg&#039; preserveAspectRatio=&#039;none&#039; overflow=&#039;visible&#039; height=&#039;100%&#039; viewBox=&#039;0 0 24 24&#039; fill=&#039;none&#039; stroke=&#039;black&#039; stroke-width=&#039;1&#039; stroke-linecap=&#039;square&#039; stroke-miterlimit=&#039;10&#039;%3E%3Cpolyline points=&#039;0,18 12,6 24,18 &#039;\/%3E%3C\/svg%3E&quot;);\">\n\t\t\t<span class=\"elementor-divider-separator\">\n\t\t\t\t\t\t<\/span>\n\t\t<\/div>\n\t\t\t\t\t\t<\/div>\n\t\t\t\t<\/div>\n\t\t\t\t<div class=\"elementor-element elementor-element-2f2dae6 elementor-widget elementor-widget-text-editor\" data-id=\"2f2dae6\" data-element_type=\"widget\" data-widget_type=\"text-editor.default\">\n\t\t\t\t<div class=\"elementor-widget-container\">\n\t\t\t\t\t\t\t\t\t<p><strong>Laufzeit:\u00a0<\/strong>01.04.2022 &#8211; 01.06.2024<br \/><strong>Partner:\u00a0\u00a0<\/strong>Medizinische Universit\u00e4t Graz<br \/><strong>F\u00f6rdergeber\/-programm:\u00a0<\/strong>Auftragsprojekt<\/p>\t\t\t\t\t\t\t\t<\/div>\n\t\t\t\t<\/div>\n\t\t\t\t\t<\/div>\n\t\t<\/div>\n\t\t\t\t\t<\/div>\n\t\t<\/section>\n\t\t\t\t<\/div>\n\t\t","protected":false},"excerpt":{"rendered":"<p>Bei pulmonaler Hypertonie (PH; = Lungenhochdruck) sind funktionelle, krankheitsspezifische Biomarker von entscheidender Bedeutung f\u00fcr eine bessere Behandlung dieser schweren h\u00e4modynamischen [&hellip;]<\/p>\n","protected":false},"author":10,"featured_media":0,"parent":30,"menu_order":0,"comment_status":"closed","ping_status":"closed","template":"","meta":{"footnotes":""},"tags":[],"class_list":["post-6745","page","type-page","status-publish","hentry","col-lg-4 col-md-6"],"_links":{"self":[{"href":"https:\/\/aist.fh-hagenberg.at\/index.php\/wp-json\/wp\/v2\/pages\/6745","targetHints":{"allow":["GET"]}}],"collection":[{"href":"https:\/\/aist.fh-hagenberg.at\/index.php\/wp-json\/wp\/v2\/pages"}],"about":[{"href":"https:\/\/aist.fh-hagenberg.at\/index.php\/wp-json\/wp\/v2\/types\/page"}],"author":[{"embeddable":true,"href":"https:\/\/aist.fh-hagenberg.at\/index.php\/wp-json\/wp\/v2\/users\/10"}],"replies":[{"embeddable":true,"href":"https:\/\/aist.fh-hagenberg.at\/index.php\/wp-json\/wp\/v2\/comments?post=6745"}],"version-history":[{"count":16,"href":"https:\/\/aist.fh-hagenberg.at\/index.php\/wp-json\/wp\/v2\/pages\/6745\/revisions"}],"predecessor-version":[{"id":6815,"href":"https:\/\/aist.fh-hagenberg.at\/index.php\/wp-json\/wp\/v2\/pages\/6745\/revisions\/6815"}],"up":[{"embeddable":true,"href":"https:\/\/aist.fh-hagenberg.at\/index.php\/wp-json\/wp\/v2\/pages\/30"}],"wp:attachment":[{"href":"https:\/\/aist.fh-hagenberg.at\/index.php\/wp-json\/wp\/v2\/media?parent=6745"}],"wp:term":[{"taxonomy":"post_tag","embeddable":true,"href":"https:\/\/aist.fh-hagenberg.at\/index.php\/wp-json\/wp\/v2\/tags?post=6745"}],"curies":[{"name":"wp","href":"https:\/\/api.w.org\/{rel}","templated":true}]}}