{"id":6631,"date":"2023-07-10T08:01:53","date_gmt":"2023-07-10T06:01:53","guid":{"rendered":"https:\/\/aist.fh-hagenberg.at\/?page_id=6631"},"modified":"2023-07-10T08:48:18","modified_gmt":"2023-07-10T06:48:18","slug":"6631-2","status":"publish","type":"page","link":"https:\/\/aist.fh-hagenberg.at\/index.php\/de\/6631-2","title":{"rendered":"Human-Centered Artificial Intelligence"},"content":{"rendered":"\t\t<div data-elementor-type=\"wp-page\" data-elementor-id=\"6631\" class=\"elementor elementor-6631\">\n\t\t\t\t\t\t<section class=\"elementor-section elementor-top-section elementor-element elementor-element-7ee5d84 elementor-section-boxed elementor-section-height-default elementor-section-height-default\" data-id=\"7ee5d84\" data-element_type=\"section\" data-settings=\"{&quot;background_background&quot;:&quot;classic&quot;,&quot;animation&quot;:&quot;none&quot;}\">\n\t\t\t\t\t\t\t<div class=\"elementor-background-overlay\"><\/div>\n\t\t\t\t\t\t\t<div class=\"elementor-container elementor-column-gap-default\">\n\t\t\t\t\t<div class=\"elementor-column elementor-col-100 elementor-top-column elementor-element elementor-element-720d0120\" data-id=\"720d0120\" data-element_type=\"column\">\n\t\t\t<div class=\"elementor-widget-wrap elementor-element-populated\">\n\t\t\t\t\t\t<div class=\"elementor-element elementor-element-1fb03f96 elementor-widget elementor-widget-image\" data-id=\"1fb03f96\" data-element_type=\"widget\" data-widget_type=\"image.default\">\n\t\t\t\t<div class=\"elementor-widget-container\">\n\t\t\t\t\t\t\t\t\t\t\t\t\t\t\t<img decoding=\"async\" width=\"150\" height=\"150\" src=\"https:\/\/aist.fh-hagenberg.at\/wp-content\/uploads\/2023\/07\/hcai-150x150.png\" class=\"attachment-thumbnail size-thumbnail wp-image-6622\" alt=\"hcai\" srcset=\"https:\/\/aist.fh-hagenberg.at\/wp-content\/uploads\/2023\/07\/hcai-150x150.png 150w, https:\/\/aist.fh-hagenberg.at\/wp-content\/uploads\/2023\/07\/hcai-300x300.png 300w, https:\/\/aist.fh-hagenberg.at\/wp-content\/uploads\/2023\/07\/hcai-360x360.png 360w, https:\/\/aist.fh-hagenberg.at\/wp-content\/uploads\/2023\/07\/hcai.png 500w\" sizes=\"(max-width: 150px) 100vw, 150px\" \/>\t\t\t\t\t\t\t\t\t\t\t\t\t\t\t<\/div>\n\t\t\t\t<\/div>\n\t\t\t\t\t<\/div>\n\t\t<\/div>\n\t\t\t\t\t<\/div>\n\t\t<\/section>\n\t\t\t\t<section class=\"elementor-section elementor-top-section elementor-element elementor-element-6d1ca459 elementor-section-boxed elementor-section-height-default elementor-section-height-default\" data-id=\"6d1ca459\" data-element_type=\"section\">\n\t\t\t\t\t\t<div class=\"elementor-container elementor-column-gap-default\">\n\t\t\t\t\t<div class=\"elementor-column elementor-col-100 elementor-top-column elementor-element elementor-element-4ae80715\" data-id=\"4ae80715\" data-element_type=\"column\">\n\t\t\t<div class=\"elementor-widget-wrap elementor-element-populated\">\n\t\t\t\t\t\t<div class=\"elementor-element elementor-element-74db1a57 elementor-widget elementor-widget-text-editor\" data-id=\"74db1a57\" data-element_type=\"widget\" data-widget_type=\"text-editor.default\">\n\t\t\t\t<div class=\"elementor-widget-container\">\n\t\t\t\t\t\t\t\t\t<p>Die rasante Entwicklung der k\u00fcnstlichen Intelligenz (KI) in den letzten Jahren hat enorme Chancen, aber auch neue Risiken mit sich gebracht. Die KI-Forschung konzentriert sich bisher vor allem auf die Entwicklung von Systemen, die immer komplexere Aufgaben mit gr\u00f6\u00dftm\u00f6glicher Genauigkeit l\u00f6sen sollen. Dies hat zur Folge, dass die Entscheidungen und Handlungen solcher Systeme immer schwerer nachvollziehbar werden.<\/p><p>HCAI ist ein gemeinsames Forschungs- und Ausbildungsprogramm der Fachhochschule Ober\u00f6sterreich und der Johannes Kepler Universit\u00e4t Linz f\u00fcr Doktoranden. Das Programm wird vom \u00d6sterreichischen Wissenschaftsfonds (FWF) finanziert. Es zielt darauf ab, den Menschen und seine Bed\u00fcrfnisse in den Mittelpunkt der KI-Forschung zu stellen. Es werden Methoden entwickelt, um einerseits k\u00fcnstliche Intelligenz f\u00fcr den Menschen verst\u00e4ndlicher, transparenter und fairer zu machen und andererseits die Interaktion zwischen Menschen und KI-Systemen zu unterst\u00fctzen. Die Doktoranden in diesem Programm werden interdisziplin\u00e4r ausgebildet und arbeiten an der Spitze der Forschung und Entwicklung einer neuen Generation von menschenzentrierter KI-Technologie.<\/p><p>Mehr Informationen auf der Projektseite: <a href=\"https:\/\/dfc.hcai.at\/\">https:\/\/dfc.hcai.at\/<\/a><\/p>\t\t\t\t\t\t\t\t<\/div>\n\t\t\t\t<\/div>\n\t\t\t\t<div class=\"elementor-element elementor-element-4cde916b elementor-widget-divider--separator-type-pattern elementor-widget-divider--view-line elementor-widget elementor-widget-divider\" data-id=\"4cde916b\" data-element_type=\"widget\" data-widget_type=\"divider.default\">\n\t\t\t\t<div class=\"elementor-widget-container\">\n\t\t\t\t\t\t\t<div class=\"elementor-divider\" style=\"--divider-pattern-url: url(&quot;data:image\/svg+xml,%3Csvg xmlns=&#039;http:\/\/www.w3.org\/2000\/svg&#039; preserveAspectRatio=&#039;none&#039; overflow=&#039;visible&#039; height=&#039;100%&#039; viewBox=&#039;0 0 24 24&#039; fill=&#039;none&#039; stroke=&#039;black&#039; stroke-width=&#039;1&#039; stroke-linecap=&#039;square&#039; stroke-miterlimit=&#039;10&#039;%3E%3Cpolyline points=&#039;0,18 12,6 24,18 &#039;\/%3E%3C\/svg%3E&quot;);\">\n\t\t\t<span class=\"elementor-divider-separator\">\n\t\t\t\t\t\t<\/span>\n\t\t<\/div>\n\t\t\t\t\t\t<\/div>\n\t\t\t\t<\/div>\n\t\t\t\t<div class=\"elementor-element elementor-element-112c6156 elementor-widget elementor-widget-text-editor\" data-id=\"112c6156\" data-element_type=\"widget\" data-widget_type=\"text-editor.default\">\n\t\t\t\t<div class=\"elementor-widget-container\">\n\t\t\t\t\t\t\t\t\t<p><strong>Laufzeit: <\/strong>01.04.2022 &#8211; 30.04.2026<br \/><strong>F\u00f6rdergeber\/-programm: <\/strong>FWF &#8211; Doc.fund.connects<\/p>\t\t\t\t\t\t\t\t<\/div>\n\t\t\t\t<\/div>\n\t\t\t\t\t<\/div>\n\t\t<\/div>\n\t\t\t\t\t<\/div>\n\t\t<\/section>\n\t\t\t\t<\/div>\n\t\t","protected":false},"excerpt":{"rendered":"<p>Die rasante Entwicklung der k\u00fcnstlichen Intelligenz (KI) in den letzten Jahren hat enorme Chancen, aber auch neue Risiken mit sich [&hellip;]<\/p>\n","protected":false},"author":10,"featured_media":0,"parent":0,"menu_order":0,"comment_status":"closed","ping_status":"closed","template":"","meta":{"footnotes":""},"tags":[],"class_list":["post-6631","page","type-page","status-publish","hentry","col-lg-4 col-md-6"],"_links":{"self":[{"href":"https:\/\/aist.fh-hagenberg.at\/index.php\/wp-json\/wp\/v2\/pages\/6631","targetHints":{"allow":["GET"]}}],"collection":[{"href":"https:\/\/aist.fh-hagenberg.at\/index.php\/wp-json\/wp\/v2\/pages"}],"about":[{"href":"https:\/\/aist.fh-hagenberg.at\/index.php\/wp-json\/wp\/v2\/types\/page"}],"author":[{"embeddable":true,"href":"https:\/\/aist.fh-hagenberg.at\/index.php\/wp-json\/wp\/v2\/users\/10"}],"replies":[{"embeddable":true,"href":"https:\/\/aist.fh-hagenberg.at\/index.php\/wp-json\/wp\/v2\/comments?post=6631"}],"version-history":[{"count":9,"href":"https:\/\/aist.fh-hagenberg.at\/index.php\/wp-json\/wp\/v2\/pages\/6631\/revisions"}],"predecessor-version":[{"id":6652,"href":"https:\/\/aist.fh-hagenberg.at\/index.php\/wp-json\/wp\/v2\/pages\/6631\/revisions\/6652"}],"wp:attachment":[{"href":"https:\/\/aist.fh-hagenberg.at\/index.php\/wp-json\/wp\/v2\/media?parent=6631"}],"wp:term":[{"taxonomy":"post_tag","embeddable":true,"href":"https:\/\/aist.fh-hagenberg.at\/index.php\/wp-json\/wp\/v2\/tags?post=6631"}],"curies":[{"name":"wp","href":"https:\/\/api.w.org\/{rel}","templated":true}]}}