{"id":6501,"date":"2023-07-03T20:20:55","date_gmt":"2023-07-03T18:20:55","guid":{"rendered":"https:\/\/aist.fh-hagenberg.at\/?page_id=6501"},"modified":"2023-07-03T20:23:26","modified_gmt":"2023-07-03T18:23:26","slug":"treetop-medical","status":"publish","type":"page","link":"https:\/\/aist.fh-hagenberg.at\/index.php\/de\/projekte\/treetop-medical","title":{"rendered":"Treetop Medical"},"content":{"rendered":"\t\t<div data-elementor-type=\"wp-page\" data-elementor-id=\"6501\" class=\"elementor elementor-6501\">\n\t\t\t\t\t\t<section class=\"elementor-section elementor-top-section elementor-element elementor-element-5441948b elementor-section-boxed elementor-section-height-default elementor-section-height-default\" data-id=\"5441948b\" data-element_type=\"section\" data-settings=\"{&quot;background_background&quot;:&quot;classic&quot;,&quot;animation&quot;:&quot;none&quot;}\">\n\t\t\t\t\t\t\t<div class=\"elementor-background-overlay\"><\/div>\n\t\t\t\t\t\t\t<div class=\"elementor-container elementor-column-gap-default\">\n\t\t\t\t\t<div class=\"elementor-column elementor-col-100 elementor-top-column elementor-element elementor-element-7b9fb05b\" data-id=\"7b9fb05b\" data-element_type=\"column\">\n\t\t\t<div class=\"elementor-widget-wrap elementor-element-populated\">\n\t\t\t\t\t\t<div class=\"elementor-element elementor-element-3b07706c elementor-widget elementor-widget-image\" data-id=\"3b07706c\" data-element_type=\"widget\" data-widget_type=\"image.default\">\n\t\t\t\t<div class=\"elementor-widget-container\">\n\t\t\t\t\t\t\t\t\t\t\t\t\t\t\t<img decoding=\"async\" width=\"150\" height=\"150\" src=\"https:\/\/aist.fh-hagenberg.at\/wp-content\/uploads\/2023\/07\/treetop-150x150.png\" class=\"attachment-thumbnail size-thumbnail wp-image-6480\" alt=\"treetop\" srcset=\"https:\/\/aist.fh-hagenberg.at\/wp-content\/uploads\/2023\/07\/treetop-150x150.png 150w, https:\/\/aist.fh-hagenberg.at\/wp-content\/uploads\/2023\/07\/treetop.png 250w\" sizes=\"(max-width: 150px) 100vw, 150px\" \/>\t\t\t\t\t\t\t\t\t\t\t\t\t\t\t<\/div>\n\t\t\t\t<\/div>\n\t\t\t\t\t<\/div>\n\t\t<\/div>\n\t\t\t\t\t<\/div>\n\t\t<\/section>\n\t\t\t\t<section class=\"elementor-section elementor-top-section elementor-element elementor-element-6912d007 elementor-section-boxed elementor-section-height-default elementor-section-height-default\" data-id=\"6912d007\" data-element_type=\"section\">\n\t\t\t\t\t\t<div class=\"elementor-container elementor-column-gap-default\">\n\t\t\t\t\t<div class=\"elementor-column elementor-col-100 elementor-top-column elementor-element elementor-element-11f65d87\" data-id=\"11f65d87\" data-element_type=\"column\">\n\t\t\t<div class=\"elementor-widget-wrap elementor-element-populated\">\n\t\t\t\t\t\t<div class=\"elementor-element elementor-element-79b8b991 elementor-widget elementor-widget-heading\" data-id=\"79b8b991\" data-element_type=\"widget\" data-widget_type=\"heading.default\">\n\t\t\t\t<div class=\"elementor-widget-container\">\n\t\t\t\t\t<h2 class=\"elementor-heading-title elementor-size-default\">Treetop Medical<\/h2>\t\t\t\t<\/div>\n\t\t\t\t<\/div>\n\t\t\t\t<div class=\"elementor-element elementor-element-71ed99e elementor-widget elementor-widget-text-editor\" data-id=\"71ed99e\" data-element_type=\"widget\" data-widget_type=\"text-editor.default\">\n\t\t\t\t<div class=\"elementor-widget-container\">\n\t\t\t\t\t\t\t\t\t<p><span class=\"ui-provider brn bro c d e f g h i j k l m n o p q r s t brp brq w x y z ab ac ae af ag ah ai aj ak\" dir=\"ltr\">Das \u00fcbergeordnete Ziel der Treetop Medical liegt in der digitalen Modellierung von medizinischem Wissen, um dieses f\u00fcr die Patientenversorgung, mittels digitaler Anwendungen verf\u00fcgbar zu machen. Das Unternehmen ist \u00fcberzeugt, dass digital aufbereitetes lokal verf\u00fcgbares und konkretes Wissen in Kombination mit hybriden, KI-unterst\u00fctzen intelligenten Diensten einen gro\u00dfen Nutzen f\u00fcr alle Stakeholder schaffen kann.\u00a0\u00a0Als zentrales Element zur digitalen Modellierung von klinisch relevantem medizinischem Wissen hat Treetop Medical klinische Leitlinien identifiziert. Diese basieren inhaltlich auf den Ergebnissen klinischer Studien und beinhalten Empfehlungen f\u00fcr die Klassifikation und Definition sowie die Diagnose und Behandlung von Krankheiten. Das Ziel des Projekts liegt in der Umsetzung digitaler, maschinenlesbarer Soll-Behandlungspfade als Teil digitaler medizinischer Leitlinien sowie der maschinenlesbaren Abbildung medizinischer Semantiken.<\/span><\/p>\t\t\t\t\t\t\t\t<\/div>\n\t\t\t\t<\/div>\n\t\t\t\t<div class=\"elementor-element elementor-element-db33a35 elementor-widget elementor-widget-text-editor\" data-id=\"db33a35\" data-element_type=\"widget\" data-widget_type=\"text-editor.default\">\n\t\t\t\t<div class=\"elementor-widget-container\">\n\t\t\t\t\t\t\t\t\t<p><span style=\"box-sizing: inherit; font-weight: bolder; color: #707070;\">Laufzeit: <\/span><span style=\"color: #707070;\">15.12.2022 &#8211; 14.12.2025<\/span><br style=\"box-sizing: inherit; color: #707070;\" \/><span style=\"box-sizing: inherit; font-weight: bolder; color: #707070;\">Partners: <\/span><span style=\"color: #707070;\">Treetop Medical Gmbh<\/span><br style=\"box-sizing: inherit; color: #707070;\" \/><span style=\"box-sizing: inherit; font-weight: bolder; color: #707070;\">Funding: <\/span><span style=\"color: #707070;\">FFG Basisprogramm<\/span><\/p>\t\t\t\t\t\t\t\t<\/div>\n\t\t\t\t<\/div>\n\t\t\t\t\t<\/div>\n\t\t<\/div>\n\t\t\t\t\t<\/div>\n\t\t<\/section>\n\t\t\t\t<\/div>\n\t\t","protected":false},"excerpt":{"rendered":"<p>Treetop Medical Das \u00fcbergeordnete Ziel der Treetop Medical liegt in der digitalen Modellierung von medizinischem Wissen, um dieses f\u00fcr die [&hellip;]<\/p>\n","protected":false},"author":10,"featured_media":0,"parent":30,"menu_order":0,"comment_status":"closed","ping_status":"closed","template":"","meta":{"footnotes":""},"tags":[],"class_list":["post-6501","page","type-page","status-publish","hentry","col-lg-4 col-md-6"],"_links":{"self":[{"href":"https:\/\/aist.fh-hagenberg.at\/index.php\/wp-json\/wp\/v2\/pages\/6501","targetHints":{"allow":["GET"]}}],"collection":[{"href":"https:\/\/aist.fh-hagenberg.at\/index.php\/wp-json\/wp\/v2\/pages"}],"about":[{"href":"https:\/\/aist.fh-hagenberg.at\/index.php\/wp-json\/wp\/v2\/types\/page"}],"author":[{"embeddable":true,"href":"https:\/\/aist.fh-hagenberg.at\/index.php\/wp-json\/wp\/v2\/users\/10"}],"replies":[{"embeddable":true,"href":"https:\/\/aist.fh-hagenberg.at\/index.php\/wp-json\/wp\/v2\/comments?post=6501"}],"version-history":[{"count":4,"href":"https:\/\/aist.fh-hagenberg.at\/index.php\/wp-json\/wp\/v2\/pages\/6501\/revisions"}],"predecessor-version":[{"id":6506,"href":"https:\/\/aist.fh-hagenberg.at\/index.php\/wp-json\/wp\/v2\/pages\/6501\/revisions\/6506"}],"up":[{"embeddable":true,"href":"https:\/\/aist.fh-hagenberg.at\/index.php\/wp-json\/wp\/v2\/pages\/30"}],"wp:attachment":[{"href":"https:\/\/aist.fh-hagenberg.at\/index.php\/wp-json\/wp\/v2\/media?parent=6501"}],"wp:term":[{"taxonomy":"post_tag","embeddable":true,"href":"https:\/\/aist.fh-hagenberg.at\/index.php\/wp-json\/wp\/v2\/tags?post=6501"}],"curies":[{"name":"wp","href":"https:\/\/api.w.org\/{rel}","templated":true}]}}