{"id":6232,"date":"2023-01-23T09:37:26","date_gmt":"2023-01-23T08:37:26","guid":{"rendered":"https:\/\/aist.fh-hagenberg.at\/?page_id=6232"},"modified":"2023-01-23T09:39:58","modified_gmt":"2023-01-23T08:39:58","slug":"career-advisory-system","status":"publish","type":"page","link":"https:\/\/aist.fh-hagenberg.at\/index.php\/de\/projekte\/career-advisory-system","title":{"rendered":"Career Advisory System"},"content":{"rendered":"\t\t<div data-elementor-type=\"wp-page\" data-elementor-id=\"6232\" class=\"elementor elementor-6232\">\n\t\t\t\t\t\t<section class=\"elementor-section elementor-top-section elementor-element elementor-element-4aa51adc elementor-section-boxed elementor-section-height-default elementor-section-height-default\" data-id=\"4aa51adc\" data-element_type=\"section\" data-e-type=\"section\" data-settings=\"{&quot;background_background&quot;:&quot;classic&quot;,&quot;animation&quot;:&quot;none&quot;}\">\n\t\t\t\t\t\t\t<div class=\"elementor-background-overlay\"><\/div>\n\t\t\t\t\t\t\t<div class=\"elementor-container elementor-column-gap-default\">\n\t\t\t\t\t<div class=\"elementor-column elementor-col-100 elementor-top-column elementor-element elementor-element-44fa5a3e\" data-id=\"44fa5a3e\" data-element_type=\"column\" data-e-type=\"column\">\n\t\t\t<div class=\"elementor-widget-wrap elementor-element-populated\">\n\t\t\t\t\t\t<div class=\"elementor-element elementor-element-1d322d3e elementor-widget elementor-widget-image\" data-id=\"1d322d3e\" data-element_type=\"widget\" data-e-type=\"widget\" data-widget_type=\"image.default\">\n\t\t\t\t<div class=\"elementor-widget-container\">\n\t\t\t\t\t\t\t\t\t\t\t\t\t\t\t<img decoding=\"async\" width=\"150\" height=\"150\" src=\"https:\/\/aist.fh-hagenberg.at\/wp-content\/uploads\/2023\/01\/logo-1-150x150.png\" class=\"attachment-thumbnail size-thumbnail wp-image-6203\" alt=\"karriereat\" srcset=\"https:\/\/aist.fh-hagenberg.at\/wp-content\/uploads\/2023\/01\/logo-1-150x150.png 150w, https:\/\/aist.fh-hagenberg.at\/wp-content\/uploads\/2023\/01\/logo-1.png 250w\" sizes=\"(max-width: 150px) 100vw, 150px\" \/>\t\t\t\t\t\t\t\t\t\t\t\t\t\t\t<\/div>\n\t\t\t\t<\/div>\n\t\t\t\t\t<\/div>\n\t\t<\/div>\n\t\t\t\t\t<\/div>\n\t\t<\/section>\n\t\t\t\t<section class=\"elementor-section elementor-top-section elementor-element elementor-element-5bd89a1f elementor-section-boxed elementor-section-height-default elementor-section-height-default\" data-id=\"5bd89a1f\" data-element_type=\"section\" data-e-type=\"section\">\n\t\t\t\t\t\t<div class=\"elementor-container elementor-column-gap-default\">\n\t\t\t\t\t<div class=\"elementor-column elementor-col-100 elementor-top-column elementor-element elementor-element-664f4ac0\" data-id=\"664f4ac0\" data-element_type=\"column\" data-e-type=\"column\">\n\t\t\t<div class=\"elementor-widget-wrap elementor-element-populated\">\n\t\t\t\t\t\t<div class=\"elementor-element elementor-element-b79066d elementor-widget elementor-widget-text-editor\" data-id=\"b79066d\" data-element_type=\"widget\" data-e-type=\"widget\" data-widget_type=\"text-editor.default\">\n\t\t\t\t<div class=\"elementor-widget-container\">\n\t\t\t\t\t\t\t\t\t<p>Innerhalb der Forschungskooperation Carrer Advisory System soll ein neuartiges Empfehlungssystems f\u00fcr Jobsuchende aber im speziellen auch f\u00fcr Recruiter erforscht und prototypisch umgesetzt werden.\u00a0 Dabei steht die Extraktion von Jobannoncen, sowie der Entwurf von \u00c4hnlichkeitsma\u00dfen und Gewichten f\u00fcr Benutzer-spezifische Empfehlungen, ebenso wie die \u00c4hnlichkeitsanalyse zu anderen Usern (in der Branche) im Fokus.<\/p>\t\t\t\t\t\t\t\t<\/div>\n\t\t\t\t<\/div>\n\t\t\t\t<div class=\"elementor-element elementor-element-4298aa28 elementor-widget-divider--separator-type-pattern elementor-widget-divider--view-line elementor-widget elementor-widget-divider\" data-id=\"4298aa28\" data-element_type=\"widget\" data-e-type=\"widget\" data-widget_type=\"divider.default\">\n\t\t\t\t<div class=\"elementor-widget-container\">\n\t\t\t\t\t\t\t<div class=\"elementor-divider\" style=\"--divider-pattern-url: url(&quot;data:image\/svg+xml,%3Csvg xmlns=&#039;http:\/\/www.w3.org\/2000\/svg&#039; preserveAspectRatio=&#039;none&#039; overflow=&#039;visible&#039; height=&#039;100%&#039; viewBox=&#039;0 0 24 24&#039; fill=&#039;none&#039; stroke=&#039;black&#039; stroke-width=&#039;1&#039; stroke-linecap=&#039;square&#039; stroke-miterlimit=&#039;10&#039;%3E%3Cpolyline points=&#039;0,18 12,6 24,18 &#039;\/%3E%3C\/svg%3E&quot;);\">\n\t\t\t<span class=\"elementor-divider-separator\">\n\t\t\t\t\t\t<\/span>\n\t\t<\/div>\n\t\t\t\t\t\t<\/div>\n\t\t\t\t<\/div>\n\t\t\t\t<div class=\"elementor-element elementor-element-235a6b95 elementor-widget elementor-widget-text-editor\" data-id=\"235a6b95\" data-element_type=\"widget\" data-e-type=\"widget\" data-widget_type=\"text-editor.default\">\n\t\t\t\t<div class=\"elementor-widget-container\">\n\t\t\t\t\t\t\t\t\t<p><strong>Laufzeit:\u00a0<\/strong>01.11.2022 &#8211; 31.10.2023<br \/><strong>Partner:\u00a0 <\/strong>Karriere.at<br \/><strong>F\u00f6rdergeber\/-programm:\u00a0<\/strong>\u00d6sterreichische Forschungsf\u00f6rderungsgesellschaft FFG &#8211; Basisprogramm<\/p>\t\t\t\t\t\t\t\t<\/div>\n\t\t\t\t<\/div>\n\t\t\t\t\t<\/div>\n\t\t<\/div>\n\t\t\t\t\t<\/div>\n\t\t<\/section>\n\t\t\t\t<\/div>\n\t\t","protected":false},"excerpt":{"rendered":"<p>Innerhalb der Forschungskooperation Carrer Advisory System soll ein neuartiges Empfehlungssystems f\u00fcr Jobsuchende aber im speziellen auch f\u00fcr Recruiter erforscht und [&hellip;]<\/p>\n","protected":false},"author":10,"featured_media":0,"parent":30,"menu_order":0,"comment_status":"closed","ping_status":"closed","template":"","meta":{"footnotes":""},"tags":[],"class_list":["post-6232","page","type-page","status-publish","hentry","col-lg-4 col-md-6"],"_links":{"self":[{"href":"https:\/\/aist.fh-hagenberg.at\/index.php\/wp-json\/wp\/v2\/pages\/6232","targetHints":{"allow":["GET"]}}],"collection":[{"href":"https:\/\/aist.fh-hagenberg.at\/index.php\/wp-json\/wp\/v2\/pages"}],"about":[{"href":"https:\/\/aist.fh-hagenberg.at\/index.php\/wp-json\/wp\/v2\/types\/page"}],"author":[{"embeddable":true,"href":"https:\/\/aist.fh-hagenberg.at\/index.php\/wp-json\/wp\/v2\/users\/10"}],"replies":[{"embeddable":true,"href":"https:\/\/aist.fh-hagenberg.at\/index.php\/wp-json\/wp\/v2\/comments?post=6232"}],"version-history":[{"count":4,"href":"https:\/\/aist.fh-hagenberg.at\/index.php\/wp-json\/wp\/v2\/pages\/6232\/revisions"}],"predecessor-version":[{"id":6243,"href":"https:\/\/aist.fh-hagenberg.at\/index.php\/wp-json\/wp\/v2\/pages\/6232\/revisions\/6243"}],"up":[{"embeddable":true,"href":"https:\/\/aist.fh-hagenberg.at\/index.php\/wp-json\/wp\/v2\/pages\/30"}],"wp:attachment":[{"href":"https:\/\/aist.fh-hagenberg.at\/index.php\/wp-json\/wp\/v2\/media?parent=6232"}],"wp:term":[{"taxonomy":"post_tag","embeddable":true,"href":"https:\/\/aist.fh-hagenberg.at\/index.php\/wp-json\/wp\/v2\/tags?post=6232"}],"curies":[{"name":"wp","href":"https:\/\/api.w.org\/{rel}","templated":true}]}}