{"id":6162,"date":"2023-01-05T10:16:57","date_gmt":"2023-01-05T09:16:57","guid":{"rendered":"https:\/\/aist.fh-hagenberg.at\/?page_id=6162"},"modified":"2023-01-05T10:20:27","modified_gmt":"2023-01-05T09:20:27","slug":"ag-fuzzer","status":"publish","type":"page","link":"https:\/\/aist.fh-hagenberg.at\/index.php\/de\/projekte\/ag-fuzzer","title":{"rendered":"AG-Fuzzer"},"content":{"rendered":"\t\t<div data-elementor-type=\"wp-page\" data-elementor-id=\"6162\" class=\"elementor elementor-6162\">\n\t\t\t\t\t\t<section class=\"elementor-section elementor-top-section elementor-element elementor-element-7443d211 elementor-section-boxed elementor-section-height-default elementor-section-height-default\" data-id=\"7443d211\" data-element_type=\"section\" data-settings=\"{&quot;background_background&quot;:&quot;classic&quot;,&quot;animation&quot;:&quot;none&quot;}\">\n\t\t\t\t\t\t\t<div class=\"elementor-background-overlay\"><\/div>\n\t\t\t\t\t\t\t<div class=\"elementor-container elementor-column-gap-default\">\n\t\t\t\t\t<div class=\"elementor-column elementor-col-100 elementor-top-column elementor-element elementor-element-1c4c4a4d\" data-id=\"1c4c4a4d\" data-element_type=\"column\">\n\t\t\t<div class=\"elementor-widget-wrap elementor-element-populated\">\n\t\t\t\t\t\t<div class=\"elementor-element elementor-element-65a964ce elementor-widget elementor-widget-image\" data-id=\"65a964ce\" data-element_type=\"widget\" data-widget_type=\"image.default\">\n\t\t\t\t<div class=\"elementor-widget-container\">\n\t\t\t\t\t\t\t\t\t\t\t\t\t\t\t<img decoding=\"async\" width=\"150\" height=\"150\" src=\"https:\/\/aist.fh-hagenberg.at\/wp-content\/uploads\/2023\/01\/logo-150x150.png\" class=\"attachment-thumbnail size-thumbnail wp-image-6161\" alt=\"agfuzzer\" srcset=\"https:\/\/aist.fh-hagenberg.at\/wp-content\/uploads\/2023\/01\/logo-150x150.png 150w, https:\/\/aist.fh-hagenberg.at\/wp-content\/uploads\/2023\/01\/logo-300x300.png 300w, https:\/\/aist.fh-hagenberg.at\/wp-content\/uploads\/2023\/01\/logo-360x360.png 360w, https:\/\/aist.fh-hagenberg.at\/wp-content\/uploads\/2023\/01\/logo.png 500w\" sizes=\"(max-width: 150px) 100vw, 150px\" \/>\t\t\t\t\t\t\t\t\t\t\t\t\t\t\t<\/div>\n\t\t\t\t<\/div>\n\t\t\t\t\t<\/div>\n\t\t<\/div>\n\t\t\t\t\t<\/div>\n\t\t<\/section>\n\t\t\t\t<section class=\"elementor-section elementor-top-section elementor-element elementor-element-5727f9cf elementor-section-boxed elementor-section-height-default elementor-section-height-default\" data-id=\"5727f9cf\" data-element_type=\"section\">\n\t\t\t\t\t\t<div class=\"elementor-container elementor-column-gap-default\">\n\t\t\t\t\t<div class=\"elementor-column elementor-col-100 elementor-top-column elementor-element elementor-element-651f5212\" data-id=\"651f5212\" data-element_type=\"column\">\n\t\t\t<div class=\"elementor-widget-wrap elementor-element-populated\">\n\t\t\t\t\t\t<div class=\"elementor-element elementor-element-42dcd903 elementor-widget elementor-widget-text-editor\" data-id=\"42dcd903\" data-element_type=\"widget\" data-widget_type=\"text-editor.default\">\n\t\t\t\t<div class=\"elementor-widget-container\">\n\t\t\t\t\t\t\t\t\t<p>Fuzzing ist eine weit verbreitete Methode, um Schwachstellen oder Sicherheitsl\u00fccken in Softwaresystemen zu finden. Ziel dieses Dissertationsprojekts ist es, Fuzzing mittels attributierter Grammatiken um semantische Aspekte zu erweitern. Daf\u00fcr ist es notwendig, Grammatiken mit semantischen Aspekten aus bestehenden Softwaresystemen extrahieren zu k\u00f6nnen (Input Grammar Mining). Damit wird erm\u00f6glicht, Programme nicht nur mit syntaktisch, sondern auch mit semantisch korrekten Eingaben zu testen. In diesem Projekt soll somit der State-of-the-Art im Bereich Input Grammar Mining und Fuzzing um semantische Aspekte erweitert werden.<\/p>\t\t\t\t\t\t\t\t<\/div>\n\t\t\t\t<\/div>\n\t\t\t\t<div class=\"elementor-element elementor-element-60ab448f elementor-widget-divider--separator-type-pattern elementor-widget-divider--view-line elementor-widget elementor-widget-divider\" data-id=\"60ab448f\" data-element_type=\"widget\" data-widget_type=\"divider.default\">\n\t\t\t\t<div class=\"elementor-widget-container\">\n\t\t\t\t\t\t\t<div class=\"elementor-divider\" style=\"--divider-pattern-url: url(&quot;data:image\/svg+xml,%3Csvg xmlns=&#039;http:\/\/www.w3.org\/2000\/svg&#039; preserveAspectRatio=&#039;none&#039; overflow=&#039;visible&#039; height=&#039;100%&#039; viewBox=&#039;0 0 24 24&#039; fill=&#039;none&#039; stroke=&#039;black&#039; stroke-width=&#039;1&#039; stroke-linecap=&#039;square&#039; stroke-miterlimit=&#039;10&#039;%3E%3Cpolyline points=&#039;0,18 12,6 24,18 &#039;\/%3E%3C\/svg%3E&quot;);\">\n\t\t\t<span class=\"elementor-divider-separator\">\n\t\t\t\t\t\t<\/span>\n\t\t<\/div>\n\t\t\t\t\t\t<\/div>\n\t\t\t\t<\/div>\n\t\t\t\t<div class=\"elementor-element elementor-element-54d46034 elementor-widget elementor-widget-text-editor\" data-id=\"54d46034\" data-element_type=\"widget\" data-widget_type=\"text-editor.default\">\n\t\t\t\t<div class=\"elementor-widget-container\">\n\t\t\t\t\t\t\t\t\t<p><strong>Laufzeit:\u00a0<\/strong>01.01.2023 &#8211; 01.06.2025<br \/><strong>Dissertant: <\/strong>Andreas Pointner<strong><br \/>F\u00f6rdergeber\/-programm: <\/strong>\u00d6sterreichische Forschungsf\u00f6rderungsgesellschaft FFG &#8211; Dissertationsprogramm der Fachhochschule O\u00d6<\/p>\t\t\t\t\t\t\t\t<\/div>\n\t\t\t\t<\/div>\n\t\t\t\t\t<\/div>\n\t\t<\/div>\n\t\t\t\t\t<\/div>\n\t\t<\/section>\n\t\t\t\t<\/div>\n\t\t","protected":false},"excerpt":{"rendered":"<p>Fuzzing ist eine weit verbreitete Methode, um Schwachstellen oder Sicherheitsl\u00fccken in Softwaresystemen zu finden. Ziel dieses Dissertationsprojekts ist es, Fuzzing [&hellip;]<\/p>\n","protected":false},"author":10,"featured_media":0,"parent":30,"menu_order":0,"comment_status":"closed","ping_status":"closed","template":"","meta":{"footnotes":""},"tags":[],"class_list":["post-6162","page","type-page","status-publish","hentry","col-lg-4 col-md-6"],"_links":{"self":[{"href":"https:\/\/aist.fh-hagenberg.at\/index.php\/wp-json\/wp\/v2\/pages\/6162","targetHints":{"allow":["GET"]}}],"collection":[{"href":"https:\/\/aist.fh-hagenberg.at\/index.php\/wp-json\/wp\/v2\/pages"}],"about":[{"href":"https:\/\/aist.fh-hagenberg.at\/index.php\/wp-json\/wp\/v2\/types\/page"}],"author":[{"embeddable":true,"href":"https:\/\/aist.fh-hagenberg.at\/index.php\/wp-json\/wp\/v2\/users\/10"}],"replies":[{"embeddable":true,"href":"https:\/\/aist.fh-hagenberg.at\/index.php\/wp-json\/wp\/v2\/comments?post=6162"}],"version-history":[{"count":4,"href":"https:\/\/aist.fh-hagenberg.at\/index.php\/wp-json\/wp\/v2\/pages\/6162\/revisions"}],"predecessor-version":[{"id":6167,"href":"https:\/\/aist.fh-hagenberg.at\/index.php\/wp-json\/wp\/v2\/pages\/6162\/revisions\/6167"}],"up":[{"embeddable":true,"href":"https:\/\/aist.fh-hagenberg.at\/index.php\/wp-json\/wp\/v2\/pages\/30"}],"wp:attachment":[{"href":"https:\/\/aist.fh-hagenberg.at\/index.php\/wp-json\/wp\/v2\/media?parent=6162"}],"wp:term":[{"taxonomy":"post_tag","embeddable":true,"href":"https:\/\/aist.fh-hagenberg.at\/index.php\/wp-json\/wp\/v2\/tags?post=6162"}],"curies":[{"name":"wp","href":"https:\/\/api.w.org\/{rel}","templated":true}]}}