{"id":6052,"date":"2022-11-29T10:43:14","date_gmt":"2022-11-29T09:43:14","guid":{"rendered":"https:\/\/aist.fh-hagenberg.at\/?page_id=6052"},"modified":"2022-11-29T15:30:01","modified_gmt":"2022-11-29T14:30:01","slug":"kfv","status":"publish","type":"page","link":"https:\/\/aist.fh-hagenberg.at\/index.php\/de\/projekte\/kfv","title":{"rendered":"KfV &#8211; Bewertung von Wildunfallrisiko"},"content":{"rendered":"\t\t<div data-elementor-type=\"wp-page\" data-elementor-id=\"6052\" class=\"elementor elementor-6052\">\n\t\t\t\t\t\t<section class=\"elementor-section elementor-top-section elementor-element elementor-element-67ada832 elementor-section-boxed elementor-section-height-default elementor-section-height-default\" data-id=\"67ada832\" data-element_type=\"section\" data-settings=\"{&quot;background_background&quot;:&quot;classic&quot;,&quot;animation&quot;:&quot;none&quot;}\">\n\t\t\t\t\t\t\t<div class=\"elementor-background-overlay\"><\/div>\n\t\t\t\t\t\t\t<div class=\"elementor-container elementor-column-gap-default\">\n\t\t\t\t\t<div class=\"elementor-column elementor-col-100 elementor-top-column elementor-element elementor-element-2985edbe\" data-id=\"2985edbe\" data-element_type=\"column\">\n\t\t\t<div class=\"elementor-widget-wrap elementor-element-populated\">\n\t\t\t\t\t\t<div class=\"elementor-element elementor-element-3b4d4e90 elementor-widget elementor-widget-image\" data-id=\"3b4d4e90\" data-element_type=\"widget\" data-widget_type=\"image.default\">\n\t\t\t\t<div class=\"elementor-widget-container\">\n\t\t\t\t\t\t\t\t\t\t\t\t\t\t\t<img decoding=\"async\" width=\"150\" height=\"150\" src=\"https:\/\/aist.fh-hagenberg.at\/wp-content\/uploads\/2022\/11\/logo-150x150.png\" class=\"attachment-thumbnail size-thumbnail wp-image-6050\" alt=\"kfv\" srcset=\"https:\/\/aist.fh-hagenberg.at\/wp-content\/uploads\/2022\/11\/logo-150x150.png 150w, https:\/\/aist.fh-hagenberg.at\/wp-content\/uploads\/2022\/11\/logo.png 250w\" sizes=\"(max-width: 150px) 100vw, 150px\" \/>\t\t\t\t\t\t\t\t\t\t\t\t\t\t\t<\/div>\n\t\t\t\t<\/div>\n\t\t\t\t\t<\/div>\n\t\t<\/div>\n\t\t\t\t\t<\/div>\n\t\t<\/section>\n\t\t\t\t<section class=\"elementor-section elementor-top-section elementor-element elementor-element-7807f343 elementor-section-boxed elementor-section-height-default elementor-section-height-default\" data-id=\"7807f343\" data-element_type=\"section\">\n\t\t\t\t\t\t<div class=\"elementor-container elementor-column-gap-default\">\n\t\t\t\t\t<div class=\"elementor-column elementor-col-100 elementor-top-column elementor-element elementor-element-72eacf3a\" data-id=\"72eacf3a\" data-element_type=\"column\">\n\t\t\t<div class=\"elementor-widget-wrap elementor-element-populated\">\n\t\t\t\t\t\t<div class=\"elementor-element elementor-element-4fad4fe3 elementor-widget elementor-widget-text-editor\" data-id=\"4fad4fe3\" data-element_type=\"widget\" data-widget_type=\"text-editor.default\">\n\t\t\t\t<div class=\"elementor-widget-container\">\n\t\t\t\t\t\t\t\t\t<p class=\"MsoNormal\" style=\"text-align: justify;\"><span lang=\"DE\">Ziel des Projektes ist es, am Beispiel zweier Modellgemeinden (in Ober\u00f6sterreich und Nieder\u00f6sterreich) mit Waldgebieten und durchquerenden Stra\u00dfen eine Methode zu entwickeln, um f\u00fcr Stra\u00dfen eine Wildunfallrisikoeinsch\u00e4tzung treffen zu k\u00f6nnen. Diese kann dann dazu verwendet werden, gezielt an diesen Stellen Schutzma\u00dfnahmen vornehmen zu k\u00f6nnen.<\/span><\/p><p class=\"MsoNormal\" style=\"text-align: justify;\"><span lang=\"DE\">Dazu werden Flugdrohnen mit Kameras und W\u00e4rmebildsensoren eingesetzt, um von der Modellregion Aufnahmen zur Z\u00e4hlung der Wildtiere zu machen. Diese Videoaufnahmen werden mittels Machine-Learning-Methoden ausgewertet, um Sch\u00e4tzungen der Wildtierpopulation in den einzelnen Bereichen zu erhalten. Diese Z\u00e4hlungen werden jeweils nach einigen Wochen wiederholt, um einerseits sichere Sch\u00e4tzungen zu erhalten, aber auch zeitliche Ver\u00e4nderungen detektieren zu k\u00f6nnen.<\/span><\/p><p class=\"MsoNormal\" style=\"text-align: justify;\"><span lang=\"DE\">Aus den Verteilungen der Wildtierpopulationen wird ein Modell entwickelt, f\u00fcr welche Stra\u00dfen ein besonderes Risiko f\u00fcr Wildtierunf\u00e4lle besteht.<\/span><\/p><p>Die Forschungsgruppe AIST unterst\u00fctzt in diesem Vorhaben die Kollegen der Partnerforschungsgruppe des <a href=\"https:\/\/mi-lab.org\/\">Media Interaction Labs<\/a>.<\/p>\t\t\t\t\t\t\t\t<\/div>\n\t\t\t\t<\/div>\n\t\t\t\t<div class=\"elementor-element elementor-element-1c90d391 elementor-widget-divider--separator-type-pattern elementor-widget-divider--view-line elementor-widget elementor-widget-divider\" data-id=\"1c90d391\" data-element_type=\"widget\" data-widget_type=\"divider.default\">\n\t\t\t\t<div class=\"elementor-widget-container\">\n\t\t\t\t\t\t\t<div class=\"elementor-divider\" style=\"--divider-pattern-url: url(&quot;data:image\/svg+xml,%3Csvg xmlns=&#039;http:\/\/www.w3.org\/2000\/svg&#039; preserveAspectRatio=&#039;none&#039; overflow=&#039;visible&#039; height=&#039;100%&#039; viewBox=&#039;0 0 24 24&#039; fill=&#039;none&#039; stroke=&#039;black&#039; stroke-width=&#039;1&#039; stroke-linecap=&#039;square&#039; stroke-miterlimit=&#039;10&#039;%3E%3Cpolyline points=&#039;0,18 12,6 24,18 &#039;\/%3E%3C\/svg%3E&quot;);\">\n\t\t\t<span class=\"elementor-divider-separator\">\n\t\t\t\t\t\t<\/span>\n\t\t<\/div>\n\t\t\t\t\t\t<\/div>\n\t\t\t\t<\/div>\n\t\t\t\t<div class=\"elementor-element elementor-element-4ee2bbd7 elementor-widget elementor-widget-text-editor\" data-id=\"4ee2bbd7\" data-element_type=\"widget\" data-widget_type=\"text-editor.default\">\n\t\t\t\t<div class=\"elementor-widget-container\">\n\t\t\t\t\t\t\t\t\t<p><strong>Laufzeit:\u00a0<\/strong>01.09.2022 &#8211; 30.06.2023<br \/><strong>Partner:\u00a0\u00a0<\/strong>Kuratorium f\u00fcr Verkehrssicherheit<br \/><strong>F\u00f6rdergeber\/-programm:\u00a0<\/strong>Auftragsprojekt<\/p>\t\t\t\t\t\t\t\t<\/div>\n\t\t\t\t<\/div>\n\t\t\t\t\t<\/div>\n\t\t<\/div>\n\t\t\t\t\t<\/div>\n\t\t<\/section>\n\t\t\t\t<\/div>\n\t\t","protected":false},"excerpt":{"rendered":"<p>Ziel des Projektes ist es, am Beispiel zweier Modellgemeinden (in Ober\u00f6sterreich und Nieder\u00f6sterreich) mit Waldgebieten und durchquerenden Stra\u00dfen eine Methode [&hellip;]<\/p>\n","protected":false},"author":10,"featured_media":0,"parent":30,"menu_order":0,"comment_status":"closed","ping_status":"closed","template":"","meta":{"footnotes":""},"tags":[],"class_list":["post-6052","page","type-page","status-publish","hentry","col-lg-4 col-md-6"],"_links":{"self":[{"href":"https:\/\/aist.fh-hagenberg.at\/index.php\/wp-json\/wp\/v2\/pages\/6052","targetHints":{"allow":["GET"]}}],"collection":[{"href":"https:\/\/aist.fh-hagenberg.at\/index.php\/wp-json\/wp\/v2\/pages"}],"about":[{"href":"https:\/\/aist.fh-hagenberg.at\/index.php\/wp-json\/wp\/v2\/types\/page"}],"author":[{"embeddable":true,"href":"https:\/\/aist.fh-hagenberg.at\/index.php\/wp-json\/wp\/v2\/users\/10"}],"replies":[{"embeddable":true,"href":"https:\/\/aist.fh-hagenberg.at\/index.php\/wp-json\/wp\/v2\/comments?post=6052"}],"version-history":[{"count":17,"href":"https:\/\/aist.fh-hagenberg.at\/index.php\/wp-json\/wp\/v2\/pages\/6052\/revisions"}],"predecessor-version":[{"id":6121,"href":"https:\/\/aist.fh-hagenberg.at\/index.php\/wp-json\/wp\/v2\/pages\/6052\/revisions\/6121"}],"up":[{"embeddable":true,"href":"https:\/\/aist.fh-hagenberg.at\/index.php\/wp-json\/wp\/v2\/pages\/30"}],"wp:attachment":[{"href":"https:\/\/aist.fh-hagenberg.at\/index.php\/wp-json\/wp\/v2\/media?parent=6052"}],"wp:term":[{"taxonomy":"post_tag","embeddable":true,"href":"https:\/\/aist.fh-hagenberg.at\/index.php\/wp-json\/wp\/v2\/tags?post=6052"}],"curies":[{"name":"wp","href":"https:\/\/api.w.org\/{rel}","templated":true}]}}