{"id":5640,"date":"2022-05-02T07:44:39","date_gmt":"2022-05-02T05:44:39","guid":{"rendered":"https:\/\/aist.fh-hagenberg.at\/?page_id=5640"},"modified":"2022-05-02T07:47:05","modified_gmt":"2022-05-02T05:47:05","slug":"impressum-2","status":"publish","type":"page","link":"https:\/\/aist.fh-hagenberg.at\/index.php\/en\/impressum-2","title":{"rendered":"Impressum"},"content":{"rendered":"\t\t<div data-elementor-type=\"wp-page\" data-elementor-id=\"5640\" class=\"elementor elementor-5640\">\n\t\t\t\t\t\t<section class=\"elementor-section elementor-top-section elementor-element elementor-element-44f8a88 elementor-section-boxed elementor-section-height-default elementor-section-height-default\" data-id=\"44f8a88\" data-element_type=\"section\" data-e-type=\"section\">\n\t\t\t\t\t\t<div class=\"elementor-container elementor-column-gap-default\">\n\t\t\t\t\t<div class=\"elementor-column elementor-col-100 elementor-top-column elementor-element elementor-element-5aca400\" data-id=\"5aca400\" data-element_type=\"column\" data-e-type=\"column\">\n\t\t\t<div class=\"elementor-widget-wrap elementor-element-populated\">\n\t\t\t\t\t\t<div class=\"elementor-element elementor-element-eb0f9fe elementor-widget elementor-widget-text-editor\" data-id=\"eb0f9fe\" data-element_type=\"widget\" data-e-type=\"widget\" data-widget_type=\"text-editor.default\">\n\t\t\t\t<div class=\"elementor-widget-container\">\n\t\t\t\t\t\t\t\t\t<h2>Duty of disclosure according to \u00a725 Media Act and duty of information according to \u00a7 5 para. 1 E-Commerce Act<\/h2><p><strong>Media owner and publisher<\/strong><br \/>FH O\u00d6 Studienbetriebs GmbH<br \/>Roseggerstra\u00dfe 15<br \/>4600 Wels\/Austria<br \/>Tel.: +43\u00a050804 10<br \/>Fax: +43\u00a050804 11900<br \/>E-Mail:\u00a0<a tabindex=\"-1\" title=\"mailto:info@fh-ooe.at\" href=\"mailto:info@fh-ooe.at\" target=\"_blank\" rel=\"noopener noreferrer\" aria-label=\"Link info@fh-ooe.at\">info@fh-ooe.at<\/a><br \/>Web:\u00a0<a tabindex=\"-1\" title=\"http:\/\/www.fh-ooe.at\/fh-oberoesterreich\/\" href=\"http:\/\/www.fh-ooe.at\/fh-oberoesterreich\/\" target=\"_blank\" rel=\"noopener noreferrer\" aria-label=\"Link www.fh-ooe.at\">www.fh-ooe.at<\/a><br \/>UID: ATU57300325<br \/>FN: 236729g<br \/>Firmenbuchgericht: Landesgericht Wels<br \/>Aufsichtsbeh\u00f6rde: AQ Austria (<a tabindex=\"-1\" title=\"https:\/\/www.aq.ac.at\/de\/index.php\" href=\"https:\/\/www.aq.ac.at\/de\/index.php\" target=\"_blank\" rel=\"noopener noreferrer\" aria-label=\"Link http:\/\/www.aq.ac.at\">http:\/\/www.aq.ac.at<\/a>)<\/p><p><b>Management:<\/b><br \/>Dr. Gerald Reisinger<\/p><p><b>Authorized signatory:<\/b><br \/>Dr. Regina Aichinger MSc<\/p><p><b>Ownership and participation:<\/b><br \/><a tabindex=\"-1\" title=\"https:\/\/www.fh-ooe.at\/ueber-uns\/organisation\/\" href=\"https:\/\/www.fh-ooe.at\/ueber-uns\/organisation\/\" target=\"_blank\" rel=\"noopener noreferrer\" aria-label=\"Link https:\/\/www.fh-ooe.at\/ueber-uns\/organisation\/\">https:\/\/www.fh-ooe.at\/ueber-uns\/organisation\/<\/a><\/p><h4>Field of activity<\/h4><p>The FH Upper Austria offers study programs in full-time and\/or part-time form in the following areas:<\/p><ul><li>Health &amp; Social<\/li><li>Economy &amp; Technology<\/li><li>Environment &amp; Energy<\/li><li>Technology<\/li><li>Media &amp; Communication<\/li><li>Management<\/li><li>Computer Science<\/li><\/ul><p>This website serves to promote and support the activities of the FH Upper Austria.<\/p><p><strong>Whistleblower-System:<\/strong><br \/><a tabindex=\"-1\" title=\"https:\/\/www.bkms-system.com\/compliance-fhooe\" href=\"https:\/\/www.bkms-system.com\/compliance-fhooe\" target=\"_blank\" rel=\"noopener noreferrer\" aria-label=\"Link https:\/\/www.bkms-system.com\/compliance-fhooe\">https:\/\/www.bkms-system.com\/compliance-fhooe<\/a><\/p><h2>Content and editorial responsibility<\/h2><p>The content and editorial responsibility for the individual sub-pages lies with the respective faculties, study programs or units and departments.<\/p><h2>Concept, design and implementation<\/h2><p>Research Group Advanced Information Systems and Technology<br \/>Phone: +43 5 0804 22038<br \/>E-Mail: contact(at)aist.science<\/p><h2>Picture credits<\/h2><p>(c) FH Ober\u00f6sterreich<br \/>(c) Pixabay<\/p><h2>Support<\/h2><p>In case of technical problems please send your e-mail to contact(at)aist.science<\/p><h2>Liability<\/h2><p>All texts on the FH Ober\u00f6sterreich homepage have been carefully checked. Nevertheless, no guarantee can be given for the correctness, completeness and topicality of the information. Any liability of the FH Ober\u00f6sterreich is therefore excluded. Links to other websites have been carefully selected. As the FH Ober\u00f6sterreich has no influence on their content, the FH Ober\u00f6sterreich assumes no responsibility for them.<\/p><p>\u00a9 The copyright lies with the FH Upper Austria or the respective authors of the subpages.<\/p>\t\t\t\t\t\t\t\t<\/div>\n\t\t\t\t<\/div>\n\t\t\t\t\t<\/div>\n\t\t<\/div>\n\t\t\t\t\t<\/div>\n\t\t<\/section>\n\t\t\t\t<\/div>\n\t\t","protected":false},"excerpt":{"rendered":"<p>Duty of disclosure according to \u00a725 Media Act and duty of information according to \u00a7 5 para. 1 E-Commerce Act [&hellip;]<\/p>\n","protected":false},"author":10,"featured_media":0,"parent":0,"menu_order":0,"comment_status":"closed","ping_status":"closed","template":"","meta":{"footnotes":""},"tags":[],"class_list":["post-5640","page","type-page","status-publish","hentry","col-lg-4 col-md-6"],"_links":{"self":[{"href":"https:\/\/aist.fh-hagenberg.at\/index.php\/wp-json\/wp\/v2\/pages\/5640","targetHints":{"allow":["GET"]}}],"collection":[{"href":"https:\/\/aist.fh-hagenberg.at\/index.php\/wp-json\/wp\/v2\/pages"}],"about":[{"href":"https:\/\/aist.fh-hagenberg.at\/index.php\/wp-json\/wp\/v2\/types\/page"}],"author":[{"embeddable":true,"href":"https:\/\/aist.fh-hagenberg.at\/index.php\/wp-json\/wp\/v2\/users\/10"}],"replies":[{"embeddable":true,"href":"https:\/\/aist.fh-hagenberg.at\/index.php\/wp-json\/wp\/v2\/comments?post=5640"}],"version-history":[{"count":4,"href":"https:\/\/aist.fh-hagenberg.at\/index.php\/wp-json\/wp\/v2\/pages\/5640\/revisions"}],"predecessor-version":[{"id":5644,"href":"https:\/\/aist.fh-hagenberg.at\/index.php\/wp-json\/wp\/v2\/pages\/5640\/revisions\/5644"}],"wp:attachment":[{"href":"https:\/\/aist.fh-hagenberg.at\/index.php\/wp-json\/wp\/v2\/media?parent=5640"}],"wp:term":[{"taxonomy":"post_tag","embeddable":true,"href":"https:\/\/aist.fh-hagenberg.at\/index.php\/wp-json\/wp\/v2\/tags?post=5640"}],"curies":[{"name":"wp","href":"https:\/\/api.w.org\/{rel}","templated":true}]}}