{"id":5631,"date":"2022-05-02T07:39:50","date_gmt":"2022-05-02T05:39:50","guid":{"rendered":"https:\/\/aist.fh-hagenberg.at\/?page_id=5631"},"modified":"2022-05-02T07:44:10","modified_gmt":"2022-05-02T05:44:10","slug":"impressum","status":"publish","type":"page","link":"https:\/\/aist.fh-hagenberg.at\/index.php\/de\/impressum","title":{"rendered":"Impressum"},"content":{"rendered":"\t\t<div data-elementor-type=\"wp-page\" data-elementor-id=\"5631\" class=\"elementor elementor-5631\">\n\t\t\t\t\t\t<section class=\"elementor-section elementor-top-section elementor-element elementor-element-44f8a88 elementor-section-boxed elementor-section-height-default elementor-section-height-default\" data-id=\"44f8a88\" data-element_type=\"section\">\n\t\t\t\t\t\t<div class=\"elementor-container elementor-column-gap-default\">\n\t\t\t\t\t<div class=\"elementor-column elementor-col-100 elementor-top-column elementor-element elementor-element-5aca400\" data-id=\"5aca400\" data-element_type=\"column\">\n\t\t\t<div class=\"elementor-widget-wrap elementor-element-populated\">\n\t\t\t\t\t\t<div class=\"elementor-element elementor-element-eb0f9fe elementor-widget elementor-widget-text-editor\" data-id=\"eb0f9fe\" data-element_type=\"widget\" data-widget_type=\"text-editor.default\">\n\t\t\t\t<div class=\"elementor-widget-container\">\n\t\t\t\t\t\t\t\t\t<h2>Offenlegungspflicht gem\u00e4\u00df \u00a725 Mediengesetz und Informationspflicht lt. \u00a7 5 Abs. 1 E-Commerce Gesetz<\/h2><p><strong>Medieninhaber und Herausgeber<\/strong><br \/>FH O\u00d6 Studienbetriebs GmbH<br \/>Roseggerstra\u00dfe 15<br \/>4600 Wels\/Austria<br \/>Tel.: +43\u00a050804 10<br \/>Fax: +43\u00a050804 11900<br \/>E-Mail:\u00a0<a tabindex=\"-1\" title=\"mailto:info@fh-ooe.at\" href=\"mailto:info@fh-ooe.at\" target=\"_blank\" rel=\"noopener noreferrer\" aria-label=\"Link info@fh-ooe.at\">info@fh-ooe.at<\/a><br \/>Web:\u00a0<a tabindex=\"-1\" title=\"http:\/\/www.fh-ooe.at\/fh-oberoesterreich\/\" href=\"http:\/\/www.fh-ooe.at\/fh-oberoesterreich\/\" target=\"_blank\" rel=\"noopener noreferrer\" aria-label=\"Link www.fh-ooe.at\">www.fh-ooe.at<\/a><br \/>UID: ATU57300325<br \/>FN: 236729g<br \/>Firmenbuchgericht: Landesgericht Wels<br \/>Aufsichtsbeh\u00f6rde: AQ Austria (<a tabindex=\"-1\" title=\"https:\/\/www.aq.ac.at\/de\/index.php\" href=\"https:\/\/www.aq.ac.at\/de\/index.php\" target=\"_blank\" rel=\"noopener noreferrer\" aria-label=\"Link http:\/\/www.aq.ac.at\">http:\/\/www.aq.ac.at<\/a>)<\/p><p><b>Gesch\u00e4ftsf\u00fchrung:<\/b><br \/>Dr. Gerald Reisinger<\/p><p><b>Prokuristin:<\/b><br \/>Dr. Regina Aichinger MSc<\/p><p><b>Eigentums- und Beteiligungsverh\u00e4ltnisse:<\/b><br \/><a tabindex=\"-1\" title=\"https:\/\/www.fh-ooe.at\/ueber-uns\/organisation\/\" href=\"https:\/\/www.fh-ooe.at\/ueber-uns\/organisation\/\" target=\"_blank\" rel=\"noopener noreferrer\" aria-label=\"Link https:\/\/www.fh-ooe.at\/ueber-uns\/organisation\/\">https:\/\/www.fh-ooe.at\/ueber-uns\/organisation\/<\/a><\/p><h4>T\u00e4tigkeitsbereich<\/h4><p>Die FH O\u00d6 bietet Studieng\u00e4nge in Vollzeit- und\/oder berufsbegleitender Form in den folgenden Bereichen an:<\/p><ul><li>Gesundheit &amp; Soziales<\/li><li>Wirtschaft &amp; Technik<\/li><li>Umwelt &amp; Energie<\/li><li>Technik<\/li><li>Medien &amp; Kommunikation<\/li><li>Management<\/li><li>Informatik<\/li><\/ul><p>Dieser Internetauftritt dient der F\u00f6rderung und Unterst\u00fctzung des T\u00e4tigkeitsbereichs der FH O\u00d6.<\/p><p><strong>Hinweisgebersystem (Whistleblower-System):<\/strong><br \/><a tabindex=\"-1\" title=\"https:\/\/www.bkms-system.com\/compliance-fhooe\" href=\"https:\/\/www.bkms-system.com\/compliance-fhooe\" target=\"_blank\" rel=\"noopener noreferrer\" aria-label=\"Link https:\/\/www.bkms-system.com\/compliance-fhooe\">https:\/\/www.bkms-system.com\/compliance-fhooe<\/a><\/p><h2>Inhaltliche und redaktionelle Verantwortung<\/h2><p>Die inhaltliche und redaktionelle Verantwortung f\u00fcr die einzelnen Subseiten liegt bei den jeweiligen Fakult\u00e4ten, Studieng\u00e4ngen bzw. Referaten und Abteilungen.<\/p><h2>Konzept, Design und Umsetzung<\/h2><p>Forschungsgruppe Advanced Information Systems and Technology<br \/>Telefon: +43 5 0804 22038<br \/>E-Mail: contact(at)aist.science<\/p><h2>Bildnachweise<\/h2><p>(c) FH Ober\u00f6sterreich<br \/>(c) Pixabay<\/p><h2>Support<\/h2><p>Bei technischen Problemen richten Sie Ihre E-Mail bitte an contact(at)aist.science<\/p><h2>Haftung<\/h2><p>S\u00e4mtliche Texte auf der Homepage der FH Ober\u00f6sterreich wurden sorgf\u00e4ltig gepr\u00fcft. Dessen ungeachtet kann keine Garantie f\u00fcr die Richtigkeit, Vollst\u00e4ndigkeit und Aktualit\u00e4t der Angaben \u00fcbernommen werden. Eine Haftung der FH Ober\u00f6sterreich wird daher ausgeschlossen. Die Links zu anderen Webseiten wurden sorgf\u00e4ltig ausgew\u00e4hlt. Da die FH Ober\u00f6sterreich auf deren Inhalt keinen Einfluss hat, \u00fcbernimmt die FH Ober\u00f6sterreich daf\u00fcr keine Verantwortung.<\/p><p>\u00a9 Das Copyright liegt bei der FH Ober\u00f6sterreich bzw. den jeweiligen AutorInnen der Subseiten.<\/p>\t\t\t\t\t\t\t\t<\/div>\n\t\t\t\t<\/div>\n\t\t\t\t\t<\/div>\n\t\t<\/div>\n\t\t\t\t\t<\/div>\n\t\t<\/section>\n\t\t\t\t<\/div>\n\t\t","protected":false},"excerpt":{"rendered":"<p>Offenlegungspflicht gem\u00e4\u00df \u00a725 Mediengesetz und Informationspflicht lt. \u00a7 5 Abs. 1 E-Commerce Gesetz Medieninhaber und HerausgeberFH O\u00d6 Studienbetriebs GmbHRoseggerstra\u00dfe 154600 [&hellip;]<\/p>\n","protected":false},"author":10,"featured_media":0,"parent":0,"menu_order":0,"comment_status":"closed","ping_status":"closed","template":"","meta":{"footnotes":""},"tags":[],"class_list":["post-5631","page","type-page","status-publish","hentry","col-lg-4 col-md-6"],"_links":{"self":[{"href":"https:\/\/aist.fh-hagenberg.at\/index.php\/wp-json\/wp\/v2\/pages\/5631","targetHints":{"allow":["GET"]}}],"collection":[{"href":"https:\/\/aist.fh-hagenberg.at\/index.php\/wp-json\/wp\/v2\/pages"}],"about":[{"href":"https:\/\/aist.fh-hagenberg.at\/index.php\/wp-json\/wp\/v2\/types\/page"}],"author":[{"embeddable":true,"href":"https:\/\/aist.fh-hagenberg.at\/index.php\/wp-json\/wp\/v2\/users\/10"}],"replies":[{"embeddable":true,"href":"https:\/\/aist.fh-hagenberg.at\/index.php\/wp-json\/wp\/v2\/comments?post=5631"}],"version-history":[{"count":6,"href":"https:\/\/aist.fh-hagenberg.at\/index.php\/wp-json\/wp\/v2\/pages\/5631\/revisions"}],"predecessor-version":[{"id":5637,"href":"https:\/\/aist.fh-hagenberg.at\/index.php\/wp-json\/wp\/v2\/pages\/5631\/revisions\/5637"}],"wp:attachment":[{"href":"https:\/\/aist.fh-hagenberg.at\/index.php\/wp-json\/wp\/v2\/media?parent=5631"}],"wp:term":[{"taxonomy":"post_tag","embeddable":true,"href":"https:\/\/aist.fh-hagenberg.at\/index.php\/wp-json\/wp\/v2\/tags?post=5631"}],"curies":[{"name":"wp","href":"https:\/\/api.w.org\/{rel}","templated":true}]}}