{"id":5449,"date":"2022-04-04T12:49:56","date_gmt":"2022-04-04T10:49:56","guid":{"rendered":"https:\/\/aist.fh-hagenberg.at\/?page_id=5449"},"modified":"2022-11-29T11:13:42","modified_gmt":"2022-11-29T10:13:42","slug":"bambi","status":"publish","type":"page","link":"https:\/\/aist.fh-hagenberg.at\/index.php\/de\/projekte\/bambi","title":{"rendered":"Bambi"},"content":{"rendered":"<p><img loading=\"lazy\" decoding=\"async\" width=\"150\" height=\"150\" src=\"https:\/\/aist.fh-hagenberg.at\/wp-content\/uploads\/2022\/04\/bambi-1-150x150.png\" alt=\"bambi\" loading=\"lazy\" srcset=\"https:\/\/aist.fh-hagenberg.at\/wp-content\/uploads\/2022\/04\/bambi-1-150x150.png 150w, https:\/\/aist.fh-hagenberg.at\/wp-content\/uploads\/2022\/04\/bambi-1.png 250w\" sizes=\"auto, (max-width: 150px) 100vw, 150px\" \/>\t\t\t\t\t\t\t\t\t\t\t\t\t\t<\/p>\n<p>Gesunde und intakte W\u00e4lder mit einer reichen biologischen Vielfalt sind f\u00fcr das Wohlbefinden der Menschen und die Gesundheit des gesamten Planeten unerl\u00e4sslich und spielen eine wichtige Rolle im Kampf gegen den Klimawandel. Nachhaltige Strategien f\u00fcr die Bewirtschaftung von Wildtieren, die die W\u00e4lder intakt halten sollen, st\u00fctzen sich auf der \u00dcberwachung dieser Teren, um Entscheidungen \u00fcber den Schutz oder die Regulierung bestimmter Arten zu treffen. Bestehende \u00dcberwachungstechniken sind jedoch entweder arbeitsintensiv, leiden unter gro\u00dfen Ungenauigkeiten oder k\u00f6nnen in dichter Vegetation nicht angewendet werden. Innerhalb des Projekts <a href=\"http:\/\/www.bambi.eco\/\">BAMBI<\/a> (Biodiversity Airborne Monitoring Based on Intelligent UAV sampling) soll eine neuartige luftgest\u00fctzte Lichtfeld-Sampling-Technologie und ein fortschrittliches KI-Klassifizierungssystem f\u00fcr eine genaue und zuverl\u00e4ssige Tier\u00fcberwachung entwickelt werden, mit dem\u00a0 Potenzial, diese L\u00fccke zu schlie\u00dfen. Der Vorteil von BAMBI gegen\u00fcber alternativen Methoden ist ein innovativer Algorithmus zur Beseitigung von Verdeckungen, der die Identifizierung und Klassifizierung von Tieren in W\u00e4ldern mithilfe von unbemannten Luftfahrzeugen (UAVs) erm\u00f6glicht. Die AIST Forschungsgruppe unterst\u00fctzt in diesem Vorhaben die Kollegen der Partnerforschungsgruppe des <a href=\"https:\/\/mi-lab.org\/\">Media Interaction Labs<\/a>.<\/p>\n<p><strong>Laufzeit:\u00a0<\/strong>01.04.2022 &#8211; 30.04.2025<br \/><strong>Partner:\u00a0\u00a0<\/strong><\/p>\n<ul>\n<li><a href=\"https:\/\/mi-lab.org\/\">FH O\u00d6 Media Interaction Lab<\/a><\/li>\n<li>B\u00fcro f\u00fcr Wild\u00f6kologie und Forstwirtschaft e.U<\/li>\n<li>Umweltdata GmbH<\/li>\n<li>ViewCopter e.U.<\/li>\n<li>Landes-Jagdverb\u00e4nde Nieder\u00f6sterreich, Ober\u00f6sterreich und Tirol<\/li>\n<\/ul>\n<p><strong>F\u00f6rdergeber\/-programm:\u00a0<\/strong>\u00d6sterreichische Forschungsf\u00f6rderungsgesellschaft FFG &#8211; AI4Green<\/p>\n","protected":false},"excerpt":{"rendered":"<p>Gesunde und intakte W\u00e4lder mit einer reichen biologischen Vielfalt sind f\u00fcr das Wohlbefinden der Menschen und die Gesundheit des gesamten [&hellip;]<\/p>\n","protected":false},"author":10,"featured_media":0,"parent":30,"menu_order":0,"comment_status":"closed","ping_status":"closed","template":"","meta":{"footnotes":""},"tags":[],"class_list":["post-5449","page","type-page","status-publish","hentry","col-lg-4 col-md-6"],"_links":{"self":[{"href":"https:\/\/aist.fh-hagenberg.at\/index.php\/wp-json\/wp\/v2\/pages\/5449","targetHints":{"allow":["GET"]}}],"collection":[{"href":"https:\/\/aist.fh-hagenberg.at\/index.php\/wp-json\/wp\/v2\/pages"}],"about":[{"href":"https:\/\/aist.fh-hagenberg.at\/index.php\/wp-json\/wp\/v2\/types\/page"}],"author":[{"embeddable":true,"href":"https:\/\/aist.fh-hagenberg.at\/index.php\/wp-json\/wp\/v2\/users\/10"}],"replies":[{"embeddable":true,"href":"https:\/\/aist.fh-hagenberg.at\/index.php\/wp-json\/wp\/v2\/comments?post=5449"}],"version-history":[{"count":15,"href":"https:\/\/aist.fh-hagenberg.at\/index.php\/wp-json\/wp\/v2\/pages\/5449\/revisions"}],"predecessor-version":[{"id":6097,"href":"https:\/\/aist.fh-hagenberg.at\/index.php\/wp-json\/wp\/v2\/pages\/5449\/revisions\/6097"}],"up":[{"embeddable":true,"href":"https:\/\/aist.fh-hagenberg.at\/index.php\/wp-json\/wp\/v2\/pages\/30"}],"wp:attachment":[{"href":"https:\/\/aist.fh-hagenberg.at\/index.php\/wp-json\/wp\/v2\/media?parent=5449"}],"wp:term":[{"taxonomy":"post_tag","embeddable":true,"href":"https:\/\/aist.fh-hagenberg.at\/index.php\/wp-json\/wp\/v2\/tags?post=5449"}],"curies":[{"name":"wp","href":"https:\/\/api.w.org\/{rel}","templated":true}]}}