{"id":5308,"date":"2022-03-01T07:56:48","date_gmt":"2022-03-01T06:56:48","guid":{"rendered":"https:\/\/aist.fh-hagenberg.at\/?page_id=5308"},"modified":"2022-03-01T12:37:01","modified_gmt":"2022-03-01T11:37:01","slug":"gemini","status":"publish","type":"page","link":"https:\/\/aist.fh-hagenberg.at\/index.php\/de\/gemini","title":{"rendered":"Gemini"},"content":{"rendered":"\t\t<div data-elementor-type=\"wp-page\" data-elementor-id=\"5308\" class=\"elementor elementor-5308\">\n\t\t\t\t\t\t<section class=\"elementor-section elementor-top-section elementor-element elementor-element-202da404 elementor-section-boxed elementor-section-height-default elementor-section-height-default\" data-id=\"202da404\" data-element_type=\"section\" data-settings=\"{&quot;background_background&quot;:&quot;classic&quot;,&quot;animation&quot;:&quot;none&quot;}\">\n\t\t\t\t\t\t\t<div class=\"elementor-background-overlay\"><\/div>\n\t\t\t\t\t\t\t<div class=\"elementor-container elementor-column-gap-default\">\n\t\t\t\t\t<div class=\"elementor-column elementor-col-100 elementor-top-column elementor-element elementor-element-35de9bff\" data-id=\"35de9bff\" data-element_type=\"column\">\n\t\t\t<div class=\"elementor-widget-wrap elementor-element-populated\">\n\t\t\t\t\t\t<div class=\"elementor-element elementor-element-3085d714 elementor-widget elementor-widget-image\" data-id=\"3085d714\" data-element_type=\"widget\" data-widget_type=\"image.default\">\n\t\t\t\t<div class=\"elementor-widget-container\">\n\t\t\t\t\t\t\t\t\t\t\t\t\t\t\t<img decoding=\"async\" src=\"https:\/\/aist.fh-hagenberg.at\/wp-content\/uploads\/elementor\/thumbs\/250px-pl7q4spq2qbbbyxlzallq6necit7nqjrq6lcv4or9c.png\" title=\"gemini\" alt=\"gemini\" loading=\"lazy\" \/>\t\t\t\t\t\t\t\t\t\t\t\t\t\t\t<\/div>\n\t\t\t\t<\/div>\n\t\t\t\t\t<\/div>\n\t\t<\/div>\n\t\t\t\t\t<\/div>\n\t\t<\/section>\n\t\t\t\t<section class=\"elementor-section elementor-top-section elementor-element elementor-element-4a3f905f elementor-section-boxed elementor-section-height-default elementor-section-height-default\" data-id=\"4a3f905f\" data-element_type=\"section\">\n\t\t\t\t\t\t<div class=\"elementor-container elementor-column-gap-default\">\n\t\t\t\t\t<div class=\"elementor-column elementor-col-100 elementor-top-column elementor-element elementor-element-70f18151\" data-id=\"70f18151\" data-element_type=\"column\">\n\t\t\t<div class=\"elementor-widget-wrap elementor-element-populated\">\n\t\t\t\t\t\t<div class=\"elementor-element elementor-element-601d6e7a elementor-widget elementor-widget-text-editor\" data-id=\"601d6e7a\" data-element_type=\"widget\" data-widget_type=\"text-editor.default\">\n\t\t\t\t<div class=\"elementor-widget-container\">\n\t\t\t\t\t\t\t\t\t<p>GEMINI behandelt das digitale Marketing im Bereich von Process Mining. Aus datenschutzkonformen, anonymisierten Aufzeichnungen von Userverhalten auf Webseiten wird eine Customer Journey identifiziert. Zugrundeliegend dieser sollen Empfehlungen f\u00fcr diverse Anwendungsf\u00e4lle abgeleitet werden, um die Produkte und Dienstleistung im Onlinemarketing verbessern zu k\u00f6nnen. Die Forschungsinhalte des Projekts behandeln prim\u00e4r die Felder Data Science und Process Mining.<\/p>\t\t\t\t\t\t\t\t<\/div>\n\t\t\t\t<\/div>\n\t\t\t\t<div class=\"elementor-element elementor-element-72b84e41 elementor-widget-divider--separator-type-pattern elementor-widget-divider--view-line elementor-widget elementor-widget-divider\" data-id=\"72b84e41\" data-element_type=\"widget\" data-widget_type=\"divider.default\">\n\t\t\t\t<div class=\"elementor-widget-container\">\n\t\t\t\t\t\t\t<div class=\"elementor-divider\" style=\"--divider-pattern-url: url(&quot;data:image\/svg+xml,%3Csvg xmlns=&#039;http:\/\/www.w3.org\/2000\/svg&#039; preserveAspectRatio=&#039;none&#039; overflow=&#039;visible&#039; height=&#039;100%&#039; viewBox=&#039;0 0 24 24&#039; fill=&#039;none&#039; stroke=&#039;black&#039; stroke-width=&#039;1&#039; stroke-linecap=&#039;square&#039; stroke-miterlimit=&#039;10&#039;%3E%3Cpolyline points=&#039;0,18 12,6 24,18 &#039;\/%3E%3C\/svg%3E&quot;);\">\n\t\t\t<span class=\"elementor-divider-separator\">\n\t\t\t\t\t\t<\/span>\n\t\t<\/div>\n\t\t\t\t\t\t<\/div>\n\t\t\t\t<\/div>\n\t\t\t\t<div class=\"elementor-element elementor-element-52c94694 elementor-widget elementor-widget-text-editor\" data-id=\"52c94694\" data-element_type=\"widget\" data-widget_type=\"text-editor.default\">\n\t\t\t\t<div class=\"elementor-widget-container\">\n\t\t\t\t\t\t\t\t\t<p><span style=\"box-sizing: inherit; font-weight: bolder; color: #707070;\">Laufzeit: <\/span><span style=\"color: #707070;\">01.03.2022 \u2013 28.02.2024<\/span><br style=\"box-sizing: inherit; color: #707070;\" \/><span style=\"box-sizing: inherit; font-weight: bolder; color: #707070;\">Partner: <\/span><span style=\"color: #707070;\">506 Data &amp; Performance GmbH\u00a0<\/span><br style=\"box-sizing: inherit; color: #707070;\" \/><span style=\"box-sizing: inherit; font-weight: bolder; color: #707070;\">F\u00f6rdergeber\/-programm: <\/span><span style=\"color: #707070;\">\u00d6sterreichische Forschungsf\u00f6rderungsgesellschaft FFG \u2013 Basisprogramm<\/span><\/p>\t\t\t\t\t\t\t\t<\/div>\n\t\t\t\t<\/div>\n\t\t\t\t\t<\/div>\n\t\t<\/div>\n\t\t\t\t\t<\/div>\n\t\t<\/section>\n\t\t\t\t<\/div>\n\t\t","protected":false},"excerpt":{"rendered":"<p>GEMINI behandelt das digitale Marketing im Bereich von Process Mining. Aus datenschutzkonformen, anonymisierten Aufzeichnungen von Userverhalten auf Webseiten wird eine [&hellip;]<\/p>\n","protected":false},"author":10,"featured_media":0,"parent":0,"menu_order":0,"comment_status":"closed","ping_status":"closed","template":"","meta":{"footnotes":""},"tags":[],"class_list":["post-5308","page","type-page","status-publish","hentry","col-lg-4 col-md-6"],"_links":{"self":[{"href":"https:\/\/aist.fh-hagenberg.at\/index.php\/wp-json\/wp\/v2\/pages\/5308","targetHints":{"allow":["GET"]}}],"collection":[{"href":"https:\/\/aist.fh-hagenberg.at\/index.php\/wp-json\/wp\/v2\/pages"}],"about":[{"href":"https:\/\/aist.fh-hagenberg.at\/index.php\/wp-json\/wp\/v2\/types\/page"}],"author":[{"embeddable":true,"href":"https:\/\/aist.fh-hagenberg.at\/index.php\/wp-json\/wp\/v2\/users\/10"}],"replies":[{"embeddable":true,"href":"https:\/\/aist.fh-hagenberg.at\/index.php\/wp-json\/wp\/v2\/comments?post=5308"}],"version-history":[{"count":6,"href":"https:\/\/aist.fh-hagenberg.at\/index.php\/wp-json\/wp\/v2\/pages\/5308\/revisions"}],"predecessor-version":[{"id":5360,"href":"https:\/\/aist.fh-hagenberg.at\/index.php\/wp-json\/wp\/v2\/pages\/5308\/revisions\/5360"}],"wp:attachment":[{"href":"https:\/\/aist.fh-hagenberg.at\/index.php\/wp-json\/wp\/v2\/media?parent=5308"}],"wp:term":[{"taxonomy":"post_tag","embeddable":true,"href":"https:\/\/aist.fh-hagenberg.at\/index.php\/wp-json\/wp\/v2\/tags?post=5308"}],"curies":[{"name":"wp","href":"https:\/\/api.w.org\/{rel}","templated":true}]}}