{"id":5123,"date":"2022-01-18T08:49:59","date_gmt":"2022-01-18T07:49:59","guid":{"rendered":"https:\/\/aist.fh-hagenberg.at\/?page_id=5123"},"modified":"2022-04-29T13:43:15","modified_gmt":"2022-04-29T11:43:15","slug":"pica","status":"publish","type":"page","link":"https:\/\/aist.fh-hagenberg.at\/index.php\/de\/projekte\/pica","title":{"rendered":"PICA"},"content":{"rendered":"\t\t<div data-elementor-type=\"wp-page\" data-elementor-id=\"5123\" class=\"elementor elementor-5123\">\n\t\t\t\t\t\t<section class=\"elementor-section elementor-top-section elementor-element elementor-element-7877e156 elementor-section-boxed elementor-section-height-default elementor-section-height-default\" data-id=\"7877e156\" data-element_type=\"section\" data-settings=\"{&quot;background_background&quot;:&quot;classic&quot;,&quot;animation&quot;:&quot;none&quot;}\">\n\t\t\t\t\t\t\t<div class=\"elementor-background-overlay\"><\/div>\n\t\t\t\t\t\t\t<div class=\"elementor-container elementor-column-gap-default\">\n\t\t\t\t\t<div class=\"elementor-column elementor-col-100 elementor-top-column elementor-element elementor-element-4b6aec3e\" data-id=\"4b6aec3e\" data-element_type=\"column\">\n\t\t\t<div class=\"elementor-widget-wrap elementor-element-populated\">\n\t\t\t\t\t\t<div class=\"elementor-element elementor-element-3d5366dd elementor-widget elementor-widget-image\" data-id=\"3d5366dd\" data-element_type=\"widget\" data-widget_type=\"image.default\">\n\t\t\t\t<div class=\"elementor-widget-container\">\n\t\t\t\t\t\t\t\t\t\t\t\t\t\t\t<img decoding=\"async\" width=\"300\" height=\"136\" src=\"https:\/\/aist.fh-hagenberg.at\/wp-content\/uploads\/2022\/01\/pica_logo2-300x136.png\" class=\"attachment-medium size-medium wp-image-5127\" alt=\"\" srcset=\"https:\/\/aist.fh-hagenberg.at\/wp-content\/uploads\/2022\/01\/pica_logo2-300x136.png 300w, https:\/\/aist.fh-hagenberg.at\/wp-content\/uploads\/2022\/01\/pica_logo2.png 500w\" sizes=\"(max-width: 300px) 100vw, 300px\" \/>\t\t\t\t\t\t\t\t\t\t\t\t\t\t\t<\/div>\n\t\t\t\t<\/div>\n\t\t\t\t\t<\/div>\n\t\t<\/div>\n\t\t\t\t\t<\/div>\n\t\t<\/section>\n\t\t\t\t<section class=\"elementor-section elementor-top-section elementor-element elementor-element-1b981248 elementor-section-boxed elementor-section-height-default elementor-section-height-default\" data-id=\"1b981248\" data-element_type=\"section\">\n\t\t\t\t\t\t<div class=\"elementor-container elementor-column-gap-default\">\n\t\t\t\t\t<div class=\"elementor-column elementor-col-100 elementor-top-column elementor-element elementor-element-231fffe1\" data-id=\"231fffe1\" data-element_type=\"column\">\n\t\t\t<div class=\"elementor-widget-wrap elementor-element-populated\">\n\t\t\t\t\t\t<div class=\"elementor-element elementor-element-b1f238a elementor-widget elementor-widget-heading\" data-id=\"b1f238a\" data-element_type=\"widget\" data-widget_type=\"heading.default\">\n\t\t\t\t<div class=\"elementor-widget-container\">\n\t\t\t\t\t<h2 class=\"elementor-heading-title elementor-size-default\">PICA - Process Intelligence and Conformance Auditing\n<\/h2>\t\t\t\t<\/div>\n\t\t\t\t<\/div>\n\t\t\t\t<div class=\"elementor-element elementor-element-5862a0d0 elementor-widget elementor-widget-text-editor\" data-id=\"5862a0d0\" data-element_type=\"widget\" data-widget_type=\"text-editor.default\">\n\t\t\t\t<div class=\"elementor-widget-container\">\n\t\t\t\t\t\t\t\t\t<p>Das PICA Projekt besch\u00e4ftigt sich mit der Entwicklung und Etablierung einer Process Analytics Anbindung f\u00fcr medizinische Informationssysteme, mit deren Hilfe ein \u201eDigital Twin\u201c der organisatorischen Prozesse erstellt werden kann. Die Entwicklung erfolgt auf Basis international etablierter Kommunikations-Standards im Gesundheitswesen und in Abstimmung mit der \u00f6sterreichischen Affiliate-Organisation <a href=\"https:\/\/hl7.at\/\">HL7 Austria<\/a>. Dabei entsteht unter anderem ein \u00f6ffentlich verf\u00fcgbarer <a href=\"https:\/\/fhir.hl7.at\/r5-pica-5-deployment\/index.html\">Implementierungsleitfaden<\/a>, der laufend weiterentwickelt wird.<\/p>\t\t\t\t\t\t\t\t<\/div>\n\t\t\t\t<\/div>\n\t\t\t\t<div class=\"elementor-element elementor-element-3218c2a elementor-widget-divider--separator-type-pattern elementor-widget-divider--view-line elementor-widget elementor-widget-divider\" data-id=\"3218c2a\" data-element_type=\"widget\" data-widget_type=\"divider.default\">\n\t\t\t\t<div class=\"elementor-widget-container\">\n\t\t\t\t\t\t\t<div class=\"elementor-divider\" style=\"--divider-pattern-url: url(&quot;data:image\/svg+xml,%3Csvg xmlns=&#039;http:\/\/www.w3.org\/2000\/svg&#039; preserveAspectRatio=&#039;none&#039; overflow=&#039;visible&#039; height=&#039;100%&#039; viewBox=&#039;0 0 24 24&#039; fill=&#039;none&#039; stroke=&#039;black&#039; stroke-width=&#039;1&#039; stroke-linecap=&#039;square&#039; stroke-miterlimit=&#039;10&#039;%3E%3Cpolyline points=&#039;0,18 12,6 24,18 &#039;\/%3E%3C\/svg%3E&quot;);\">\n\t\t\t<span class=\"elementor-divider-separator\">\n\t\t\t\t\t\t<\/span>\n\t\t<\/div>\n\t\t\t\t\t\t<\/div>\n\t\t\t\t<\/div>\n\t\t\t\t<div class=\"elementor-element elementor-element-4294e705 elementor-widget elementor-widget-text-editor\" data-id=\"4294e705\" data-element_type=\"widget\" data-widget_type=\"text-editor.default\">\n\t\t\t\t<div class=\"elementor-widget-container\">\n\t\t\t\t\t\t\t\t\t<p><span style=\"box-sizing: inherit; font-weight: bolder; color: #707070;\">Laufzeit: <\/span><span style=\"color: #707070;\">01.01.2022 &#8211; 31.12.2025<\/span><br style=\"box-sizing: inherit; color: #707070;\" \/><span style=\"box-sizing: inherit; font-weight: bolder; color: #707070;\">Partner: <\/span><span style=\"color: #707070;\">FH O\u00d6 Campus Steyr<\/span><br style=\"box-sizing: inherit; color: #707070;\" \/><span style=\"box-sizing: inherit; font-weight: bolder; color: #707070;\">F\u00f6rderung: <\/span><span style=\"color: #707070;\">TIMed Aktivit\u00e4t, Programm des Landes O\u00f6. zur Stimulierung der Erschlie\u00dfung\/Erweiterung von zukunftsweisenden Forschungsfeldern bei den O\u00f6. Au\u00dferuniversit\u00e4ren Forschungseinrichtungen im Zeitraum 01.01.2022 \u2013 31.12.2029.<\/span><\/p>\t\t\t\t\t\t\t\t<\/div>\n\t\t\t\t<\/div>\n\t\t\t\t<div class=\"elementor-element elementor-element-c743117 elementor-widget elementor-widget-image\" data-id=\"c743117\" data-element_type=\"widget\" data-widget_type=\"image.default\">\n\t\t\t\t<div class=\"elementor-widget-container\">\n\t\t\t\t\t\t\t\t\t\t\t\t\t\t\t<img decoding=\"async\" width=\"150\" height=\"150\" src=\"https:\/\/aist.fh-hagenberg.at\/wp-content\/uploads\/2022\/01\/ooe-150x150.png\" class=\"attachment-thumbnail size-thumbnail wp-image-5126\" alt=\"\" srcset=\"https:\/\/aist.fh-hagenberg.at\/wp-content\/uploads\/2022\/01\/ooe-150x150.png 150w, https:\/\/aist.fh-hagenberg.at\/wp-content\/uploads\/2022\/01\/ooe-300x300.png 300w, https:\/\/aist.fh-hagenberg.at\/wp-content\/uploads\/2022\/01\/ooe-1024x1024.png 1024w, https:\/\/aist.fh-hagenberg.at\/wp-content\/uploads\/2022\/01\/ooe-768x768.png 768w, https:\/\/aist.fh-hagenberg.at\/wp-content\/uploads\/2022\/01\/ooe-1536x1536.png 1536w, https:\/\/aist.fh-hagenberg.at\/wp-content\/uploads\/2022\/01\/ooe-720x720.png 720w, https:\/\/aist.fh-hagenberg.at\/wp-content\/uploads\/2022\/01\/ooe-360x360.png 360w, https:\/\/aist.fh-hagenberg.at\/wp-content\/uploads\/2022\/01\/ooe.png 2000w\" sizes=\"(max-width: 150px) 100vw, 150px\" \/>\t\t\t\t\t\t\t\t\t\t\t\t\t\t\t<\/div>\n\t\t\t\t<\/div>\n\t\t\t\t\t<\/div>\n\t\t<\/div>\n\t\t\t\t\t<\/div>\n\t\t<\/section>\n\t\t\t\t<\/div>\n\t\t","protected":false},"excerpt":{"rendered":"<p>PICA &#8211; Process Intelligence and Conformance Auditing Das PICA Projekt besch\u00e4ftigt sich mit der Entwicklung und Etablierung einer Process Analytics [&hellip;]<\/p>\n","protected":false},"author":10,"featured_media":0,"parent":30,"menu_order":0,"comment_status":"closed","ping_status":"closed","template":"","meta":{"footnotes":""},"tags":[],"class_list":["post-5123","page","type-page","status-publish","hentry","col-lg-4 col-md-6"],"_links":{"self":[{"href":"https:\/\/aist.fh-hagenberg.at\/index.php\/wp-json\/wp\/v2\/pages\/5123","targetHints":{"allow":["GET"]}}],"collection":[{"href":"https:\/\/aist.fh-hagenberg.at\/index.php\/wp-json\/wp\/v2\/pages"}],"about":[{"href":"https:\/\/aist.fh-hagenberg.at\/index.php\/wp-json\/wp\/v2\/types\/page"}],"author":[{"embeddable":true,"href":"https:\/\/aist.fh-hagenberg.at\/index.php\/wp-json\/wp\/v2\/users\/10"}],"replies":[{"embeddable":true,"href":"https:\/\/aist.fh-hagenberg.at\/index.php\/wp-json\/wp\/v2\/comments?post=5123"}],"version-history":[{"count":13,"href":"https:\/\/aist.fh-hagenberg.at\/index.php\/wp-json\/wp\/v2\/pages\/5123\/revisions"}],"predecessor-version":[{"id":5627,"href":"https:\/\/aist.fh-hagenberg.at\/index.php\/wp-json\/wp\/v2\/pages\/5123\/revisions\/5627"}],"up":[{"embeddable":true,"href":"https:\/\/aist.fh-hagenberg.at\/index.php\/wp-json\/wp\/v2\/pages\/30"}],"wp:attachment":[{"href":"https:\/\/aist.fh-hagenberg.at\/index.php\/wp-json\/wp\/v2\/media?parent=5123"}],"wp:term":[{"taxonomy":"post_tag","embeddable":true,"href":"https:\/\/aist.fh-hagenberg.at\/index.php\/wp-json\/wp\/v2\/tags?post=5123"}],"curies":[{"name":"wp","href":"https:\/\/api.w.org\/{rel}","templated":true}]}}