{"id":4610,"date":"2021-08-09T10:36:25","date_gmt":"2021-08-09T08:36:25","guid":{"rendered":"https:\/\/aist.fh-hagenberg.at\/?page_id=4610"},"modified":"2022-03-13T11:30:27","modified_gmt":"2022-03-13T10:30:27","slug":"amido-2","status":"publish","type":"page","link":"https:\/\/aist.fh-hagenberg.at\/index.php\/de\/projekte\/amido-2","title":{"rendered":"Amido"},"content":{"rendered":"\t\t<div data-elementor-type=\"wp-page\" data-elementor-id=\"4610\" class=\"elementor elementor-4610\">\n\t\t\t\t\t\t<section class=\"elementor-section elementor-top-section elementor-element elementor-element-39d47bc8 elementor-section-boxed elementor-section-height-default elementor-section-height-default\" data-id=\"39d47bc8\" data-element_type=\"section\" data-settings=\"{&quot;background_background&quot;:&quot;classic&quot;,&quot;animation&quot;:&quot;none&quot;}\">\n\t\t\t\t\t\t\t<div class=\"elementor-background-overlay\"><\/div>\n\t\t\t\t\t\t\t<div class=\"elementor-container elementor-column-gap-default\">\n\t\t\t\t\t<div class=\"elementor-column elementor-col-100 elementor-top-column elementor-element elementor-element-74ee14f0\" data-id=\"74ee14f0\" data-element_type=\"column\">\n\t\t\t<div class=\"elementor-widget-wrap elementor-element-populated\">\n\t\t\t\t\t\t<div class=\"elementor-element elementor-element-17d2589e elementor-widget elementor-widget-image\" data-id=\"17d2589e\" data-element_type=\"widget\" data-widget_type=\"image.default\">\n\t\t\t\t<div class=\"elementor-widget-container\">\n\t\t\t\t\t\t\t\t\t\t\t\t\t\t\t<img decoding=\"async\" width=\"150\" height=\"150\" src=\"https:\/\/aist.fh-hagenberg.at\/wp-content\/uploads\/2021\/08\/amido-150x150.png\" class=\"attachment-thumbnail size-thumbnail wp-image-4609\" alt=\"amido\" \/>\t\t\t\t\t\t\t\t\t\t\t\t\t\t\t<\/div>\n\t\t\t\t<\/div>\n\t\t\t\t\t<\/div>\n\t\t<\/div>\n\t\t\t\t\t<\/div>\n\t\t<\/section>\n\t\t\t\t<section class=\"elementor-section elementor-top-section elementor-element elementor-element-7cdc201b elementor-section-boxed elementor-section-height-default elementor-section-height-default\" data-id=\"7cdc201b\" data-element_type=\"section\">\n\t\t\t\t\t\t<div class=\"elementor-container elementor-column-gap-default\">\n\t\t\t\t\t<div class=\"elementor-column elementor-col-100 elementor-top-column elementor-element elementor-element-ba56d92\" data-id=\"ba56d92\" data-element_type=\"column\">\n\t\t\t<div class=\"elementor-widget-wrap elementor-element-populated\">\n\t\t\t\t\t\t<div class=\"elementor-element elementor-element-27a09132 elementor-widget elementor-widget-text-editor\" data-id=\"27a09132\" data-element_type=\"widget\" data-widget_type=\"text-editor.default\">\n\t\t\t\t<div class=\"elementor-widget-container\">\n\t\t\t\t\t\t\t\t\t<p class=\"MsoNormal\"><span lang=\"DE\">In der Projektkooperation mit der Amido Handelsgesellschaft geht es um die automatisierte Georeferenzierung von Flugaunahmen. Dabei werden Ortsaufnahmen mithilfe von verschiedenen Flugger\u00e4ten (Helikopter, Drohnen, etc.) aus gr\u00f6\u00dferer Distanz erstellt. Basierend auf den Fluginformationen in Kombination mit weiteren Metadaten, sollen GPS-Informationen und im weiteren Wohnadressen der abgelichteten Geb\u00e4ude abgeleitet werden. \u00a0In Erg\u00e4nzung zu den aktuellen Aufnahmen, bei denen GPS-Informationen bekannt sind, sollen in einem zweiten Forschungsprojekt auch historische Aufnahmen anhand von einzigartigen Landschaftsmerkmalen und vorhandenen Kartenmarterial registriert und somit die Postanschriften bestimmt werden k\u00f6nnen.<\/span><\/p>\t\t\t\t\t\t\t\t<\/div>\n\t\t\t\t<\/div>\n\t\t\t\t<div class=\"elementor-element elementor-element-77f5b7d4 elementor-widget-divider--separator-type-pattern elementor-widget-divider--view-line elementor-widget elementor-widget-divider\" data-id=\"77f5b7d4\" data-element_type=\"widget\" data-widget_type=\"divider.default\">\n\t\t\t\t<div class=\"elementor-widget-container\">\n\t\t\t\t\t\t\t<div class=\"elementor-divider\" style=\"--divider-pattern-url: url(&quot;data:image\/svg+xml,%3Csvg xmlns=&#039;http:\/\/www.w3.org\/2000\/svg&#039; preserveAspectRatio=&#039;none&#039; overflow=&#039;visible&#039; height=&#039;100%&#039; viewBox=&#039;0 0 24 24&#039; fill=&#039;none&#039; stroke=&#039;black&#039; stroke-width=&#039;1&#039; stroke-linecap=&#039;square&#039; stroke-miterlimit=&#039;10&#039;%3E%3Cpolyline points=&#039;0,18 12,6 24,18 &#039;\/%3E%3C\/svg%3E&quot;);\">\n\t\t\t<span class=\"elementor-divider-separator\">\n\t\t\t\t\t\t<\/span>\n\t\t<\/div>\n\t\t\t\t\t\t<\/div>\n\t\t\t\t<\/div>\n\t\t\t\t<div class=\"elementor-element elementor-element-bf0c1a1 elementor-widget elementor-widget-text-editor\" data-id=\"bf0c1a1\" data-element_type=\"widget\" data-widget_type=\"text-editor.default\">\n\t\t\t\t<div class=\"elementor-widget-container\">\n\t\t\t\t\t\t\t\t\t<p><strong>Laufzeit:\u00a0<\/strong>01.08.2021 &#8211; 28.02.2022<br \/><strong>Partner:\u00a0\u00a0<\/strong>Amido Handelsgesellschaft<br \/><strong>F\u00f6rdergeber\/-programm:\u00a0<\/strong><\/p><ul><li>\u00d6sterreichische Forschungsf\u00f6rderungsgesellschaft Innovationsscheck+<ul><li>Geo-Referenzierung von fotografierten Szenarien in Flugaufnahmen basierend auf GPS Koordinaten und Topographiedaten<\/li><\/ul><\/li><li>easy2Research<ul><li>Erstellung von digitalen Karten basierend auf Flugaufnahmen<\/li><li>Registrierung der Flugaufnahmekarten mit digitalen Kartendiensten zur Geo-Referenzierung bzw. Adressfindung<\/li><\/ul><\/li><\/ul>\t\t\t\t\t\t\t\t<\/div>\n\t\t\t\t<\/div>\n\t\t\t\t\t<\/div>\n\t\t<\/div>\n\t\t\t\t\t<\/div>\n\t\t<\/section>\n\t\t\t\t<\/div>\n\t\t","protected":false},"excerpt":{"rendered":"<p>In der Projektkooperation mit der Amido Handelsgesellschaft geht es um die automatisierte Georeferenzierung von Flugaunahmen. Dabei werden Ortsaufnahmen mithilfe von [&hellip;]<\/p>\n","protected":false},"author":10,"featured_media":0,"parent":30,"menu_order":0,"comment_status":"closed","ping_status":"closed","template":"","meta":{"footnotes":""},"tags":[],"class_list":["post-4610","page","type-page","status-publish","hentry","col-lg-4 col-md-6"],"_links":{"self":[{"href":"https:\/\/aist.fh-hagenberg.at\/index.php\/wp-json\/wp\/v2\/pages\/4610","targetHints":{"allow":["GET"]}}],"collection":[{"href":"https:\/\/aist.fh-hagenberg.at\/index.php\/wp-json\/wp\/v2\/pages"}],"about":[{"href":"https:\/\/aist.fh-hagenberg.at\/index.php\/wp-json\/wp\/v2\/types\/page"}],"author":[{"embeddable":true,"href":"https:\/\/aist.fh-hagenberg.at\/index.php\/wp-json\/wp\/v2\/users\/10"}],"replies":[{"embeddable":true,"href":"https:\/\/aist.fh-hagenberg.at\/index.php\/wp-json\/wp\/v2\/comments?post=4610"}],"version-history":[{"count":13,"href":"https:\/\/aist.fh-hagenberg.at\/index.php\/wp-json\/wp\/v2\/pages\/4610\/revisions"}],"predecessor-version":[{"id":5397,"href":"https:\/\/aist.fh-hagenberg.at\/index.php\/wp-json\/wp\/v2\/pages\/4610\/revisions\/5397"}],"up":[{"embeddable":true,"href":"https:\/\/aist.fh-hagenberg.at\/index.php\/wp-json\/wp\/v2\/pages\/30"}],"wp:attachment":[{"href":"https:\/\/aist.fh-hagenberg.at\/index.php\/wp-json\/wp\/v2\/media?parent=4610"}],"wp:term":[{"taxonomy":"post_tag","embeddable":true,"href":"https:\/\/aist.fh-hagenberg.at\/index.php\/wp-json\/wp\/v2\/tags?post=4610"}],"curies":[{"name":"wp","href":"https:\/\/api.w.org\/{rel}","templated":true}]}}