{"id":4170,"date":"2021-02-25T08:26:49","date_gmt":"2021-02-25T07:26:49","guid":{"rendered":"https:\/\/aist.fh-hagenberg.at\/?page_id=4170"},"modified":"2021-02-25T08:55:57","modified_gmt":"2021-02-25T07:55:57","slug":"epilepsie-monitoring","status":"publish","type":"page","link":"https:\/\/aist.fh-hagenberg.at\/index.php\/de\/projekte\/epilepsie-monitoring","title":{"rendered":"Projekt: Epilepsie Monitoring"},"content":{"rendered":"\t\t<div data-elementor-type=\"wp-page\" data-elementor-id=\"4170\" class=\"elementor elementor-4170\">\n\t\t\t\t\t\t<section class=\"elementor-section elementor-top-section elementor-element elementor-element-1cfbad82 elementor-section-boxed elementor-section-height-default elementor-section-height-default\" data-id=\"1cfbad82\" data-element_type=\"section\" data-settings=\"{&quot;background_background&quot;:&quot;classic&quot;,&quot;animation&quot;:&quot;none&quot;}\">\n\t\t\t\t\t\t\t<div class=\"elementor-background-overlay\"><\/div>\n\t\t\t\t\t\t\t<div class=\"elementor-container elementor-column-gap-default\">\n\t\t\t\t\t<div class=\"elementor-column elementor-col-100 elementor-top-column elementor-element elementor-element-5f0f43c9\" data-id=\"5f0f43c9\" data-element_type=\"column\">\n\t\t\t<div class=\"elementor-widget-wrap elementor-element-populated\">\n\t\t\t\t\t\t<div class=\"elementor-element elementor-element-19e44909 elementor-widget elementor-widget-image\" data-id=\"19e44909\" data-element_type=\"widget\" data-widget_type=\"image.default\">\n\t\t\t\t<div class=\"elementor-widget-container\">\n\t\t\t\t\t\t\t\t\t\t\t\t\t\t\t<img decoding=\"async\" width=\"300\" height=\"87\" src=\"https:\/\/aist.fh-hagenberg.at\/wp-content\/uploads\/2021\/02\/logo-300x87.png\" class=\"attachment-medium size-medium wp-image-4189\" alt=\"epilepsie-monitoring\" srcset=\"https:\/\/aist.fh-hagenberg.at\/wp-content\/uploads\/2021\/02\/logo-300x87.png 300w, https:\/\/aist.fh-hagenberg.at\/wp-content\/uploads\/2021\/02\/logo.png 400w\" sizes=\"(max-width: 300px) 100vw, 300px\" \/>\t\t\t\t\t\t\t\t\t\t\t\t\t\t\t<\/div>\n\t\t\t\t<\/div>\n\t\t\t\t\t<\/div>\n\t\t<\/div>\n\t\t\t\t\t<\/div>\n\t\t<\/section>\n\t\t\t\t<section class=\"elementor-section elementor-top-section elementor-element elementor-element-41b0134a elementor-section-boxed elementor-section-height-default elementor-section-height-default\" data-id=\"41b0134a\" data-element_type=\"section\">\n\t\t\t\t\t\t<div class=\"elementor-container elementor-column-gap-default\">\n\t\t\t\t\t<div class=\"elementor-column elementor-col-100 elementor-top-column elementor-element elementor-element-6f9e19b2\" data-id=\"6f9e19b2\" data-element_type=\"column\">\n\t\t\t<div class=\"elementor-widget-wrap elementor-element-populated\">\n\t\t\t\t\t\t<div class=\"elementor-element elementor-element-4f277ade elementor-widget elementor-widget-text-editor\" data-id=\"4f277ade\" data-element_type=\"widget\" data-widget_type=\"text-editor.default\">\n\t\t\t\t<div class=\"elementor-widget-container\">\n\t\t\t\t\t\t\t\t\t<p>Das Projekt Epilepsie Monitoring will Innovationen im Bereich der bildbasierten Epilepsie\u00fcberwachung schaffen. Ein gutes Indiz f\u00fcr einen sich anbahnenden Anfall k\u00f6nnen hierbei Erwachen mit ge\u00f6ffneten Augen und Herdblick sein, d.h. starrer Blick der Augen in Richtung der betroffenen neurologischen Stelle bevor dann die eigentlichen Krampfsymptomatiken einsetzen.\u00a0 Im Verlauf dieses Forschungsprojekts wird die Machbarkeit einer komfortabel und vollst\u00e4ndig automatisierter Bild\u00fcberwachung mit Nachtsichtkameratechnologien evaluiert, um diese K\u00f6rpersignale erkennen zu k\u00f6nnen.<\/p>\t\t\t\t\t\t\t\t<\/div>\n\t\t\t\t<\/div>\n\t\t\t\t<div class=\"elementor-element elementor-element-7ffdca10 elementor-widget-divider--separator-type-pattern elementor-widget-divider--view-line elementor-widget elementor-widget-divider\" data-id=\"7ffdca10\" data-element_type=\"widget\" data-widget_type=\"divider.default\">\n\t\t\t\t<div class=\"elementor-widget-container\">\n\t\t\t\t\t\t\t<div class=\"elementor-divider\" style=\"--divider-pattern-url: url(&quot;data:image\/svg+xml,%3Csvg xmlns=&#039;http:\/\/www.w3.org\/2000\/svg&#039; preserveAspectRatio=&#039;none&#039; overflow=&#039;visible&#039; height=&#039;100%&#039; viewBox=&#039;0 0 24 24&#039; fill=&#039;none&#039; stroke=&#039;black&#039; stroke-width=&#039;1&#039; stroke-linecap=&#039;square&#039; stroke-miterlimit=&#039;10&#039;%3E%3Cpolyline points=&#039;0,18 12,6 24,18 &#039;\/%3E%3C\/svg%3E&quot;);\">\n\t\t\t<span class=\"elementor-divider-separator\">\n\t\t\t\t\t\t<\/span>\n\t\t<\/div>\n\t\t\t\t\t\t<\/div>\n\t\t\t\t<\/div>\n\t\t\t\t<div class=\"elementor-element elementor-element-41dbf4ea elementor-widget elementor-widget-text-editor\" data-id=\"41dbf4ea\" data-element_type=\"widget\" data-widget_type=\"text-editor.default\">\n\t\t\t\t<div class=\"elementor-widget-container\">\n\t\t\t\t\t\t\t\t\t<p><span style=\"box-sizing: inherit; font-weight: bolder; color: #707070;\">Laufzeit:\u00a0<\/span><span style=\"color: #707070;\">03.2021 &#8211; 09.2021<\/span><br style=\"box-sizing: inherit; color: #707070;\" \/><span style=\"box-sizing: inherit; font-weight: bolder; color: #707070;\">Partners:\u00a0<\/span><span style=\"color: #707070;\">Christian Seidl<\/span><br style=\"box-sizing: inherit; color: #707070;\" \/><span style=\"box-sizing: inherit; font-weight: bolder; color: #707070;\">F\u00f6rderung:\u00a0<\/span><span style=\"color: #707070;\">FFG &#8211; Innovationsscheck Plus<\/span><\/p>\t\t\t\t\t\t\t\t<\/div>\n\t\t\t\t<\/div>\n\t\t\t\t\t<\/div>\n\t\t<\/div>\n\t\t\t\t\t<\/div>\n\t\t<\/section>\n\t\t\t\t<\/div>\n\t\t","protected":false},"excerpt":{"rendered":"<p>Das Projekt Epilepsie Monitoring will Innovationen im Bereich der bildbasierten Epilepsie\u00fcberwachung schaffen. Ein gutes Indiz f\u00fcr einen sich anbahnenden Anfall [&hellip;]<\/p>\n","protected":false},"author":10,"featured_media":0,"parent":30,"menu_order":0,"comment_status":"closed","ping_status":"closed","template":"","meta":{"footnotes":""},"tags":[],"class_list":["post-4170","page","type-page","status-publish","hentry","col-lg-4 col-md-6"],"_links":{"self":[{"href":"https:\/\/aist.fh-hagenberg.at\/index.php\/wp-json\/wp\/v2\/pages\/4170","targetHints":{"allow":["GET"]}}],"collection":[{"href":"https:\/\/aist.fh-hagenberg.at\/index.php\/wp-json\/wp\/v2\/pages"}],"about":[{"href":"https:\/\/aist.fh-hagenberg.at\/index.php\/wp-json\/wp\/v2\/types\/page"}],"author":[{"embeddable":true,"href":"https:\/\/aist.fh-hagenberg.at\/index.php\/wp-json\/wp\/v2\/users\/10"}],"replies":[{"embeddable":true,"href":"https:\/\/aist.fh-hagenberg.at\/index.php\/wp-json\/wp\/v2\/comments?post=4170"}],"version-history":[{"count":14,"href":"https:\/\/aist.fh-hagenberg.at\/index.php\/wp-json\/wp\/v2\/pages\/4170\/revisions"}],"predecessor-version":[{"id":4214,"href":"https:\/\/aist.fh-hagenberg.at\/index.php\/wp-json\/wp\/v2\/pages\/4170\/revisions\/4214"}],"up":[{"embeddable":true,"href":"https:\/\/aist.fh-hagenberg.at\/index.php\/wp-json\/wp\/v2\/pages\/30"}],"wp:attachment":[{"href":"https:\/\/aist.fh-hagenberg.at\/index.php\/wp-json\/wp\/v2\/media?parent=4170"}],"wp:term":[{"taxonomy":"post_tag","embeddable":true,"href":"https:\/\/aist.fh-hagenberg.at\/index.php\/wp-json\/wp\/v2\/tags?post=4170"}],"curies":[{"name":"wp","href":"https:\/\/api.w.org\/{rel}","templated":true}]}}