{"id":4057,"date":"2020-11-03T14:38:26","date_gmt":"2020-11-03T13:38:26","guid":{"rendered":"https:\/\/aist.fh-hagenberg.at\/?page_id=4057"},"modified":"2020-12-03T14:11:10","modified_gmt":"2020-12-03T13:11:10","slug":"urban-storage-cluster-southern-burgenland","status":"publish","type":"page","link":"https:\/\/aist.fh-hagenberg.at\/index.php\/en\/projects\/urban-storage-cluster-southern-burgenland","title":{"rendered":"Urban Storage Cluster Southern Burgenland"},"content":{"rendered":"\t\t<div data-elementor-type=\"wp-page\" data-elementor-id=\"4057\" class=\"elementor elementor-4057\">\n\t\t\t\t\t\t<section class=\"elementor-section elementor-top-section elementor-element elementor-element-5637145c elementor-section-boxed elementor-section-height-default elementor-section-height-default\" data-id=\"5637145c\" data-element_type=\"section\" data-settings=\"{&quot;background_background&quot;:&quot;classic&quot;,&quot;animation&quot;:&quot;none&quot;}\">\n\t\t\t\t\t\t\t<div class=\"elementor-background-overlay\"><\/div>\n\t\t\t\t\t\t\t<div class=\"elementor-container elementor-column-gap-default\">\n\t\t\t\t\t<div class=\"elementor-column elementor-col-100 elementor-top-column elementor-element elementor-element-2a0dc6e4\" data-id=\"2a0dc6e4\" data-element_type=\"column\">\n\t\t\t<div class=\"elementor-widget-wrap elementor-element-populated\">\n\t\t\t\t\t\t<div class=\"elementor-element elementor-element-3a9cc43b elementor-widget elementor-widget-image\" data-id=\"3a9cc43b\" data-element_type=\"widget\" data-widget_type=\"image.default\">\n\t\t\t\t<div class=\"elementor-widget-container\">\n\t\t\t\t\t\t\t\t\t\t\t\t\t\t\t<img decoding=\"async\" width=\"150\" height=\"150\" src=\"https:\/\/aist.fh-hagenberg.at\/wp-content\/uploads\/2020\/11\/spc-150x150.png\" class=\"attachment-thumbnail size-thumbnail wp-image-4054\" alt=\"spc\" srcset=\"https:\/\/aist.fh-hagenberg.at\/wp-content\/uploads\/2020\/11\/spc-150x150.png 150w, https:\/\/aist.fh-hagenberg.at\/wp-content\/uploads\/2020\/11\/spc.png 250w\" sizes=\"(max-width: 150px) 100vw, 150px\" \/>\t\t\t\t\t\t\t\t\t\t\t\t\t\t\t<\/div>\n\t\t\t\t<\/div>\n\t\t\t\t\t<\/div>\n\t\t<\/div>\n\t\t\t\t\t<\/div>\n\t\t<\/section>\n\t\t\t\t<section class=\"elementor-section elementor-top-section elementor-element elementor-element-19540f54 elementor-section-boxed elementor-section-height-default elementor-section-height-default\" data-id=\"19540f54\" data-element_type=\"section\">\n\t\t\t\t\t\t<div class=\"elementor-container elementor-column-gap-default\">\n\t\t\t\t\t<div class=\"elementor-column elementor-col-100 elementor-top-column elementor-element elementor-element-35432b98\" data-id=\"35432b98\" data-element_type=\"column\">\n\t\t\t<div class=\"elementor-widget-wrap elementor-element-populated\">\n\t\t\t\t\t\t<div class=\"elementor-element elementor-element-4ae73359 elementor-widget elementor-widget-text-editor\" data-id=\"4ae73359\" data-element_type=\"widget\" data-widget_type=\"text-editor.default\">\n\t\t\t\t<div class=\"elementor-widget-container\">\n\t\t\t\t\t\t\t\t\t<p>The research group AIST supports the colleagues of the <a href=\"https:\/\/forschung.fh-ooe.at\/asic\/\">institute ASIC<\/a> at the University of Applied Sciences Upper Austria Campus Wels with the project implementation.<\/p><p>The development and realization of a Living-Lab test operation of a cluster-based (storage cluster) energy management system spanning buildings, users, neighbourhood storage and charging stations in the test area of the Stegersbach golf and thermal spa region as well as in the urban test area of the city of Oberwart is to be carried out in combination with new innovative tariff models (account system) primarily for the activation, bundling and marketing of small-structured energy flexibilities. The main focus will be on the optimization of the storage cluster<\/p><p>and not on the realization of energetic optimal states of the individual participants. This enables the integration and use of local renewable energy supply systems as well as the renewable surplus energy available in the associated control area more efficiently, increases the direct use quota, activates (flexibility) marketing potentials and creates corresponding incentives for the switch to electromobility.<\/p>\t\t\t\t\t\t\t\t<\/div>\n\t\t\t\t<\/div>\n\t\t\t\t<div class=\"elementor-element elementor-element-7f4847cc elementor-widget-divider--separator-type-pattern elementor-widget-divider--view-line elementor-widget elementor-widget-divider\" data-id=\"7f4847cc\" data-element_type=\"widget\" data-widget_type=\"divider.default\">\n\t\t\t\t<div class=\"elementor-widget-container\">\n\t\t\t\t\t\t\t<div class=\"elementor-divider\" style=\"--divider-pattern-url: url(&quot;data:image\/svg+xml,%3Csvg xmlns=&#039;http:\/\/www.w3.org\/2000\/svg&#039; preserveAspectRatio=&#039;none&#039; overflow=&#039;visible&#039; height=&#039;100%&#039; viewBox=&#039;0 0 24 24&#039; fill=&#039;none&#039; stroke=&#039;black&#039; stroke-width=&#039;1&#039; stroke-linecap=&#039;square&#039; stroke-miterlimit=&#039;10&#039;%3E%3Cpolyline points=&#039;0,18 12,6 24,18 &#039;\/%3E%3C\/svg%3E&quot;);\">\n\t\t\t<span class=\"elementor-divider-separator\">\n\t\t\t\t\t\t<\/span>\n\t\t<\/div>\n\t\t\t\t\t\t<\/div>\n\t\t\t\t<\/div>\n\t\t\t\t<div class=\"elementor-element elementor-element-4de978be elementor-widget elementor-widget-text-editor\" data-id=\"4de978be\" data-element_type=\"widget\" data-widget_type=\"text-editor.default\">\n\t\t\t\t<div class=\"elementor-widget-container\">\n\t\t\t\t\t\t\t\t\t<p><strong>Runtime: <\/strong>01.07.2021 &#8211; 31.08.2022<br \/><strong>Consortium: <\/strong><\/p><ul><li>Energie Kompass GmbH (Konsortialf\u00fchrung)<\/li><li>B-S\u00fcd Gemeinn\u00fctzige Wohnungsgesellschaft m.b.H.<\/li><li>Energieinstitut an der Johannes Kepler Universit\u00e4t Linz<\/li><li>FH O\u00d6 Forschungs &amp; Entwicklungs GmbH<\/li><li>Hoval Gesellschaft m.b.H.<\/li><li>KEBA AG<\/li><li>Kreisel Electric GmbH &amp; Co KG<\/li><li>Schlaustrom GmbH<\/li><li>Seier GmbH<\/li><li>Siemens AG<\/li><li>Stadtgemeinde Oberwart<\/li><li>Tourismusverband Golf- und Thermenregion Stegersbach<\/li><li>Zentrum f\u00fcr \u00d6komobilit\u00e4t GmbH<\/li><\/ul><p><strong>Funding: <\/strong>Austrian Research Promotion Agency (FFG) &#8211; Climate &#8211; and Energyfonds Smart Cities<\/p>\t\t\t\t\t\t\t\t<\/div>\n\t\t\t\t<\/div>\n\t\t\t\t<div class=\"elementor-element elementor-element-cacc0f2 elementor-widget elementor-widget-image\" data-id=\"cacc0f2\" data-element_type=\"widget\" data-widget_type=\"image.default\">\n\t\t\t\t<div class=\"elementor-widget-container\">\n\t\t\t\t\t\t\t\t\t\t\t\t\t\t\t\t<a href=\"http:\/\/www.smartcities.at\/\">\n\t\t\t\t\t\t\t<img decoding=\"async\" width=\"453\" height=\"60\" src=\"https:\/\/aist.fh-hagenberg.at\/wp-content\/uploads\/2020\/12\/klimafond.png\" class=\"attachment-full size-full wp-image-4080\" alt=\"\" srcset=\"https:\/\/aist.fh-hagenberg.at\/wp-content\/uploads\/2020\/12\/klimafond.png 453w, https:\/\/aist.fh-hagenberg.at\/wp-content\/uploads\/2020\/12\/klimafond-300x40.png 300w\" sizes=\"(max-width: 453px) 100vw, 453px\" \/>\t\t\t\t\t\t\t\t<\/a>\n\t\t\t\t\t\t\t\t\t\t\t\t\t\t\t<\/div>\n\t\t\t\t<\/div>\n\t\t\t\t\t<\/div>\n\t\t<\/div>\n\t\t\t\t\t<\/div>\n\t\t<\/section>\n\t\t\t\t<\/div>\n\t\t","protected":false},"excerpt":{"rendered":"<p>The research group AIST supports the colleagues of the institute ASIC at the University of Applied Sciences Upper Austria Campus [&hellip;]<\/p>\n","protected":false},"author":10,"featured_media":0,"parent":392,"menu_order":0,"comment_status":"closed","ping_status":"closed","template":"","meta":{"footnotes":""},"tags":[],"class_list":["post-4057","page","type-page","status-publish","hentry","col-lg-4 col-md-6"],"_links":{"self":[{"href":"https:\/\/aist.fh-hagenberg.at\/index.php\/wp-json\/wp\/v2\/pages\/4057","targetHints":{"allow":["GET"]}}],"collection":[{"href":"https:\/\/aist.fh-hagenberg.at\/index.php\/wp-json\/wp\/v2\/pages"}],"about":[{"href":"https:\/\/aist.fh-hagenberg.at\/index.php\/wp-json\/wp\/v2\/types\/page"}],"author":[{"embeddable":true,"href":"https:\/\/aist.fh-hagenberg.at\/index.php\/wp-json\/wp\/v2\/users\/10"}],"replies":[{"embeddable":true,"href":"https:\/\/aist.fh-hagenberg.at\/index.php\/wp-json\/wp\/v2\/comments?post=4057"}],"version-history":[{"count":8,"href":"https:\/\/aist.fh-hagenberg.at\/index.php\/wp-json\/wp\/v2\/pages\/4057\/revisions"}],"predecessor-version":[{"id":4083,"href":"https:\/\/aist.fh-hagenberg.at\/index.php\/wp-json\/wp\/v2\/pages\/4057\/revisions\/4083"}],"up":[{"embeddable":true,"href":"https:\/\/aist.fh-hagenberg.at\/index.php\/wp-json\/wp\/v2\/pages\/392"}],"wp:attachment":[{"href":"https:\/\/aist.fh-hagenberg.at\/index.php\/wp-json\/wp\/v2\/media?parent=4057"}],"wp:term":[{"taxonomy":"post_tag","embeddable":true,"href":"https:\/\/aist.fh-hagenberg.at\/index.php\/wp-json\/wp\/v2\/tags?post=4057"}],"curies":[{"name":"wp","href":"https:\/\/api.w.org\/{rel}","templated":true}]}}