{"id":4036,"date":"2020-11-03T13:29:03","date_gmt":"2020-11-03T12:29:03","guid":{"rendered":"https:\/\/aist.fh-hagenberg.at\/?page_id=4036"},"modified":"2020-11-03T13:53:08","modified_gmt":"2020-11-03T12:53:08","slug":"soc-toolkit","status":"publish","type":"page","link":"https:\/\/aist.fh-hagenberg.at\/index.php\/de\/projekte\/soc-toolkit","title":{"rendered":"SOC-Toolkit"},"content":{"rendered":"\t\t<div data-elementor-type=\"wp-page\" data-elementor-id=\"4036\" class=\"elementor elementor-4036\">\n\t\t\t\t\t\t<section class=\"elementor-section elementor-top-section elementor-element elementor-element-40de76e6 elementor-section-boxed elementor-section-height-default elementor-section-height-default\" data-id=\"40de76e6\" data-element_type=\"section\" data-settings=\"{&quot;background_background&quot;:&quot;classic&quot;,&quot;animation&quot;:&quot;none&quot;}\">\n\t\t\t\t\t\t\t<div class=\"elementor-background-overlay\"><\/div>\n\t\t\t\t\t\t\t<div class=\"elementor-container elementor-column-gap-default\">\n\t\t\t\t\t<div class=\"elementor-column elementor-col-100 elementor-top-column elementor-element elementor-element-31c53daf\" data-id=\"31c53daf\" data-element_type=\"column\">\n\t\t\t<div class=\"elementor-widget-wrap elementor-element-populated\">\n\t\t\t\t\t\t<div class=\"elementor-element elementor-element-4c8f069b elementor-widget elementor-widget-image\" data-id=\"4c8f069b\" data-element_type=\"widget\" data-widget_type=\"image.default\">\n\t\t\t\t<div class=\"elementor-widget-container\">\n\t\t\t\t\t\t\t\t\t\t\t\t\t\t\t<img decoding=\"async\" width=\"150\" height=\"150\" src=\"https:\/\/aist.fh-hagenberg.at\/wp-content\/uploads\/2020\/11\/soc-150x150.png\" class=\"attachment-thumbnail size-thumbnail wp-image-4040\" alt=\"soc\" srcset=\"https:\/\/aist.fh-hagenberg.at\/wp-content\/uploads\/2020\/11\/soc-150x150.png 150w, https:\/\/aist.fh-hagenberg.at\/wp-content\/uploads\/2020\/11\/soc.png 250w\" sizes=\"(max-width: 150px) 100vw, 150px\" \/>\t\t\t\t\t\t\t\t\t\t\t\t\t\t\t<\/div>\n\t\t\t\t<\/div>\n\t\t\t\t\t<\/div>\n\t\t<\/div>\n\t\t\t\t\t<\/div>\n\t\t<\/section>\n\t\t\t\t<section class=\"elementor-section elementor-top-section elementor-element elementor-element-2cf7a402 elementor-section-boxed elementor-section-height-default elementor-section-height-default\" data-id=\"2cf7a402\" data-element_type=\"section\">\n\t\t\t\t\t\t<div class=\"elementor-container elementor-column-gap-default\">\n\t\t\t\t\t<div class=\"elementor-column elementor-col-100 elementor-top-column elementor-element elementor-element-7adc481a\" data-id=\"7adc481a\" data-element_type=\"column\">\n\t\t\t<div class=\"elementor-widget-wrap elementor-element-populated\">\n\t\t\t\t\t\t<div class=\"elementor-element elementor-element-77eb65f0 elementor-widget elementor-widget-text-editor\" data-id=\"77eb65f0\" data-element_type=\"widget\" data-widget_type=\"text-editor.default\">\n\t\t\t\t<div class=\"elementor-widget-container\">\n\t\t\t\t\t\t\t\t\t<div><div>Gro\u00dfe Unternehmen setzen zur Absicherung ihrer IT-Systeme gegen\u00fcber externen und internen Bedrohungen eine Vielzahl von Sicherheitsl\u00f6sungen unterschiedlichster Hersteller ein. H\u00e4ufig fehlt jedoch eine ganzheitliche Sicht auf die von den verschiedenen Sicherheitsl\u00f6sungen gesammelten Informationen. Die Reaktion auf IT-Sicherheitsvorf\u00e4lle ist deshalb ein oft langwieriger Prozess, da relevante Daten erst manuell verkn\u00fcpft werden m\u00fcssen, bevor eine fundierte Bewertung erfolgen und die weitere Vorgehensweise geplant werden kann.<\/div><div><div>\u00a0<\/div><div><div>Ziel des SOC-Toolkit Projekts ist es, durch automatisierte Anreicherung und Verkn\u00fcpfung der vorhandenen Daten aus verschiedenen Sicherheitsl\u00f6sungen die Reaktionszeit auf Sicherheitsvorf\u00e4lle deutlich zu reduzieren und Security Analysten eine ganzheitliche Sicht auf Sicherheitsvorf\u00e4lle zur Verf\u00fcgung zu stellen. Durch die schnellere Eind\u00e4mmung von Vorf\u00e4llen wird dadurch das potenzielle Schadensausma\u00df minimiert, und durch weitgehende Automatisierung von bisher manuell durchzuf\u00fchrenden T\u00e4tigkeiten werden kostbare Mitarbeiter-Ressourcen f\u00fcr andere Zwecke freigesetzt.<\/div><\/div><\/div><\/div>\t\t\t\t\t\t\t\t<\/div>\n\t\t\t\t<\/div>\n\t\t\t\t<div class=\"elementor-element elementor-element-7c839674 elementor-widget-divider--separator-type-pattern elementor-widget-divider--view-line elementor-widget elementor-widget-divider\" data-id=\"7c839674\" data-element_type=\"widget\" data-widget_type=\"divider.default\">\n\t\t\t\t<div class=\"elementor-widget-container\">\n\t\t\t\t\t\t\t<div class=\"elementor-divider\" style=\"--divider-pattern-url: url(&quot;data:image\/svg+xml,%3Csvg xmlns=&#039;http:\/\/www.w3.org\/2000\/svg&#039; preserveAspectRatio=&#039;none&#039; overflow=&#039;visible&#039; height=&#039;100%&#039; viewBox=&#039;0 0 24 24&#039; fill=&#039;none&#039; stroke=&#039;black&#039; stroke-width=&#039;1&#039; stroke-linecap=&#039;square&#039; stroke-miterlimit=&#039;10&#039;%3E%3Cpolyline points=&#039;0,18 12,6 24,18 &#039;\/%3E%3C\/svg%3E&quot;);\">\n\t\t\t<span class=\"elementor-divider-separator\">\n\t\t\t\t\t\t<\/span>\n\t\t<\/div>\n\t\t\t\t\t\t<\/div>\n\t\t\t\t<\/div>\n\t\t\t\t<div class=\"elementor-element elementor-element-65534096 elementor-widget elementor-widget-text-editor\" data-id=\"65534096\" data-element_type=\"widget\" data-widget_type=\"text-editor.default\">\n\t\t\t\t<div class=\"elementor-widget-container\">\n\t\t\t\t\t\t\t\t\t<div><strong>Laufzeit<\/strong>: 01.07.2020 &#8211; 30.06.2022<br \/><strong>Partner<\/strong>: Nextpart Security Intelligence GmbH<br \/><strong>F\u00f6rdergeber\/-programm<\/strong>: \u00d6sterreichische Forschungsf\u00f6rderungsgesellschaft FFG \u2013 Basisprogramm<\/div>\t\t\t\t\t\t\t\t<\/div>\n\t\t\t\t<\/div>\n\t\t\t\t\t<\/div>\n\t\t<\/div>\n\t\t\t\t\t<\/div>\n\t\t<\/section>\n\t\t\t\t<\/div>\n\t\t","protected":false},"excerpt":{"rendered":"<p>Gro\u00dfe Unternehmen setzen zur Absicherung ihrer IT-Systeme gegen\u00fcber externen und internen Bedrohungen eine Vielzahl von Sicherheitsl\u00f6sungen unterschiedlichster Hersteller ein. H\u00e4ufig [&hellip;]<\/p>\n","protected":false},"author":10,"featured_media":0,"parent":30,"menu_order":0,"comment_status":"closed","ping_status":"closed","template":"","meta":{"footnotes":""},"tags":[],"class_list":["post-4036","page","type-page","status-publish","hentry","col-lg-4 col-md-6"],"_links":{"self":[{"href":"https:\/\/aist.fh-hagenberg.at\/index.php\/wp-json\/wp\/v2\/pages\/4036","targetHints":{"allow":["GET"]}}],"collection":[{"href":"https:\/\/aist.fh-hagenberg.at\/index.php\/wp-json\/wp\/v2\/pages"}],"about":[{"href":"https:\/\/aist.fh-hagenberg.at\/index.php\/wp-json\/wp\/v2\/types\/page"}],"author":[{"embeddable":true,"href":"https:\/\/aist.fh-hagenberg.at\/index.php\/wp-json\/wp\/v2\/users\/10"}],"replies":[{"embeddable":true,"href":"https:\/\/aist.fh-hagenberg.at\/index.php\/wp-json\/wp\/v2\/comments?post=4036"}],"version-history":[{"count":4,"href":"https:\/\/aist.fh-hagenberg.at\/index.php\/wp-json\/wp\/v2\/pages\/4036\/revisions"}],"predecessor-version":[{"id":4049,"href":"https:\/\/aist.fh-hagenberg.at\/index.php\/wp-json\/wp\/v2\/pages\/4036\/revisions\/4049"}],"up":[{"embeddable":true,"href":"https:\/\/aist.fh-hagenberg.at\/index.php\/wp-json\/wp\/v2\/pages\/30"}],"wp:attachment":[{"href":"https:\/\/aist.fh-hagenberg.at\/index.php\/wp-json\/wp\/v2\/media?parent=4036"}],"wp:term":[{"taxonomy":"post_tag","embeddable":true,"href":"https:\/\/aist.fh-hagenberg.at\/index.php\/wp-json\/wp\/v2\/tags?post=4036"}],"curies":[{"name":"wp","href":"https:\/\/api.w.org\/{rel}","templated":true}]}}