{"id":3981,"date":"2020-09-22T10:31:27","date_gmt":"2020-09-22T08:31:27","guid":{"rendered":"https:\/\/aist.fh-hagenberg.at\/?page_id=3981"},"modified":"2020-09-22T10:35:57","modified_gmt":"2020-09-22T08:35:57","slug":"projekt-woodmaster-plus","status":"publish","type":"page","link":"https:\/\/aist.fh-hagenberg.at\/index.php\/de\/projekte\/projekt-woodmaster-plus","title":{"rendered":"Projekt Woodmaster Plus"},"content":{"rendered":"<p><img loading=\"lazy\" decoding=\"async\" width=\"250\" height=\"250\" src=\"https:\/\/aist.fh-hagenberg.at\/wp-content\/uploads\/2020\/09\/woodmaster.png\" alt=\"\" loading=\"lazy\" srcset=\"https:\/\/aist.fh-hagenberg.at\/wp-content\/uploads\/2020\/09\/woodmaster.png 250w, https:\/\/aist.fh-hagenberg.at\/wp-content\/uploads\/2020\/09\/woodmaster-150x150.png 150w\" sizes=\"auto, (max-width: 250px) 100vw, 250px\" \/>\t\t\t\t\t\t\t\t\t\t\t<\/p>\n<p>Das Woodmaster Plus Forschungsprojekt besch\u00e4ftigt sich mit Methoden aus dem Bereich Computer Vision zur automatisierten, bildbasierten Analyse von Holzpoltern auf mobilen Endger\u00e4ten. Dabei steht vor allem die akkurate Segmentierung der Holzquerschnitte im Vordergrund, um basierend auf dieser Information, in Kombination mit der bekannten Stamml\u00e4nge, das Volumen bestimmen zu k\u00f6nnen. Neben der Segmentierung ist auch die Qualit\u00e4tsklassifikation und Baumartbestimmung der einzelnen Holzst\u00e4mme Teil des Projekts. Mithilfe der erhobenen Informationen (Volumen, Qualit\u00e4t, Holzart) kann wiederum der Wert des jeweiligen Holzpolters abgesch\u00e4tzt werden.<\/p>\n<p><strong>Laufzeit:\u00a0<\/strong>01.11.2020 &#8211; 30.04.2021<br \/><strong>Partner:\u00a0 <\/strong>BlueDynamics Auersperg-Castell KG<br \/><strong>F\u00f6rdergeber\/-programm: <\/strong>easy2research<\/p>\n","protected":false},"excerpt":{"rendered":"<p>Das Woodmaster Plus Forschungsprojekt besch\u00e4ftigt sich mit Methoden aus dem Bereich Computer Vision zur automatisierten, bildbasierten Analyse von Holzpoltern auf [&hellip;]<\/p>\n","protected":false},"author":10,"featured_media":0,"parent":30,"menu_order":0,"comment_status":"closed","ping_status":"closed","template":"","meta":{"footnotes":""},"tags":[],"class_list":["post-3981","page","type-page","status-publish","hentry","col-lg-4 col-md-6"],"_links":{"self":[{"href":"https:\/\/aist.fh-hagenberg.at\/index.php\/wp-json\/wp\/v2\/pages\/3981","targetHints":{"allow":["GET"]}}],"collection":[{"href":"https:\/\/aist.fh-hagenberg.at\/index.php\/wp-json\/wp\/v2\/pages"}],"about":[{"href":"https:\/\/aist.fh-hagenberg.at\/index.php\/wp-json\/wp\/v2\/types\/page"}],"author":[{"embeddable":true,"href":"https:\/\/aist.fh-hagenberg.at\/index.php\/wp-json\/wp\/v2\/users\/10"}],"replies":[{"embeddable":true,"href":"https:\/\/aist.fh-hagenberg.at\/index.php\/wp-json\/wp\/v2\/comments?post=3981"}],"version-history":[{"count":2,"href":"https:\/\/aist.fh-hagenberg.at\/index.php\/wp-json\/wp\/v2\/pages\/3981\/revisions"}],"predecessor-version":[{"id":3986,"href":"https:\/\/aist.fh-hagenberg.at\/index.php\/wp-json\/wp\/v2\/pages\/3981\/revisions\/3986"}],"up":[{"embeddable":true,"href":"https:\/\/aist.fh-hagenberg.at\/index.php\/wp-json\/wp\/v2\/pages\/30"}],"wp:attachment":[{"href":"https:\/\/aist.fh-hagenberg.at\/index.php\/wp-json\/wp\/v2\/media?parent=3981"}],"wp:term":[{"taxonomy":"post_tag","embeddable":true,"href":"https:\/\/aist.fh-hagenberg.at\/index.php\/wp-json\/wp\/v2\/tags?post=3981"}],"curies":[{"name":"wp","href":"https:\/\/api.w.org\/{rel}","templated":true}]}}