{"id":3956,"date":"2020-09-07T14:45:43","date_gmt":"2020-09-07T12:45:43","guid":{"rendered":"https:\/\/aist.fh-hagenberg.at\/?page_id=3956"},"modified":"2020-09-07T15:04:25","modified_gmt":"2020-09-07T13:04:25","slug":"projekt-rcpm","status":"publish","type":"page","link":"https:\/\/aist.fh-hagenberg.at\/index.php\/de\/projekte\/projekt-rcpm","title":{"rendered":"Projekt RCPM"},"content":{"rendered":"\t\t<div data-elementor-type=\"wp-page\" data-elementor-id=\"3956\" class=\"elementor elementor-3956\">\n\t\t\t\t\t\t<section class=\"elementor-section elementor-top-section elementor-element elementor-element-65b7100b elementor-section-boxed elementor-section-height-default elementor-section-height-default\" data-id=\"65b7100b\" data-element_type=\"section\" data-settings=\"{&quot;background_background&quot;:&quot;classic&quot;,&quot;animation&quot;:&quot;none&quot;}\">\n\t\t\t\t\t\t\t<div class=\"elementor-background-overlay\"><\/div>\n\t\t\t\t\t\t\t<div class=\"elementor-container elementor-column-gap-default\">\n\t\t\t\t\t<div class=\"elementor-column elementor-col-100 elementor-top-column elementor-element elementor-element-7b7851fb\" data-id=\"7b7851fb\" data-element_type=\"column\">\n\t\t\t<div class=\"elementor-widget-wrap elementor-element-populated\">\n\t\t\t\t\t\t<div class=\"elementor-element elementor-element-dfee84b elementor-widget elementor-widget-image\" data-id=\"dfee84b\" data-element_type=\"widget\" data-widget_type=\"image.default\">\n\t\t\t\t<div class=\"elementor-widget-container\">\n\t\t\t\t\t\t\t\t\t\t\t\t\t\t\t<img fetchpriority=\"high\" decoding=\"async\" width=\"250\" height=\"250\" src=\"https:\/\/aist.fh-hagenberg.at\/wp-content\/uploads\/2020\/09\/rcpm.png\" class=\"attachment-full size-full wp-image-3958\" alt=\"rcpm\" srcset=\"https:\/\/aist.fh-hagenberg.at\/wp-content\/uploads\/2020\/09\/rcpm.png 250w, https:\/\/aist.fh-hagenberg.at\/wp-content\/uploads\/2020\/09\/rcpm-150x150.png 150w\" sizes=\"(max-width: 250px) 100vw, 250px\" \/>\t\t\t\t\t\t\t\t\t\t\t\t\t\t\t<\/div>\n\t\t\t\t<\/div>\n\t\t\t\t\t<\/div>\n\t\t<\/div>\n\t\t\t\t\t<\/div>\n\t\t<\/section>\n\t\t\t\t<section class=\"elementor-section elementor-top-section elementor-element elementor-element-17264be7 elementor-section-boxed elementor-section-height-default elementor-section-height-default\" data-id=\"17264be7\" data-element_type=\"section\">\n\t\t\t\t\t\t<div class=\"elementor-container elementor-column-gap-default\">\n\t\t\t\t\t<div class=\"elementor-column elementor-col-100 elementor-top-column elementor-element elementor-element-699307ca\" data-id=\"699307ca\" data-element_type=\"column\">\n\t\t\t<div class=\"elementor-widget-wrap elementor-element-populated\">\n\t\t\t\t\t\t<div class=\"elementor-element elementor-element-171dcee0 elementor-widget elementor-widget-heading\" data-id=\"171dcee0\" data-element_type=\"widget\" data-widget_type=\"heading.default\">\n\t\t\t\t<div class=\"elementor-widget-container\">\n\t\t\t\t\t<h2 class=\"elementor-heading-title elementor-size-default\">RCPM - Realtime Corporate Performance Management<\/h2>\t\t\t\t<\/div>\n\t\t\t\t<\/div>\n\t\t\t\t<div class=\"elementor-element elementor-element-702dce77 elementor-widget elementor-widget-text-editor\" data-id=\"702dce77\" data-element_type=\"widget\" data-widget_type=\"text-editor.default\">\n\t\t\t\t<div class=\"elementor-widget-container\">\n\t\t\t\t\t\t\t\t\t<p>Im Gesch\u00e4ftsalltag sind Risiken ein zentraler Bestandteil aller T\u00e4tigkeiten eines Unternehmens. Margen werden enger und der Wettbewerb am internationalen Markt wird h\u00e4rter. Neue Unternehmen nehmen am Wettbewerb teil, etablierte hingegen erleben einen starken Wandel oder ziehen sich aus M\u00e4rkten zur\u00fcck. Es ist der Umgang mit Chancen und Risiken, der \u00fcber eine positive Unternehmens-entwicklung entscheidet. Im Projekt RCPM wird daher an Echtzeitmethoden zur Sensorik im Unternehmensumfeld und Alarmierung bei schwellwert\u00fcberschreitenden Anomalien im Unternehmensumfeld mithilfe von Maschinellem Lernen gearbeitet.<\/p>\t\t\t\t\t\t\t\t<\/div>\n\t\t\t\t<\/div>\n\t\t\t\t<div class=\"elementor-element elementor-element-5e167337 elementor-widget-divider--separator-type-pattern elementor-widget-divider--view-line elementor-widget elementor-widget-divider\" data-id=\"5e167337\" data-element_type=\"widget\" data-widget_type=\"divider.default\">\n\t\t\t\t<div class=\"elementor-widget-container\">\n\t\t\t\t\t\t\t<div class=\"elementor-divider\" style=\"--divider-pattern-url: url(&quot;data:image\/svg+xml,%3Csvg xmlns=&#039;http:\/\/www.w3.org\/2000\/svg&#039; preserveAspectRatio=&#039;none&#039; overflow=&#039;visible&#039; height=&#039;100%&#039; viewBox=&#039;0 0 24 24&#039; fill=&#039;none&#039; stroke=&#039;black&#039; stroke-width=&#039;1&#039; stroke-linecap=&#039;square&#039; stroke-miterlimit=&#039;10&#039;%3E%3Cpolyline points=&#039;0,18 12,6 24,18 &#039;\/%3E%3C\/svg%3E&quot;);\">\n\t\t\t<span class=\"elementor-divider-separator\">\n\t\t\t\t\t\t<\/span>\n\t\t<\/div>\n\t\t\t\t\t\t<\/div>\n\t\t\t\t<\/div>\n\t\t\t\t<div class=\"elementor-element elementor-element-6dcfa81 elementor-widget elementor-widget-text-editor\" data-id=\"6dcfa81\" data-element_type=\"widget\" data-widget_type=\"text-editor.default\">\n\t\t\t\t<div class=\"elementor-widget-container\">\n\t\t\t\t\t\t\t\t\t<p><span style=\"box-sizing: inherit; font-weight: bolder; color: #707070;\">Laufzeit: <\/span><span style=\"color: #707070;\">07.2020 &#8211; 12.2021<\/span><br style=\"box-sizing: inherit; color: #707070;\" \/><span style=\"box-sizing: inherit; font-weight: bolder; color: #707070;\">Partner: <\/span><span style=\"color: #707070;\">Calpana business consulting GmbH<\/span><br style=\"box-sizing: inherit; color: #707070;\" \/><span style=\"box-sizing: inherit; font-weight: bolder; color: #707070;\">Funding: <\/span><span style=\"color: #707070;\">\u00d6sterreichische Forschungsf\u00f6rderungsgesellschaft FFG \u2013 Basisprogramm<\/span><\/p>\t\t\t\t\t\t\t\t<\/div>\n\t\t\t\t<\/div>\n\t\t\t\t\t<\/div>\n\t\t<\/div>\n\t\t\t\t\t<\/div>\n\t\t<\/section>\n\t\t\t\t<\/div>\n\t\t","protected":false},"excerpt":{"rendered":"<p>RCPM &#8211; Realtime Corporate Performance Management Im Gesch\u00e4ftsalltag sind Risiken ein zentraler Bestandteil aller T\u00e4tigkeiten eines Unternehmens. Margen werden enger [&hellip;]<\/p>\n","protected":false},"author":10,"featured_media":0,"parent":30,"menu_order":0,"comment_status":"closed","ping_status":"closed","template":"","meta":{"footnotes":""},"tags":[],"class_list":["post-3956","page","type-page","status-publish","hentry","col-lg-4 col-md-6"],"_links":{"self":[{"href":"https:\/\/aist.fh-hagenberg.at\/index.php\/wp-json\/wp\/v2\/pages\/3956","targetHints":{"allow":["GET"]}}],"collection":[{"href":"https:\/\/aist.fh-hagenberg.at\/index.php\/wp-json\/wp\/v2\/pages"}],"about":[{"href":"https:\/\/aist.fh-hagenberg.at\/index.php\/wp-json\/wp\/v2\/types\/page"}],"author":[{"embeddable":true,"href":"https:\/\/aist.fh-hagenberg.at\/index.php\/wp-json\/wp\/v2\/users\/10"}],"replies":[{"embeddable":true,"href":"https:\/\/aist.fh-hagenberg.at\/index.php\/wp-json\/wp\/v2\/comments?post=3956"}],"version-history":[{"count":2,"href":"https:\/\/aist.fh-hagenberg.at\/index.php\/wp-json\/wp\/v2\/pages\/3956\/revisions"}],"predecessor-version":[{"id":3965,"href":"https:\/\/aist.fh-hagenberg.at\/index.php\/wp-json\/wp\/v2\/pages\/3956\/revisions\/3965"}],"up":[{"embeddable":true,"href":"https:\/\/aist.fh-hagenberg.at\/index.php\/wp-json\/wp\/v2\/pages\/30"}],"wp:attachment":[{"href":"https:\/\/aist.fh-hagenberg.at\/index.php\/wp-json\/wp\/v2\/media?parent=3956"}],"wp:term":[{"taxonomy":"post_tag","embeddable":true,"href":"https:\/\/aist.fh-hagenberg.at\/index.php\/wp-json\/wp\/v2\/tags?post=3956"}],"curies":[{"name":"wp","href":"https:\/\/api.w.org\/{rel}","templated":true}]}}