{"id":2780,"date":"2020-01-27T15:50:00","date_gmt":"2020-01-27T14:50:00","guid":{"rendered":"https:\/\/aist.fh-hagenberg.at\/?page_id=2780"},"modified":"2020-05-28T14:19:17","modified_gmt":"2020-05-28T12:19:17","slug":"projekt-arrr","status":"publish","type":"page","link":"https:\/\/aist.fh-hagenberg.at\/index.php\/de\/projekte\/projekt-arrr","title":{"rendered":"Projekt ARRR"},"content":{"rendered":"\t\t<div data-elementor-type=\"wp-page\" data-elementor-id=\"2780\" class=\"elementor elementor-2780\">\n\t\t\t\t\t\t<section class=\"elementor-section elementor-top-section elementor-element elementor-element-7795b7f6 elementor-section-boxed elementor-section-height-default elementor-section-height-default\" data-id=\"7795b7f6\" data-element_type=\"section\" data-settings=\"{&quot;background_background&quot;:&quot;classic&quot;,&quot;animation&quot;:&quot;none&quot;}\">\n\t\t\t\t\t\t\t<div class=\"elementor-background-overlay\"><\/div>\n\t\t\t\t\t\t\t<div class=\"elementor-container elementor-column-gap-default\">\n\t\t\t\t\t<div class=\"elementor-column elementor-col-100 elementor-top-column elementor-element elementor-element-37673920\" data-id=\"37673920\" data-element_type=\"column\">\n\t\t\t<div class=\"elementor-widget-wrap elementor-element-populated\">\n\t\t\t\t\t\t<div class=\"elementor-element elementor-element-11700f54 elementor-widget elementor-widget-image\" data-id=\"11700f54\" data-element_type=\"widget\" data-widget_type=\"image.default\">\n\t\t\t\t<div class=\"elementor-widget-container\">\n\t\t\t\t\t\t\t\t\t\t\t\t\t\t\t<img fetchpriority=\"high\" decoding=\"async\" width=\"300\" height=\"225\" src=\"https:\/\/aist.fh-hagenberg.at\/wp-content\/uploads\/2020\/01\/arrr_WithBandana-300x225.png\" class=\"attachment-medium size-medium wp-image-2770\" alt=\"\" srcset=\"https:\/\/aist.fh-hagenberg.at\/wp-content\/uploads\/2020\/01\/arrr_WithBandana-300x225.png 300w, https:\/\/aist.fh-hagenberg.at\/wp-content\/uploads\/2020\/01\/arrr_WithBandana-1024x768.png 1024w, https:\/\/aist.fh-hagenberg.at\/wp-content\/uploads\/2020\/01\/arrr_WithBandana-768x576.png 768w, https:\/\/aist.fh-hagenberg.at\/wp-content\/uploads\/2020\/01\/arrr_WithBandana-1536x1152.png 1536w, https:\/\/aist.fh-hagenberg.at\/wp-content\/uploads\/2020\/01\/arrr_WithBandana-2048x1536.png 2048w, https:\/\/aist.fh-hagenberg.at\/wp-content\/uploads\/2020\/01\/arrr_WithBandana-150x113.png 150w\" sizes=\"(max-width: 300px) 100vw, 300px\" \/>\t\t\t\t\t\t\t\t\t\t\t\t\t\t\t<\/div>\n\t\t\t\t<\/div>\n\t\t\t\t\t<\/div>\n\t\t<\/div>\n\t\t\t\t\t<\/div>\n\t\t<\/section>\n\t\t\t\t<section class=\"elementor-section elementor-top-section elementor-element elementor-element-400beb22 elementor-section-boxed elementor-section-height-default elementor-section-height-default\" data-id=\"400beb22\" data-element_type=\"section\">\n\t\t\t\t\t\t<div class=\"elementor-container elementor-column-gap-default\">\n\t\t\t\t\t<div class=\"elementor-column elementor-col-100 elementor-top-column elementor-element elementor-element-73efb2a1\" data-id=\"73efb2a1\" data-element_type=\"column\">\n\t\t\t<div class=\"elementor-widget-wrap elementor-element-populated\">\n\t\t\t\t\t\t<div class=\"elementor-element elementor-element-23a29dcc elementor-widget elementor-widget-text-editor\" data-id=\"23a29dcc\" data-element_type=\"widget\" data-widget_type=\"text-editor.default\">\n\t\t\t\t<div class=\"elementor-widget-container\">\n\t\t\t\t\t\t\t\t\t<p>Das Forschungsprojekt ARRR befasst sich mit der automatisierten Raum- und Stockwerkserkennung im Rahmen von Indoor Augmented Reality Anwendungen. Dies soll es einem Nutzer erm\u00f6glichen, sich mit einem entsprechenden Ger\u00e4t (etwa Microsoft HoloLens) in einem Geb\u00e4ude zu bewegen und augmentierte Inhalte in den jeweiligen R\u00e4umlichkeiten zu finden. Die virtuellen Inhalten werden dabei zuvor anhand eines Raumplans mithilfe eines zus\u00e4tzlichen Ger\u00e4ts (etwa einem Tablet) platziert.<\/p>\t\t\t\t\t\t\t\t<\/div>\n\t\t\t\t<\/div>\n\t\t\t\t<div class=\"elementor-element elementor-element-2bc5d5f8 elementor-widget-divider--separator-type-pattern elementor-widget-divider--view-line elementor-widget elementor-widget-divider\" data-id=\"2bc5d5f8\" data-element_type=\"widget\" data-widget_type=\"divider.default\">\n\t\t\t\t<div class=\"elementor-widget-container\">\n\t\t\t\t\t\t\t<div class=\"elementor-divider\" style=\"--divider-pattern-url: url(&quot;data:image\/svg+xml,%3Csvg xmlns=&#039;http:\/\/www.w3.org\/2000\/svg&#039; preserveAspectRatio=&#039;none&#039; overflow=&#039;visible&#039; height=&#039;100%&#039; viewBox=&#039;0 0 24 24&#039; fill=&#039;none&#039; stroke=&#039;black&#039; stroke-width=&#039;1&#039; stroke-linecap=&#039;square&#039; stroke-miterlimit=&#039;10&#039;%3E%3Cpolyline points=&#039;0,18 12,6 24,18 &#039;\/%3E%3C\/svg%3E&quot;);\">\n\t\t\t<span class=\"elementor-divider-separator\">\n\t\t\t\t\t\t<\/span>\n\t\t<\/div>\n\t\t\t\t\t\t<\/div>\n\t\t\t\t<\/div>\n\t\t\t\t<div class=\"elementor-element elementor-element-3f741a29 elementor-widget elementor-widget-text-editor\" data-id=\"3f741a29\" data-element_type=\"widget\" data-widget_type=\"text-editor.default\">\n\t\t\t\t<div class=\"elementor-widget-container\">\n\t\t\t\t\t\t\t\t\t<p><strong>Laufzeit:\u00a0<\/strong>01.02.2020 &#8211; 31.09.2020<br \/><strong>Partner:\u00a0<\/strong>Realsim<br \/><strong>F\u00f6rderung<\/strong>: easy2research<\/p>\t\t\t\t\t\t\t\t<\/div>\n\t\t\t\t<\/div>\n\t\t\t\t\t<\/div>\n\t\t<\/div>\n\t\t\t\t\t<\/div>\n\t\t<\/section>\n\t\t\t\t<\/div>\n\t\t","protected":false},"excerpt":{"rendered":"<p>Das Forschungsprojekt ARRR befasst sich mit der automatisierten Raum- und Stockwerkserkennung im Rahmen von Indoor Augmented Reality Anwendungen. Dies soll [&hellip;]<\/p>\n","protected":false},"author":10,"featured_media":0,"parent":30,"menu_order":0,"comment_status":"closed","ping_status":"closed","template":"","meta":{"footnotes":""},"tags":[],"class_list":["post-2780","page","type-page","status-publish","hentry","col-lg-4 col-md-6"],"_links":{"self":[{"href":"https:\/\/aist.fh-hagenberg.at\/index.php\/wp-json\/wp\/v2\/pages\/2780","targetHints":{"allow":["GET"]}}],"collection":[{"href":"https:\/\/aist.fh-hagenberg.at\/index.php\/wp-json\/wp\/v2\/pages"}],"about":[{"href":"https:\/\/aist.fh-hagenberg.at\/index.php\/wp-json\/wp\/v2\/types\/page"}],"author":[{"embeddable":true,"href":"https:\/\/aist.fh-hagenberg.at\/index.php\/wp-json\/wp\/v2\/users\/10"}],"replies":[{"embeddable":true,"href":"https:\/\/aist.fh-hagenberg.at\/index.php\/wp-json\/wp\/v2\/comments?post=2780"}],"version-history":[{"count":6,"href":"https:\/\/aist.fh-hagenberg.at\/index.php\/wp-json\/wp\/v2\/pages\/2780\/revisions"}],"predecessor-version":[{"id":3466,"href":"https:\/\/aist.fh-hagenberg.at\/index.php\/wp-json\/wp\/v2\/pages\/2780\/revisions\/3466"}],"up":[{"embeddable":true,"href":"https:\/\/aist.fh-hagenberg.at\/index.php\/wp-json\/wp\/v2\/pages\/30"}],"wp:attachment":[{"href":"https:\/\/aist.fh-hagenberg.at\/index.php\/wp-json\/wp\/v2\/media?parent=2780"}],"wp:term":[{"taxonomy":"post_tag","embeddable":true,"href":"https:\/\/aist.fh-hagenberg.at\/index.php\/wp-json\/wp\/v2\/tags?post=2780"}],"curies":[{"name":"wp","href":"https:\/\/api.w.org\/{rel}","templated":true}]}}