{"id":2278,"date":"2019-05-01T08:02:55","date_gmt":"2019-05-01T06:02:55","guid":{"rendered":"https:\/\/aist.fh-hagenberg.at\/?page_id=2278"},"modified":"2020-05-29T10:38:03","modified_gmt":"2020-05-29T08:38:03","slug":"projekt-spectory","status":"publish","type":"page","link":"https:\/\/aist.fh-hagenberg.at\/index.php\/de\/projekte\/projekt-spectory","title":{"rendered":"Projekt Spectory"},"content":{"rendered":"\t\t<div data-elementor-type=\"wp-page\" data-elementor-id=\"2278\" class=\"elementor elementor-2278\">\n\t\t\t\t\t\t<section class=\"elementor-section elementor-top-section elementor-element elementor-element-68f71d6f elementor-section-boxed elementor-section-height-default elementor-section-height-default\" data-id=\"68f71d6f\" data-element_type=\"section\" data-e-type=\"section\" data-settings=\"{&quot;background_background&quot;:&quot;classic&quot;,&quot;animation&quot;:&quot;none&quot;}\">\n\t\t\t\t\t\t\t<div class=\"elementor-background-overlay\"><\/div>\n\t\t\t\t\t\t\t<div class=\"elementor-container elementor-column-gap-default\">\n\t\t\t\t\t<div class=\"elementor-column elementor-col-100 elementor-top-column elementor-element elementor-element-2ce73fc7\" data-id=\"2ce73fc7\" data-element_type=\"column\" data-e-type=\"column\">\n\t\t\t<div class=\"elementor-widget-wrap elementor-element-populated\">\n\t\t\t\t\t\t<div class=\"elementor-element elementor-element-11ee2160 elementor-widget elementor-widget-image\" data-id=\"11ee2160\" data-element_type=\"widget\" data-e-type=\"widget\" data-widget_type=\"image.default\">\n\t\t\t\t<div class=\"elementor-widget-container\">\n\t\t\t\t\t\t\t\t\t\t\t\t\t\t\t<img fetchpriority=\"high\" decoding=\"async\" width=\"300\" height=\"183\" src=\"https:\/\/aist.fh-hagenberg.at\/wp-content\/uploads\/2020\/05\/spectory-300x183.png\" class=\"attachment-medium size-medium wp-image-3676\" alt=\"\" srcset=\"https:\/\/aist.fh-hagenberg.at\/wp-content\/uploads\/2020\/05\/spectory-300x183.png 300w, https:\/\/aist.fh-hagenberg.at\/wp-content\/uploads\/2020\/05\/spectory-1024x626.png 1024w, https:\/\/aist.fh-hagenberg.at\/wp-content\/uploads\/2020\/05\/spectory-768x469.png 768w, https:\/\/aist.fh-hagenberg.at\/wp-content\/uploads\/2020\/05\/spectory-720x440.png 720w, https:\/\/aist.fh-hagenberg.at\/wp-content\/uploads\/2020\/05\/spectory.png 1069w\" sizes=\"(max-width: 300px) 100vw, 300px\" \/>\t\t\t\t\t\t\t\t\t\t\t\t\t\t\t<\/div>\n\t\t\t\t<\/div>\n\t\t\t\t\t<\/div>\n\t\t<\/div>\n\t\t\t\t\t<\/div>\n\t\t<\/section>\n\t\t\t\t<section class=\"elementor-section elementor-top-section elementor-element elementor-element-4524aa33 elementor-section-boxed elementor-section-height-default elementor-section-height-default\" data-id=\"4524aa33\" data-element_type=\"section\" data-e-type=\"section\">\n\t\t\t\t\t\t<div class=\"elementor-container elementor-column-gap-default\">\n\t\t\t\t\t<div class=\"elementor-column elementor-col-100 elementor-top-column elementor-element elementor-element-6468bf85\" data-id=\"6468bf85\" data-element_type=\"column\" data-e-type=\"column\">\n\t\t\t<div class=\"elementor-widget-wrap elementor-element-populated\">\n\t\t\t\t\t\t<div class=\"elementor-element elementor-element-51f7d3ad elementor-widget elementor-widget-text-editor\" data-id=\"51f7d3ad\" data-element_type=\"widget\" data-e-type=\"widget\" data-widget_type=\"text-editor.default\">\n\t\t\t\t<div class=\"elementor-widget-container\">\n\t\t\t\t\t\t\t\t\t<p>Das Ziel des Forschungsprojektes Spectory ist die Entwicklung eines Augmented Reality (kurz: AR) Systems f\u00fcr mobile Endger\u00e4te zur Visualisierung alternativer, virtueller B\u00f6den. Der Forschungsschwerpunkt liegt dabei in der Erkennung der Zielfl\u00e4che mithilfe von AR-Softwarebibliotheken in Kombination mit zus\u00e4tzlichen Computer Vision Ans\u00e4tzen. Anwendungsf\u00e4lle des Systems liegen zum Beispiel im Bereich der Renovierung und der damit verbundenen Neuplanung, aber auch bei der Immobilienvermittlung, bei der Makler \u00c4nderungsw\u00fcnsche von Kunden virtuell vor Ort durchf\u00fchren und besprechen k\u00f6nnen. Bei dem Forschungsprojekt handelt es sich um eine Kooperation mit der Forschungsgruppe HIVE und dem Unternehmen Spectory.<\/p>\t\t\t\t\t\t\t\t<\/div>\n\t\t\t\t<\/div>\n\t\t\t\t<div class=\"elementor-element elementor-element-50e3aec9 elementor-widget-divider--separator-type-pattern elementor-widget-divider--view-line elementor-widget elementor-widget-divider\" data-id=\"50e3aec9\" data-element_type=\"widget\" data-e-type=\"widget\" data-widget_type=\"divider.default\">\n\t\t\t\t<div class=\"elementor-widget-container\">\n\t\t\t\t\t\t\t<div class=\"elementor-divider\" style=\"--divider-pattern-url: url(&quot;data:image\/svg+xml,%3Csvg xmlns=&#039;http:\/\/www.w3.org\/2000\/svg&#039; preserveAspectRatio=&#039;none&#039; overflow=&#039;visible&#039; height=&#039;100%&#039; viewBox=&#039;0 0 24 24&#039; fill=&#039;none&#039; stroke=&#039;black&#039; stroke-width=&#039;1&#039; stroke-linecap=&#039;square&#039; stroke-miterlimit=&#039;10&#039;%3E%3Cpolyline points=&#039;0,18 12,6 24,18 &#039;\/%3E%3C\/svg%3E&quot;);\">\n\t\t\t<span class=\"elementor-divider-separator\">\n\t\t\t\t\t\t<\/span>\n\t\t<\/div>\n\t\t\t\t\t\t<\/div>\n\t\t\t\t<\/div>\n\t\t\t\t<div class=\"elementor-element elementor-element-2eb74404 elementor-widget elementor-widget-text-editor\" data-id=\"2eb74404\" data-element_type=\"widget\" data-e-type=\"widget\" data-widget_type=\"text-editor.default\">\n\t\t\t\t<div class=\"elementor-widget-container\">\n\t\t\t\t\t\t\t\t\t<p><strong>Laufzeit:\u00a0<\/strong>01.05.2019 &#8211; 30.06.2019<br \/><strong>Partner:\u00a0<\/strong>Spectory, HIVE<br \/><strong>F\u00f6rdergeber\/-programm:<\/strong>\u00d6sterreichische Forschungsf\u00f6rderungsgesellschaft FFG &#8211; Innovationsscheck<\/p>\t\t\t\t\t\t\t\t<\/div>\n\t\t\t\t<\/div>\n\t\t\t\t\t<\/div>\n\t\t<\/div>\n\t\t\t\t\t<\/div>\n\t\t<\/section>\n\t\t\t\t<\/div>\n\t\t","protected":false},"excerpt":{"rendered":"<p>Das Ziel des Forschungsprojektes Spectory ist die Entwicklung eines Augmented Reality (kurz: AR) Systems f\u00fcr mobile Endger\u00e4te zur Visualisierung alternativer, [&hellip;]<\/p>\n","protected":false},"author":10,"featured_media":0,"parent":30,"menu_order":0,"comment_status":"closed","ping_status":"closed","template":"","meta":{"footnotes":""},"tags":[],"class_list":["post-2278","page","type-page","status-publish","hentry","col-lg-4 col-md-6"],"_links":{"self":[{"href":"https:\/\/aist.fh-hagenberg.at\/index.php\/wp-json\/wp\/v2\/pages\/2278","targetHints":{"allow":["GET"]}}],"collection":[{"href":"https:\/\/aist.fh-hagenberg.at\/index.php\/wp-json\/wp\/v2\/pages"}],"about":[{"href":"https:\/\/aist.fh-hagenberg.at\/index.php\/wp-json\/wp\/v2\/types\/page"}],"author":[{"embeddable":true,"href":"https:\/\/aist.fh-hagenberg.at\/index.php\/wp-json\/wp\/v2\/users\/10"}],"replies":[{"embeddable":true,"href":"https:\/\/aist.fh-hagenberg.at\/index.php\/wp-json\/wp\/v2\/comments?post=2278"}],"version-history":[{"count":8,"href":"https:\/\/aist.fh-hagenberg.at\/index.php\/wp-json\/wp\/v2\/pages\/2278\/revisions"}],"predecessor-version":[{"id":3679,"href":"https:\/\/aist.fh-hagenberg.at\/index.php\/wp-json\/wp\/v2\/pages\/2278\/revisions\/3679"}],"up":[{"embeddable":true,"href":"https:\/\/aist.fh-hagenberg.at\/index.php\/wp-json\/wp\/v2\/pages\/30"}],"wp:attachment":[{"href":"https:\/\/aist.fh-hagenberg.at\/index.php\/wp-json\/wp\/v2\/media?parent=2278"}],"wp:term":[{"taxonomy":"post_tag","embeddable":true,"href":"https:\/\/aist.fh-hagenberg.at\/index.php\/wp-json\/wp\/v2\/tags?post=2278"}],"curies":[{"name":"wp","href":"https:\/\/api.w.org\/{rel}","templated":true}]}}