{"id":1601,"date":"2018-06-19T10:46:36","date_gmt":"2018-06-19T08:46:36","guid":{"rendered":"https:\/\/aist.fh-hagenberg.at\/?page_id=1601"},"modified":"2020-05-29T09:26:02","modified_gmt":"2020-05-29T07:26:02","slug":"projekt-cp","status":"publish","type":"page","link":"https:\/\/aist.fh-hagenberg.at\/index.php\/de\/projekte\/projekt-cp","title":{"rendered":"Projekt CP+"},"content":{"rendered":"\t\t<div data-elementor-type=\"wp-page\" data-elementor-id=\"1601\" class=\"elementor elementor-1601\">\n\t\t\t\t\t\t<section class=\"elementor-section elementor-top-section elementor-element elementor-element-5ebd1065 elementor-section-boxed elementor-section-height-default elementor-section-height-default\" data-id=\"5ebd1065\" data-element_type=\"section\" data-settings=\"{&quot;background_background&quot;:&quot;classic&quot;,&quot;animation&quot;:&quot;none&quot;}\">\n\t\t\t\t\t\t\t<div class=\"elementor-background-overlay\"><\/div>\n\t\t\t\t\t\t\t<div class=\"elementor-container elementor-column-gap-default\">\n\t\t\t\t\t<div class=\"elementor-column elementor-col-100 elementor-top-column elementor-element elementor-element-103f302\" data-id=\"103f302\" data-element_type=\"column\">\n\t\t\t<div class=\"elementor-widget-wrap elementor-element-populated\">\n\t\t\t\t\t\t<div class=\"elementor-element elementor-element-4e34d447 elementor-widget elementor-widget-image\" data-id=\"4e34d447\" data-element_type=\"widget\" data-widget_type=\"image.default\">\n\t\t\t\t<div class=\"elementor-widget-container\">\n\t\t\t\t\t\t\t\t\t\t\t\t\t\t\t<img fetchpriority=\"high\" decoding=\"async\" width=\"300\" height=\"272\" src=\"https:\/\/aist.fh-hagenberg.at\/wp-content\/uploads\/2018\/06\/cp_logo-300x272.png\" class=\"attachment-medium size-medium wp-image-1600\" alt=\"\" srcset=\"https:\/\/aist.fh-hagenberg.at\/wp-content\/uploads\/2018\/06\/cp_logo-300x272.png 300w, https:\/\/aist.fh-hagenberg.at\/wp-content\/uploads\/2018\/06\/cp_logo-150x136.png 150w, https:\/\/aist.fh-hagenberg.at\/wp-content\/uploads\/2018\/06\/cp_logo.png 593w\" sizes=\"(max-width: 300px) 100vw, 300px\" \/>\t\t\t\t\t\t\t\t\t\t\t\t\t\t\t<\/div>\n\t\t\t\t<\/div>\n\t\t\t\t\t<\/div>\n\t\t<\/div>\n\t\t\t\t\t<\/div>\n\t\t<\/section>\n\t\t\t\t<section class=\"elementor-section elementor-top-section elementor-element elementor-element-e10f8c4 elementor-section-boxed elementor-section-height-default elementor-section-height-default\" data-id=\"e10f8c4\" data-element_type=\"section\">\n\t\t\t\t\t\t<div class=\"elementor-container elementor-column-gap-default\">\n\t\t\t\t\t<div class=\"elementor-column elementor-col-100 elementor-top-column elementor-element elementor-element-6cfea583\" data-id=\"6cfea583\" data-element_type=\"column\">\n\t\t\t<div class=\"elementor-widget-wrap elementor-element-populated\">\n\t\t\t\t\t\t<div class=\"elementor-element elementor-element-3e5cf6fd elementor-widget elementor-widget-text-editor\" data-id=\"3e5cf6fd\" data-element_type=\"widget\" data-widget_type=\"text-editor.default\">\n\t\t\t\t<div class=\"elementor-widget-container\">\n\t\t\t\t\t\t\t\t\t<p>Die Bew\u00e4ltigung des t\u00e4glichen Lebens stellt Menschen mit Zerebalparese aber auch jenen mit anderen sprachlichen, k\u00f6rperlichen und mentalen Einschr\u00e4nkungen vor Probleme. Moderne Technologien wie Computer oder Tablets k\u00f6nnen sie allerdings bei ihren t\u00e4glichen Aufgaben unterst\u00fctzen, jedoch stellt auch die Bedienung solcher Ger\u00e4te eine Herausforderung dar. Das Ziel des CP+ Projektes ist daher die Entwicklung eines Konzepts bestehend aus Hard- und Software, dass Patienten erm\u00f6glicht mit Computern leichter zu interagieren und ein selbstst\u00e4ndigeres Lebens f\u00fchren zu k\u00f6nnen.<\/p>\t\t\t\t\t\t\t\t<\/div>\n\t\t\t\t<\/div>\n\t\t\t\t<div class=\"elementor-element elementor-element-6b660e51 elementor-widget-divider--separator-type-pattern elementor-widget-divider--view-line elementor-widget elementor-widget-divider\" data-id=\"6b660e51\" data-element_type=\"widget\" data-widget_type=\"divider.default\">\n\t\t\t\t<div class=\"elementor-widget-container\">\n\t\t\t\t\t\t\t<div class=\"elementor-divider\" style=\"--divider-pattern-url: url(&quot;data:image\/svg+xml,%3Csvg xmlns=&#039;http:\/\/www.w3.org\/2000\/svg&#039; preserveAspectRatio=&#039;none&#039; overflow=&#039;visible&#039; height=&#039;100%&#039; viewBox=&#039;0 0 24 24&#039; fill=&#039;none&#039; stroke=&#039;black&#039; stroke-width=&#039;1&#039; stroke-linecap=&#039;square&#039; stroke-miterlimit=&#039;10&#039;%3E%3Cpolyline points=&#039;0,18 12,6 24,18 &#039;\/%3E%3C\/svg%3E&quot;);\">\n\t\t\t<span class=\"elementor-divider-separator\">\n\t\t\t\t\t\t<\/span>\n\t\t<\/div>\n\t\t\t\t\t\t<\/div>\n\t\t\t\t<\/div>\n\t\t\t\t<div class=\"elementor-element elementor-element-31aad37b elementor-widget elementor-widget-text-editor\" data-id=\"31aad37b\" data-element_type=\"widget\" data-widget_type=\"text-editor.default\">\n\t\t\t\t<div class=\"elementor-widget-container\">\n\t\t\t\t\t\t\t\t\t<p><strong>Laufzeit<\/strong>: 05.3.2018 &#8211; 30.6.2018<br \/><strong>Partner<\/strong>: Christian Bauernfeind IT-Beratung &amp; Realisierung<br \/><strong>F\u00f6rdergeber\/-programm<\/strong>: \u00d6sterreichische Forschungsf\u00f6rderungsgesellschaft FFG &#8211; Innovationsscheck<\/p>\t\t\t\t\t\t\t\t<\/div>\n\t\t\t\t<\/div>\n\t\t\t\t\t<\/div>\n\t\t<\/div>\n\t\t\t\t\t<\/div>\n\t\t<\/section>\n\t\t\t\t<\/div>\n\t\t","protected":false},"excerpt":{"rendered":"<p>Die Bew\u00e4ltigung des t\u00e4glichen Lebens stellt Menschen mit Zerebalparese aber auch jenen mit anderen sprachlichen, k\u00f6rperlichen und mentalen Einschr\u00e4nkungen vor [&hellip;]<\/p>\n","protected":false},"author":10,"featured_media":0,"parent":30,"menu_order":0,"comment_status":"closed","ping_status":"closed","template":"","meta":{"footnotes":""},"tags":[],"class_list":["post-1601","page","type-page","status-publish","hentry","col-lg-4 col-md-6"],"_links":{"self":[{"href":"https:\/\/aist.fh-hagenberg.at\/index.php\/wp-json\/wp\/v2\/pages\/1601","targetHints":{"allow":["GET"]}}],"collection":[{"href":"https:\/\/aist.fh-hagenberg.at\/index.php\/wp-json\/wp\/v2\/pages"}],"about":[{"href":"https:\/\/aist.fh-hagenberg.at\/index.php\/wp-json\/wp\/v2\/types\/page"}],"author":[{"embeddable":true,"href":"https:\/\/aist.fh-hagenberg.at\/index.php\/wp-json\/wp\/v2\/users\/10"}],"replies":[{"embeddable":true,"href":"https:\/\/aist.fh-hagenberg.at\/index.php\/wp-json\/wp\/v2\/comments?post=1601"}],"version-history":[{"count":10,"href":"https:\/\/aist.fh-hagenberg.at\/index.php\/wp-json\/wp\/v2\/pages\/1601\/revisions"}],"predecessor-version":[{"id":3603,"href":"https:\/\/aist.fh-hagenberg.at\/index.php\/wp-json\/wp\/v2\/pages\/1601\/revisions\/3603"}],"up":[{"embeddable":true,"href":"https:\/\/aist.fh-hagenberg.at\/index.php\/wp-json\/wp\/v2\/pages\/30"}],"wp:attachment":[{"href":"https:\/\/aist.fh-hagenberg.at\/index.php\/wp-json\/wp\/v2\/media?parent=1601"}],"wp:term":[{"taxonomy":"post_tag","embeddable":true,"href":"https:\/\/aist.fh-hagenberg.at\/index.php\/wp-json\/wp\/v2\/tags?post=1601"}],"curies":[{"name":"wp","href":"https:\/\/api.w.org\/{rel}","templated":true}]}}