{"id":1110,"date":"2018-01-16T15:14:04","date_gmt":"2018-01-16T14:14:04","guid":{"rendered":"https:\/\/ehealth.fh-hagenberg.at\/?page_id=1110"},"modified":"2020-05-29T10:14:27","modified_gmt":"2020-05-29T08:14:27","slug":"projekt-cgm-clinical","status":"publish","type":"page","link":"https:\/\/aist.fh-hagenberg.at\/index.php\/de\/projekte\/projekt-cgm-clinical","title":{"rendered":"Projekt CGM Clinical"},"content":{"rendered":"\t\t<div data-elementor-type=\"wp-page\" data-elementor-id=\"1110\" class=\"elementor elementor-1110\">\n\t\t\t\t\t\t<section class=\"elementor-section elementor-top-section elementor-element elementor-element-191b67f1 elementor-section-boxed elementor-section-height-default elementor-section-height-default\" data-id=\"191b67f1\" data-element_type=\"section\" data-settings=\"{&quot;background_background&quot;:&quot;classic&quot;,&quot;animation&quot;:&quot;none&quot;}\">\n\t\t\t\t\t\t\t<div class=\"elementor-background-overlay\"><\/div>\n\t\t\t\t\t\t\t<div class=\"elementor-container elementor-column-gap-default\">\n\t\t\t\t\t<div class=\"elementor-column elementor-col-100 elementor-top-column elementor-element elementor-element-6b73b103\" data-id=\"6b73b103\" data-element_type=\"column\">\n\t\t\t<div class=\"elementor-widget-wrap elementor-element-populated\">\n\t\t\t\t\t\t<div class=\"elementor-element elementor-element-33008b57 elementor-widget elementor-widget-image\" data-id=\"33008b57\" data-element_type=\"widget\" data-widget_type=\"image.default\">\n\t\t\t\t<div class=\"elementor-widget-container\">\n\t\t\t\t\t\t\t\t\t\t\t\t\t\t\t<img decoding=\"async\" width=\"300\" height=\"105\" src=\"https:\/\/aist.fh-hagenberg.at\/wp-content\/uploads\/2016\/02\/KIMBO_Logo-300x105.png\" class=\"attachment-medium size-medium wp-image-261\" alt=\"\" srcset=\"https:\/\/aist.fh-hagenberg.at\/wp-content\/uploads\/2016\/02\/KIMBO_Logo-300x105.png 300w, https:\/\/aist.fh-hagenberg.at\/wp-content\/uploads\/2016\/02\/KIMBO_Logo-768x270.png 768w, https:\/\/aist.fh-hagenberg.at\/wp-content\/uploads\/2016\/02\/KIMBO_Logo-1024x359.png 1024w, https:\/\/aist.fh-hagenberg.at\/wp-content\/uploads\/2016\/02\/KIMBO_Logo-250x88.png 250w, https:\/\/aist.fh-hagenberg.at\/wp-content\/uploads\/2016\/02\/KIMBO_Logo-150x53.png 150w, https:\/\/aist.fh-hagenberg.at\/wp-content\/uploads\/2016\/02\/KIMBO_Logo.png 1721w\" sizes=\"(max-width: 300px) 100vw, 300px\" \/>\t\t\t\t\t\t\t\t\t\t\t\t\t\t\t<\/div>\n\t\t\t\t<\/div>\n\t\t\t\t\t<\/div>\n\t\t<\/div>\n\t\t\t\t\t<\/div>\n\t\t<\/section>\n\t\t\t\t<section class=\"elementor-section elementor-top-section elementor-element elementor-element-59bed21c elementor-section-boxed elementor-section-height-default elementor-section-height-default\" data-id=\"59bed21c\" data-element_type=\"section\">\n\t\t\t\t\t\t<div class=\"elementor-container elementor-column-gap-default\">\n\t\t\t\t\t<div class=\"elementor-column elementor-col-100 elementor-top-column elementor-element elementor-element-19fb16a0\" data-id=\"19fb16a0\" data-element_type=\"column\">\n\t\t\t<div class=\"elementor-widget-wrap elementor-element-populated\">\n\t\t\t\t\t\t<div class=\"elementor-element elementor-element-27ab757c elementor-widget elementor-widget-text-editor\" data-id=\"27ab757c\" data-element_type=\"widget\" data-widget_type=\"text-editor.default\">\n\t\t\t\t<div class=\"elementor-widget-container\">\n\t\t\t\t\t\t\t\t\t<p>Das Hauptziel des Projekts ist die Konzeptionierung und prototypische Implementierung eines generalisierten Ansatzes zur Planung und Durchf\u00fchrung interdisziplin\u00e4rer, medizinischer Boards. Es werden im Rahmen des Projekts mehrere Boards untersucht und auf Basis der Analyse verschiedener bestehender Einzell\u00f6sungen, wird ein generalisierter Ansatz erarbeitet. Als Folge k\u00f6nnen Boards zu unterschiedlichen Themen einfacher etabliert werden, was zu einer verst\u00e4rkten Zusammenarbeit von medizinischem Personal und damit zur Verbesserung der Versorgungsqualit\u00e4t f\u00fchren soll. Des Weiteren wird in den folgenden Projektphasen eine prototypische Implementierung (u.a. auf Basis des HL7 Standards FHIR) umgesetzt, die es Anwendern erlauben soll, Board-Workflows zu definieren und solche Workflows in einer (evtl. mobilen) Applikation abzuarbeiten.<\/p>\t\t\t\t\t\t\t\t<\/div>\n\t\t\t\t<\/div>\n\t\t\t\t<div class=\"elementor-element elementor-element-754edff9 elementor-widget-divider--separator-type-pattern elementor-widget-divider--view-line elementor-widget elementor-widget-divider\" data-id=\"754edff9\" data-element_type=\"widget\" data-widget_type=\"divider.default\">\n\t\t\t\t<div class=\"elementor-widget-container\">\n\t\t\t\t\t\t\t<div class=\"elementor-divider\" style=\"--divider-pattern-url: url(&quot;data:image\/svg+xml,%3Csvg xmlns=&#039;http:\/\/www.w3.org\/2000\/svg&#039; preserveAspectRatio=&#039;none&#039; overflow=&#039;visible&#039; height=&#039;100%&#039; viewBox=&#039;0 0 24 24&#039; fill=&#039;none&#039; stroke=&#039;black&#039; stroke-width=&#039;1&#039; stroke-linecap=&#039;square&#039; stroke-miterlimit=&#039;10&#039;%3E%3Cpolyline points=&#039;0,18 12,6 24,18 &#039;\/%3E%3C\/svg%3E&quot;);\">\n\t\t\t<span class=\"elementor-divider-separator\">\n\t\t\t\t\t\t<\/span>\n\t\t<\/div>\n\t\t\t\t\t\t<\/div>\n\t\t\t\t<\/div>\n\t\t\t\t<div class=\"elementor-element elementor-element-1fe8a1e9 elementor-widget elementor-widget-text-editor\" data-id=\"1fe8a1e9\" data-element_type=\"widget\" data-widget_type=\"text-editor.default\">\n\t\t\t\t<div class=\"elementor-widget-container\">\n\t\t\t\t\t\t\t\t\t<p><strong>Laufzeit:\u00a0<\/strong>01.12.2015 &#8211; 30.11.2017<br \/><strong>Partner:\u00a0<\/strong>CGM Clinical<br \/><strong>F\u00f6rdergeber\/-programm: \u00a0<\/strong>\u00d6sterreichische Forschungsf\u00f6rderungsgesellschaft FFG &#8211; Basisprogramm<\/p>\t\t\t\t\t\t\t\t<\/div>\n\t\t\t\t<\/div>\n\t\t\t\t\t<\/div>\n\t\t<\/div>\n\t\t\t\t\t<\/div>\n\t\t<\/section>\n\t\t\t\t<\/div>\n\t\t","protected":false},"excerpt":{"rendered":"<p>Das Hauptziel des Projekts ist die Konzeptionierung und prototypische Implementierung eines generalisierten Ansatzes zur Planung und Durchf\u00fchrung interdisziplin\u00e4rer, medizinischer Boards. [&hellip;]<\/p>\n","protected":false},"author":10,"featured_media":0,"parent":30,"menu_order":0,"comment_status":"closed","ping_status":"closed","template":"","meta":{"footnotes":""},"tags":[],"class_list":["post-1110","page","type-page","status-publish","hentry","col-lg-4 col-md-6"],"_links":{"self":[{"href":"https:\/\/aist.fh-hagenberg.at\/index.php\/wp-json\/wp\/v2\/pages\/1110","targetHints":{"allow":["GET"]}}],"collection":[{"href":"https:\/\/aist.fh-hagenberg.at\/index.php\/wp-json\/wp\/v2\/pages"}],"about":[{"href":"https:\/\/aist.fh-hagenberg.at\/index.php\/wp-json\/wp\/v2\/types\/page"}],"author":[{"embeddable":true,"href":"https:\/\/aist.fh-hagenberg.at\/index.php\/wp-json\/wp\/v2\/users\/10"}],"replies":[{"embeddable":true,"href":"https:\/\/aist.fh-hagenberg.at\/index.php\/wp-json\/wp\/v2\/comments?post=1110"}],"version-history":[{"count":7,"href":"https:\/\/aist.fh-hagenberg.at\/index.php\/wp-json\/wp\/v2\/pages\/1110\/revisions"}],"predecessor-version":[{"id":3645,"href":"https:\/\/aist.fh-hagenberg.at\/index.php\/wp-json\/wp\/v2\/pages\/1110\/revisions\/3645"}],"up":[{"embeddable":true,"href":"https:\/\/aist.fh-hagenberg.at\/index.php\/wp-json\/wp\/v2\/pages\/30"}],"wp:attachment":[{"href":"https:\/\/aist.fh-hagenberg.at\/index.php\/wp-json\/wp\/v2\/media?parent=1110"}],"wp:term":[{"taxonomy":"post_tag","embeddable":true,"href":"https:\/\/aist.fh-hagenberg.at\/index.php\/wp-json\/wp\/v2\/tags?post=1110"}],"curies":[{"name":"wp","href":"https:\/\/api.w.org\/{rel}","templated":true}]}}