{"id":1103,"date":"2018-01-16T15:13:07","date_gmt":"2018-01-16T14:13:07","guid":{"rendered":"https:\/\/ehealth.fh-hagenberg.at\/?page_id=1103"},"modified":"2021-03-12T12:53:21","modified_gmt":"2021-03-12T11:53:21","slug":"projekt-cas","status":"publish","type":"page","link":"https:\/\/aist.fh-hagenberg.at\/index.php\/de\/projekte\/projekt-cas","title":{"rendered":"Projektkooperation CAS"},"content":{"rendered":"\t\t<div data-elementor-type=\"wp-page\" data-elementor-id=\"1103\" class=\"elementor elementor-1103\">\n\t\t\t\t\t\t<section class=\"elementor-section elementor-top-section elementor-element elementor-element-2f2056f7 elementor-section-boxed elementor-section-height-default elementor-section-height-default\" data-id=\"2f2056f7\" data-element_type=\"section\" data-settings=\"{&quot;background_background&quot;:&quot;classic&quot;,&quot;animation&quot;:&quot;none&quot;}\">\n\t\t\t\t\t\t\t<div class=\"elementor-background-overlay\"><\/div>\n\t\t\t\t\t\t\t<div class=\"elementor-container elementor-column-gap-default\">\n\t\t\t\t\t<div class=\"elementor-column elementor-col-100 elementor-top-column elementor-element elementor-element-4c3002b5\" data-id=\"4c3002b5\" data-element_type=\"column\">\n\t\t\t<div class=\"elementor-widget-wrap elementor-element-populated\">\n\t\t\t\t\t\t<div class=\"elementor-element elementor-element-6baeef9e elementor-widget elementor-widget-image\" data-id=\"6baeef9e\" data-element_type=\"widget\" data-widget_type=\"image.default\">\n\t\t\t\t<div class=\"elementor-widget-container\">\n\t\t\t\t\t\t\t\t\t\t\t\t\t\t\t<img fetchpriority=\"high\" decoding=\"async\" width=\"300\" height=\"168\" src=\"https:\/\/aist.fh-hagenberg.at\/wp-content\/uploads\/2020\/05\/repo-300x168.png\" class=\"attachment-medium size-medium wp-image-3476\" alt=\"\" srcset=\"https:\/\/aist.fh-hagenberg.at\/wp-content\/uploads\/2020\/05\/repo-300x168.png 300w, https:\/\/aist.fh-hagenberg.at\/wp-content\/uploads\/2020\/05\/repo-1024x574.png 1024w, https:\/\/aist.fh-hagenberg.at\/wp-content\/uploads\/2020\/05\/repo-768x430.png 768w, https:\/\/aist.fh-hagenberg.at\/wp-content\/uploads\/2020\/05\/repo-1536x861.png 1536w, https:\/\/aist.fh-hagenberg.at\/wp-content\/uploads\/2020\/05\/repo-2048x1148.png 2048w, https:\/\/aist.fh-hagenberg.at\/wp-content\/uploads\/2020\/05\/repo-720x404.png 720w\" sizes=\"(max-width: 300px) 100vw, 300px\" \/>\t\t\t\t\t\t\t\t\t\t\t\t\t\t\t<\/div>\n\t\t\t\t<\/div>\n\t\t\t\t\t<\/div>\n\t\t<\/div>\n\t\t\t\t\t<\/div>\n\t\t<\/section>\n\t\t\t\t<section class=\"elementor-section elementor-top-section elementor-element elementor-element-20e37b68 elementor-section-boxed elementor-section-height-default elementor-section-height-default\" data-id=\"20e37b68\" data-element_type=\"section\">\n\t\t\t\t\t\t<div class=\"elementor-container elementor-column-gap-default\">\n\t\t\t\t\t<div class=\"elementor-column elementor-col-100 elementor-top-column elementor-element elementor-element-64dd73cf\" data-id=\"64dd73cf\" data-element_type=\"column\">\n\t\t\t<div class=\"elementor-widget-wrap elementor-element-populated\">\n\t\t\t\t\t\t<div class=\"elementor-element elementor-element-f689f8f elementor-widget elementor-widget-heading\" data-id=\"f689f8f\" data-element_type=\"widget\" data-widget_type=\"heading.default\">\n\t\t\t\t<div class=\"elementor-widget-container\">\n\t\t\t\t\t<h3 class=\"elementor-heading-title elementor-size-default\">REPO \u2013 Radiology E-health PlatfOrm<\/h3>\t\t\t\t<\/div>\n\t\t\t\t<\/div>\n\t\t\t\t<div class=\"elementor-element elementor-element-a19ff8a elementor-widget elementor-widget-text-editor\" data-id=\"a19ff8a\" data-element_type=\"widget\" data-widget_type=\"text-editor.default\">\n\t\t\t\t<div class=\"elementor-widget-container\">\n\t\t\t\t\t\t\t\t\t<p>Das Ziel des Projekts ist es, einrichtungs\u00fcbergreifende Zusammenarbeit in der Radiologie unter Verwendung der \u00f6sterreichischen e-Health-Infrastruktur zu erm\u00f6glichen. Konkret soll der in einem Vorprojekt (WIRE) identifizierte radiologische Workflow schrittweise um kollaborative Elemente erweitert werden. Von der Befundung \u00fcber das Diktat bis hin zu neuen Feedback-Mechanismen am Ende des radiologischen Workflows sind e-Health-Anwendungen zur Verbesserung der Versorgungsqualit\u00e4t geplant. Insbesondere die Zusammenarbeit zwischen niedergelassenen RadiologInnen und den radiologischen, aber auch anderen, relevanten Abteilungen (Histologielabore, etc.) in Krankenh\u00e4usern soll damit verbessert werden<\/p>\t\t\t\t\t\t\t\t<\/div>\n\t\t\t\t<\/div>\n\t\t\t\t<div class=\"elementor-element elementor-element-29332360 elementor-widget-divider--separator-type-pattern elementor-widget-divider--view-line elementor-widget elementor-widget-divider\" data-id=\"29332360\" data-element_type=\"widget\" data-widget_type=\"divider.default\">\n\t\t\t\t<div class=\"elementor-widget-container\">\n\t\t\t\t\t\t\t<div class=\"elementor-divider\" style=\"--divider-pattern-url: url(&quot;data:image\/svg+xml,%3Csvg xmlns=&#039;http:\/\/www.w3.org\/2000\/svg&#039; preserveAspectRatio=&#039;none&#039; overflow=&#039;visible&#039; height=&#039;100%&#039; viewBox=&#039;0 0 24 24&#039; fill=&#039;none&#039; stroke=&#039;black&#039; stroke-width=&#039;1&#039; stroke-linecap=&#039;square&#039; stroke-miterlimit=&#039;10&#039;%3E%3Cpolyline points=&#039;0,18 12,6 24,18 &#039;\/%3E%3C\/svg%3E&quot;);\">\n\t\t\t<span class=\"elementor-divider-separator\">\n\t\t\t\t\t\t<\/span>\n\t\t<\/div>\n\t\t\t\t\t\t<\/div>\n\t\t\t\t<\/div>\n\t\t\t\t<div class=\"elementor-element elementor-element-4fa99560 elementor-widget elementor-widget-text-editor\" data-id=\"4fa99560\" data-element_type=\"widget\" data-widget_type=\"text-editor.default\">\n\t\t\t\t<div class=\"elementor-widget-container\">\n\t\t\t\t\t\t\t\t\t<p><strong>Laufzeit:&nbsp;<\/strong>01.06.2017 &#8211; 31.03.2021<br><strong>Partner:&nbsp;<\/strong>CAS &#8211; Computer Anwendungs Systeme GmbH<br><strong>F\u00f6rdergeber\/-programm:&nbsp;<\/strong>\u00d6sterreichische Forschungsf\u00f6rderungsgesellschaft FFG &#8211; Basisprogramm<\/p>\t\t\t\t\t\t\t\t<\/div>\n\t\t\t\t<\/div>\n\t\t\t\t<div class=\"elementor-element elementor-element-859d30b elementor-widget elementor-widget-spacer\" data-id=\"859d30b\" data-element_type=\"widget\" data-widget_type=\"spacer.default\">\n\t\t\t\t<div class=\"elementor-widget-container\">\n\t\t\t\t\t\t\t<div class=\"elementor-spacer\">\n\t\t\t<div class=\"elementor-spacer-inner\"><\/div>\n\t\t<\/div>\n\t\t\t\t\t\t<\/div>\n\t\t\t\t<\/div>\n\t\t\t\t\t<\/div>\n\t\t<\/div>\n\t\t\t\t\t<\/div>\n\t\t<\/section>\n\t\t\t\t<section class=\"elementor-section elementor-top-section elementor-element elementor-element-458dbf8b elementor-section-boxed elementor-section-height-default elementor-section-height-default\" data-id=\"458dbf8b\" data-element_type=\"section\" data-settings=\"{&quot;background_background&quot;:&quot;classic&quot;,&quot;animation&quot;:&quot;none&quot;}\">\n\t\t\t\t\t\t\t<div class=\"elementor-background-overlay\"><\/div>\n\t\t\t\t\t\t\t<div class=\"elementor-container elementor-column-gap-default\">\n\t\t\t\t\t<div class=\"elementor-column elementor-col-100 elementor-top-column elementor-element elementor-element-2c3020b\" data-id=\"2c3020b\" data-element_type=\"column\">\n\t\t\t<div class=\"elementor-widget-wrap elementor-element-populated\">\n\t\t\t\t\t\t<div class=\"elementor-element elementor-element-71aba295 elementor-widget elementor-widget-image\" data-id=\"71aba295\" data-element_type=\"widget\" data-widget_type=\"image.default\">\n\t\t\t\t<div class=\"elementor-widget-container\">\n\t\t\t\t\t\t\t\t\t\t\t\t\t\t\t<img decoding=\"async\" width=\"300\" height=\"112\" src=\"https:\/\/aist.fh-hagenberg.at\/wp-content\/uploads\/2016\/02\/wire_logo_blue_big-300x112.png\" class=\"attachment-medium size-medium wp-image-259\" alt=\"\" srcset=\"https:\/\/aist.fh-hagenberg.at\/wp-content\/uploads\/2016\/02\/wire_logo_blue_big-300x112.png 300w, https:\/\/aist.fh-hagenberg.at\/wp-content\/uploads\/2016\/02\/wire_logo_blue_big-768x287.png 768w, https:\/\/aist.fh-hagenberg.at\/wp-content\/uploads\/2016\/02\/wire_logo_blue_big-250x93.png 250w, https:\/\/aist.fh-hagenberg.at\/wp-content\/uploads\/2016\/02\/wire_logo_blue_big-150x56.png 150w, https:\/\/aist.fh-hagenberg.at\/wp-content\/uploads\/2016\/02\/wire_logo_blue_big.png 798w\" sizes=\"(max-width: 300px) 100vw, 300px\" \/>\t\t\t\t\t\t\t\t\t\t\t\t\t\t\t<\/div>\n\t\t\t\t<\/div>\n\t\t\t\t\t<\/div>\n\t\t<\/div>\n\t\t\t\t\t<\/div>\n\t\t<\/section>\n\t\t\t\t<section class=\"elementor-section elementor-top-section elementor-element elementor-element-1e353c01 elementor-section-boxed elementor-section-height-default elementor-section-height-default\" data-id=\"1e353c01\" data-element_type=\"section\">\n\t\t\t\t\t\t<div class=\"elementor-container elementor-column-gap-default\">\n\t\t\t\t\t<div class=\"elementor-column elementor-col-100 elementor-top-column elementor-element elementor-element-30f8875b\" data-id=\"30f8875b\" data-element_type=\"column\">\n\t\t\t<div class=\"elementor-widget-wrap elementor-element-populated\">\n\t\t\t\t\t\t<div class=\"elementor-element elementor-element-a832f9a elementor-widget elementor-widget-heading\" data-id=\"a832f9a\" data-element_type=\"widget\" data-widget_type=\"heading.default\">\n\t\t\t\t<div class=\"elementor-widget-container\">\n\t\t\t\t\t<h3 class=\"elementor-heading-title elementor-size-default\">WIRE \u2013 Workflow for Image prefetching in Radiology for ELGA<\/h3>\t\t\t\t<\/div>\n\t\t\t\t<\/div>\n\t\t\t\t<div class=\"elementor-element elementor-element-35f75a82 elementor-widget elementor-widget-text-editor\" data-id=\"35f75a82\" data-element_type=\"widget\" data-widget_type=\"text-editor.default\">\n\t\t\t\t<div class=\"elementor-widget-container\">\n\t\t\t\t\t\t\t\t\t<p><span style=\"color: #707070;\">Die Verabschiedung des ELGA-Gesetzes und die damit verbundene schrittweise Einf\u00fchrung der \u00f6sterreichischen elektronischen Gesundheitsakte, ver\u00e4nderten in manchen Teilbereichen die Rahmenbedingungen f\u00fcr die Arbeit von Radiologen. Das Ziel des FFG-gef\u00f6rderten Forschungsprojekts WIRE war es, Radiologen, zum Zeitpunkt der Befundung, Bilder fr\u00fcherer Untersuchungen (u.a. bei anderen GDAs), zur Verf\u00fcgung zu stellen. Dieses Vorladen sollte \u00fcber die ELGA-Infrastruktur erfolgen<\/span><\/p>\t\t\t\t\t\t\t\t<\/div>\n\t\t\t\t<\/div>\n\t\t\t\t<div class=\"elementor-element elementor-element-6b0f9121 elementor-widget-divider--separator-type-pattern elementor-widget-divider--view-line elementor-widget elementor-widget-divider\" data-id=\"6b0f9121\" data-element_type=\"widget\" data-widget_type=\"divider.default\">\n\t\t\t\t<div class=\"elementor-widget-container\">\n\t\t\t\t\t\t\t<div class=\"elementor-divider\" style=\"--divider-pattern-url: url(&quot;data:image\/svg+xml,%3Csvg xmlns=&#039;http:\/\/www.w3.org\/2000\/svg&#039; preserveAspectRatio=&#039;none&#039; overflow=&#039;visible&#039; height=&#039;100%&#039; viewBox=&#039;0 0 24 24&#039; fill=&#039;none&#039; stroke=&#039;black&#039; stroke-width=&#039;1&#039; stroke-linecap=&#039;square&#039; stroke-miterlimit=&#039;10&#039;%3E%3Cpolyline points=&#039;0,18 12,6 24,18 &#039;\/%3E%3C\/svg%3E&quot;);\">\n\t\t\t<span class=\"elementor-divider-separator\">\n\t\t\t\t\t\t<\/span>\n\t\t<\/div>\n\t\t\t\t\t\t<\/div>\n\t\t\t\t<\/div>\n\t\t\t\t<div class=\"elementor-element elementor-element-2b85530c elementor-widget elementor-widget-text-editor\" data-id=\"2b85530c\" data-element_type=\"widget\" data-widget_type=\"text-editor.default\">\n\t\t\t\t<div class=\"elementor-widget-container\">\n\t\t\t\t\t\t\t\t\t<p><strong>Laufzeit:\u00a0<\/strong>01.10.2013 &#8211; 30.09.2015<br \/><strong>Partner:\u00a0<\/strong>CAS, Computer Anwendungs Systeme GmbH<br \/><strong>F\u00f6rdergeber\/-programm:\u00a0<\/strong>\u00d6sterreichische Forschungsf\u00f6rderungsgesellschaft FFG &#8211; Basisprogramm<\/p>\t\t\t\t\t\t\t\t<\/div>\n\t\t\t\t<\/div>\n\t\t\t\t\t<\/div>\n\t\t<\/div>\n\t\t\t\t\t<\/div>\n\t\t<\/section>\n\t\t\t\t<\/div>\n\t\t","protected":false},"excerpt":{"rendered":"<p>REPO \u2013 Radiology E-health PlatfOrm Das Ziel des Projekts ist es, einrichtungs\u00fcbergreifende Zusammenarbeit in der Radiologie unter Verwendung der \u00f6sterreichischen [&hellip;]<\/p>\n","protected":false},"author":10,"featured_media":0,"parent":30,"menu_order":0,"comment_status":"closed","ping_status":"closed","template":"","meta":{"footnotes":""},"tags":[],"class_list":["post-1103","page","type-page","status-publish","hentry","col-lg-4 col-md-6"],"_links":{"self":[{"href":"https:\/\/aist.fh-hagenberg.at\/index.php\/wp-json\/wp\/v2\/pages\/1103","targetHints":{"allow":["GET"]}}],"collection":[{"href":"https:\/\/aist.fh-hagenberg.at\/index.php\/wp-json\/wp\/v2\/pages"}],"about":[{"href":"https:\/\/aist.fh-hagenberg.at\/index.php\/wp-json\/wp\/v2\/types\/page"}],"author":[{"embeddable":true,"href":"https:\/\/aist.fh-hagenberg.at\/index.php\/wp-json\/wp\/v2\/users\/10"}],"replies":[{"embeddable":true,"href":"https:\/\/aist.fh-hagenberg.at\/index.php\/wp-json\/wp\/v2\/comments?post=1103"}],"version-history":[{"count":17,"href":"https:\/\/aist.fh-hagenberg.at\/index.php\/wp-json\/wp\/v2\/pages\/1103\/revisions"}],"predecessor-version":[{"id":4231,"href":"https:\/\/aist.fh-hagenberg.at\/index.php\/wp-json\/wp\/v2\/pages\/1103\/revisions\/4231"}],"up":[{"embeddable":true,"href":"https:\/\/aist.fh-hagenberg.at\/index.php\/wp-json\/wp\/v2\/pages\/30"}],"wp:attachment":[{"href":"https:\/\/aist.fh-hagenberg.at\/index.php\/wp-json\/wp\/v2\/media?parent=1103"}],"wp:term":[{"taxonomy":"post_tag","embeddable":true,"href":"https:\/\/aist.fh-hagenberg.at\/index.php\/wp-json\/wp\/v2\/tags?post=1103"}],"curies":[{"name":"wp","href":"https:\/\/api.w.org\/{rel}","templated":true}]}}