{"id":1082,"date":"2018-01-16T15:08:37","date_gmt":"2018-01-16T14:08:37","guid":{"rendered":"https:\/\/ehealth.fh-hagenberg.at\/?page_id=1082"},"modified":"2020-05-29T08:48:13","modified_gmt":"2020-05-29T06:48:13","slug":"projekt-view-promotion","status":"publish","type":"page","link":"https:\/\/aist.fh-hagenberg.at\/index.php\/de\/projekte\/projekt-view-promotion","title":{"rendered":"Projekt View Promotion"},"content":{"rendered":"\t\t<div data-elementor-type=\"wp-page\" data-elementor-id=\"1082\" class=\"elementor elementor-1082\">\n\t\t\t\t\t\t<section class=\"elementor-section elementor-top-section elementor-element elementor-element-3a85279a elementor-section-boxed elementor-section-height-default elementor-section-height-default\" data-id=\"3a85279a\" data-element_type=\"section\" data-settings=\"{&quot;background_background&quot;:&quot;classic&quot;,&quot;animation&quot;:&quot;none&quot;}\">\n\t\t\t\t\t\t\t<div class=\"elementor-background-overlay\"><\/div>\n\t\t\t\t\t\t\t<div class=\"elementor-container elementor-column-gap-default\">\n\t\t\t\t\t<div class=\"elementor-column elementor-col-100 elementor-top-column elementor-element elementor-element-5f255a08\" data-id=\"5f255a08\" data-element_type=\"column\">\n\t\t\t<div class=\"elementor-widget-wrap elementor-element-populated\">\n\t\t\t\t\t\t<div class=\"elementor-element elementor-element-962d3ee elementor-widget elementor-widget-image\" data-id=\"962d3ee\" data-element_type=\"widget\" data-widget_type=\"image.default\">\n\t\t\t\t<div class=\"elementor-widget-container\">\n\t\t\t\t\t\t\t\t\t\t\t\t\t\t\t<img decoding=\"async\" width=\"300\" height=\"101\" src=\"https:\/\/aist.fh-hagenberg.at\/wp-content\/uploads\/2020\/05\/arise-300x101.png\" class=\"attachment-medium size-medium wp-image-3561\" alt=\"\" srcset=\"https:\/\/aist.fh-hagenberg.at\/wp-content\/uploads\/2020\/05\/arise-300x101.png 300w, https:\/\/aist.fh-hagenberg.at\/wp-content\/uploads\/2020\/05\/arise-1024x345.png 1024w, https:\/\/aist.fh-hagenberg.at\/wp-content\/uploads\/2020\/05\/arise-768x258.png 768w, https:\/\/aist.fh-hagenberg.at\/wp-content\/uploads\/2020\/05\/arise-1536x517.png 1536w, https:\/\/aist.fh-hagenberg.at\/wp-content\/uploads\/2020\/05\/arise-2048x689.png 2048w, https:\/\/aist.fh-hagenberg.at\/wp-content\/uploads\/2020\/05\/arise-720x242.png 720w\" sizes=\"(max-width: 300px) 100vw, 300px\" \/>\t\t\t\t\t\t\t\t\t\t\t\t\t\t\t<\/div>\n\t\t\t\t<\/div>\n\t\t\t\t\t<\/div>\n\t\t<\/div>\n\t\t\t\t\t<\/div>\n\t\t<\/section>\n\t\t\t\t<section class=\"elementor-section elementor-top-section elementor-element elementor-element-18f4f510 elementor-section-boxed elementor-section-height-default elementor-section-height-default\" data-id=\"18f4f510\" data-element_type=\"section\">\n\t\t\t\t\t\t<div class=\"elementor-container elementor-column-gap-default\">\n\t\t\t\t\t<div class=\"elementor-column elementor-col-100 elementor-top-column elementor-element elementor-element-79d2d223\" data-id=\"79d2d223\" data-element_type=\"column\">\n\t\t\t<div class=\"elementor-widget-wrap elementor-element-populated\">\n\t\t\t\t\t\t<div class=\"elementor-element elementor-element-fa096b9 elementor-widget elementor-widget-heading\" data-id=\"fa096b9\" data-element_type=\"widget\" data-widget_type=\"heading.default\">\n\t\t\t\t<div class=\"elementor-widget-container\">\n\t\t\t\t\t<h5 class=\"elementor-heading-title elementor-size-default\">ARISE \u2013 Advertisement Recommendation and Intelligent Scheduling for Elevators<\/h5>\t\t\t\t<\/div>\n\t\t\t\t<\/div>\n\t\t\t\t<div class=\"elementor-element elementor-element-5936c6d2 elementor-widget elementor-widget-text-editor\" data-id=\"5936c6d2\" data-element_type=\"widget\" data-widget_type=\"text-editor.default\">\n\t\t\t\t<div class=\"elementor-widget-container\">\n\t\t\t\t\t\t\t\t\t<p><span style=\"color: rgb(112, 112, 112);\">Im Rahmen des Forschungsprojekts ARISE wird in einer Partnerschaft zwischen VIEW Promotion GmbH und der FH O\u00d6 Hagenberg ein Notrufsystem f\u00fcr Personen mit H\u00f6rbeeintr\u00e4chtigungen entwickelt. In diesem Projekt wird, zus\u00e4tzlich zum herk\u00f6mmlichen Sprachnotruf, ein Terminal entwickelt, welches im Notfall einen Fragenkatalog an einem Bildschirm abspielt, welcher mit Ja\/Nein Tasten bedient werden kann. Um die Akzeptanz bei Aufzugsbetreibern zu steigern bietet VIEW das Terminalsystem so an, dass die Betriebskosten f\u00fcr den Aufzugsbetreiber entfallen und \u00fcber Werbung refinanziert werden. Dies ist der Fokuspunkt des derzeit laufenden Projekts ARISE, welches sich mit dem automatisierten Scheduling von Werbung in Aufz\u00fcgen besch\u00e4ftigt.<\/span><br><\/p>\t\t\t\t\t\t\t\t<\/div>\n\t\t\t\t<\/div>\n\t\t\t\t<div class=\"elementor-element elementor-element-61777604 elementor-widget-divider--separator-type-pattern elementor-widget-divider--view-line elementor-widget elementor-widget-divider\" data-id=\"61777604\" data-element_type=\"widget\" data-widget_type=\"divider.default\">\n\t\t\t\t<div class=\"elementor-widget-container\">\n\t\t\t\t\t\t\t<div class=\"elementor-divider\" style=\"--divider-pattern-url: url(&quot;data:image\/svg+xml,%3Csvg xmlns=&#039;http:\/\/www.w3.org\/2000\/svg&#039; preserveAspectRatio=&#039;none&#039; overflow=&#039;visible&#039; height=&#039;100%&#039; viewBox=&#039;0 0 24 24&#039; fill=&#039;none&#039; stroke=&#039;black&#039; stroke-width=&#039;1&#039; stroke-linecap=&#039;square&#039; stroke-miterlimit=&#039;10&#039;%3E%3Cpolyline points=&#039;0,18 12,6 24,18 &#039;\/%3E%3C\/svg%3E&quot;);\">\n\t\t\t<span class=\"elementor-divider-separator\">\n\t\t\t\t\t\t<\/span>\n\t\t<\/div>\n\t\t\t\t\t\t<\/div>\n\t\t\t\t<\/div>\n\t\t\t\t<div class=\"elementor-element elementor-element-56b9d3d9 elementor-widget elementor-widget-text-editor\" data-id=\"56b9d3d9\" data-element_type=\"widget\" data-widget_type=\"text-editor.default\">\n\t\t\t\t<div class=\"elementor-widget-container\">\n\t\t\t\t\t\t\t\t\t<p><strong>Laufzeit:\u00a0<\/strong>01.01.2015 &#8211; 31.12.2016<br \/><strong>Partner:\u00a0<\/strong>VIEW Promotion GmbH<br \/><strong>F\u00f6rdergeber\/-programm:\u00a0<\/strong>FFG &#8211; Basic<\/p>\t\t\t\t\t\t\t\t<\/div>\n\t\t\t\t<\/div>\n\t\t\t\t<div class=\"elementor-element elementor-element-d9d18da elementor-widget-divider--separator-type-pattern elementor-widget-divider--view-line elementor-widget elementor-widget-divider\" data-id=\"d9d18da\" data-element_type=\"widget\" data-widget_type=\"divider.default\">\n\t\t\t\t<div class=\"elementor-widget-container\">\n\t\t\t\t\t\t\t<div class=\"elementor-divider\" style=\"--divider-pattern-url: url(&quot;data:image\/svg+xml,%3Csvg xmlns=&#039;http:\/\/www.w3.org\/2000\/svg&#039; preserveAspectRatio=&#039;none&#039; overflow=&#039;visible&#039; height=&#039;100%&#039; viewBox=&#039;0 0 24 24&#039; fill=&#039;none&#039; stroke=&#039;black&#039; stroke-width=&#039;1&#039; stroke-linecap=&#039;square&#039; stroke-miterlimit=&#039;10&#039;%3E%3Cpolyline points=&#039;0,18 12,6 24,18 &#039;\/%3E%3C\/svg%3E&quot;);\">\n\t\t\t<span class=\"elementor-divider-separator\">\n\t\t\t\t\t\t<\/span>\n\t\t<\/div>\n\t\t\t\t\t\t<\/div>\n\t\t\t\t<\/div>\n\t\t\t\t<div class=\"elementor-element elementor-element-5fce480 elementor-widget elementor-widget-text-editor\" data-id=\"5fce480\" data-element_type=\"widget\" data-widget_type=\"text-editor.default\">\n\t\t\t\t<div class=\"elementor-widget-container\">\n\t\t\t\t\t\t\t\t\t<div id=\"panel-1082-2-0-1\" class=\"so-panel widget widget_sow-editor\" data-index=\"4\"><div class=\"so-widget-sow-editor so-widget-sow-editor-base\"><div class=\"siteorigin-widget-tinymce textwidget\"><p><strong>2016 &#8211; Heuristics for Job Shop Scheduling with Volatile Machine Constraints<\/strong><br \/>IEEE Advanced Information Management,Communicates,Electronic and Automation Control Conference, Xi&#8217;an, Xi&#8217;an, China, 2016 (<a href=\"http:\/\/research.fh-ooe.at\/de\/publication\/5508\" target=\"_blank\" rel=\"noopener\">Details<\/a>)<br \/>O. Krauss, D. Wilfing, A. Schuler<\/p><\/div><\/div><\/div><div id=\"panel-1082-2-0-2\" class=\"so-panel widget widget_sow-editor panel-last-child\" data-index=\"5\"><div class=\"so-widget-sow-editor so-widget-sow-editor-base\"><div class=\"siteorigin-widget-tinymce textwidget\"><p><strong>2016 &#8211; Elevator Simulation for Testing Advertisement Scheduling Systems<\/strong><br \/>IEEE Advanced Information Management,Communicates,Electronic and Automation Control Conference, Xi&#8217;an, Xi&#8217;an, China, 2016 (<a href=\"http:\/\/research.fh-ooe.at\/de\/publication\/5509\" target=\"_blank\" rel=\"noopener\">Details<\/a>)<br \/>D. Wilfing, O. Krauss, A. Schuler<\/p><\/div><\/div><\/div>\t\t\t\t\t\t\t\t<\/div>\n\t\t\t\t<\/div>\n\t\t\t\t\t<\/div>\n\t\t<\/div>\n\t\t\t\t\t<\/div>\n\t\t<\/section>\n\t\t\t\t<\/div>\n\t\t","protected":false},"excerpt":{"rendered":"<p>ARISE \u2013 Advertisement Recommendation and Intelligent Scheduling for Elevators Im Rahmen des Forschungsprojekts ARISE wird in einer Partnerschaft zwischen VIEW [&hellip;]<\/p>\n","protected":false},"author":10,"featured_media":0,"parent":30,"menu_order":0,"comment_status":"closed","ping_status":"closed","template":"","meta":{"footnotes":""},"tags":[],"class_list":["post-1082","page","type-page","status-publish","hentry","col-lg-4 col-md-6"],"_links":{"self":[{"href":"https:\/\/aist.fh-hagenberg.at\/index.php\/wp-json\/wp\/v2\/pages\/1082","targetHints":{"allow":["GET"]}}],"collection":[{"href":"https:\/\/aist.fh-hagenberg.at\/index.php\/wp-json\/wp\/v2\/pages"}],"about":[{"href":"https:\/\/aist.fh-hagenberg.at\/index.php\/wp-json\/wp\/v2\/types\/page"}],"author":[{"embeddable":true,"href":"https:\/\/aist.fh-hagenberg.at\/index.php\/wp-json\/wp\/v2\/users\/10"}],"replies":[{"embeddable":true,"href":"https:\/\/aist.fh-hagenberg.at\/index.php\/wp-json\/wp\/v2\/comments?post=1082"}],"version-history":[{"count":8,"href":"https:\/\/aist.fh-hagenberg.at\/index.php\/wp-json\/wp\/v2\/pages\/1082\/revisions"}],"predecessor-version":[{"id":3566,"href":"https:\/\/aist.fh-hagenberg.at\/index.php\/wp-json\/wp\/v2\/pages\/1082\/revisions\/3566"}],"up":[{"embeddable":true,"href":"https:\/\/aist.fh-hagenberg.at\/index.php\/wp-json\/wp\/v2\/pages\/30"}],"wp:attachment":[{"href":"https:\/\/aist.fh-hagenberg.at\/index.php\/wp-json\/wp\/v2\/media?parent=1082"}],"wp:term":[{"taxonomy":"post_tag","embeddable":true,"href":"https:\/\/aist.fh-hagenberg.at\/index.php\/wp-json\/wp\/v2\/tags?post=1082"}],"curies":[{"name":"wp","href":"https:\/\/api.w.org\/{rel}","templated":true}]}}